{"id":23855,"date":"2025-02-20T23:31:48","date_gmt":"2025-02-20T22:31:48","guid":{"rendered":"https:\/\/olemosaic.com\/producto\/coruja-figura-em-mosaico-de-6-cm\/"},"modified":"2025-02-20T23:31:48","modified_gmt":"2025-02-20T22:31:48","slug":"coruja-figura-em-mosaico-de-6-cm","status":"publish","type":"product","link":"https:\/\/olemosaic.com\/pt-pt\/produto\/coruja-figura-em-mosaico-de-6-cm\/","title":{"rendered":"Coruja. Figura em mosaico de 6 cm."},"content":{"rendered":"<p>Esta encantadora coruja de resina, com 6 cm de altura, \u00e9 uma lembran\u00e7a vibrante que representa a rica tradi\u00e7\u00e3o do artesanato espanhol. Cada figura parece ter sido pintada \u00e0 m\u00e3o, garantindo que cada pe\u00e7a \u00e9 \u00fanica e cheia de car\u00e1cter. Destaca-se pelos seus grandes olhos amarelos que cativam o olhar, e a sua plumagem exibe uma impressionante variedade de cores: azul, verde, vermelho e amarelo, com um desenho em forma de escama que acrescenta profundidade e textura ao objeto. Esta obra de arte n\u00e3o \u00e9 apenas um elemento decorativo atraente, mas tamb\u00e9m simboliza a sabedoria e a liga\u00e7\u00e3o com a natureza, reflectindo o folclore e a cultura espanhola. Ideal para embelezar qualquer canto da tua casa, esta coruja \u00e9 a lembran\u00e7a perfeita para aqueles que querem levar para casa um aut\u00eantico peda\u00e7o de Espanha. Na Ol\u00e9 MOSAIC, somos especialistas na distribui\u00e7\u00e3o grossista de lembran\u00e7as e oferecemos-te produtos que se destacam pela sua qualidade e autenticidade. Esta coruja pintada \u00e0 m\u00e3o \u00e9 uma excelente op\u00e7\u00e3o para as lojas de lembran\u00e7as tur\u00edsticas, pois combina funcionalidade, beleza e um toque cultural que far\u00e1 as del\u00edcias dos visitantes. Com esta coruja de resina, transformar\u00e1s qualquer espa\u00e7o numa homenagem \u00e0s tradi\u00e7\u00f5es artesanais de Espanha.       <\/p>\n","protected":false},"excerpt":{"rendered":"<p>Estatueta de coruja de 6 cm, design artesanal, pintada \u00e0 m\u00e3o, com cores vibrantes. Esta encantadora figura representa uma coruja com grandes olhos amarelos e plumagem em tons de azul, verde, vermelho e amarelo, destacando-se o seu desenho pormenorizado em forma de escamas. Cada pe\u00e7a \u00e9 \u00fanica, reflectindo o artesanato tradicional, tornando-a uma bela lembran\u00e7a do folclore espanhol. Ideal para decorar qualquer canto da tua casa.   <\/p>\n","protected":false},"featured_media":8266,"template":"","meta":{"_acf_changed":false},"product_brand":[],"product_cat":[552],"product_tag":[516],"class_list":{"0":"post-23855","1":"product","2":"type-product","3":"status-publish","4":"has-post-thumbnail","6":"product_cat-numeros","7":"product_tag-animais","8":"pa_motivo-corujas","10":"first","11":"instock","12":"shipping-taxable","13":"product-type-simple"},"acf":[],"_links":{"self":[{"href":"https:\/\/olemosaic.com\/pt-pt\/wp-json\/wp\/v2\/product\/23855","targetHints":{"allow":["GET"]}}],"collection":[{"href":"https:\/\/olemosaic.com\/pt-pt\/wp-json\/wp\/v2\/product"}],"about":[{"href":"https:\/\/olemosaic.com\/pt-pt\/wp-json\/wp\/v2\/types\/product"}],"wp:featuredmedia":[{"embeddable":true,"href":"https:\/\/olemosaic.com\/pt-pt\/wp-json\/wp\/v2\/media\/8266"}],"wp:attachment":[{"href":"https:\/\/olemosaic.com\/pt-pt\/wp-json\/wp\/v2\/media?parent=23855"}],"wp:term":[{"taxonomy":"product_brand","embeddable":true,"href":"https:\/\/olemosaic.com\/pt-pt\/wp-json\/wp\/v2\/product_brand?post=23855"},{"taxonomy":"product_cat","embeddable":true,"href":"https:\/\/olemosaic.com\/pt-pt\/wp-json\/wp\/v2\/product_cat?post=23855"},{"taxonomy":"product_tag","embeddable":true,"href":"https:\/\/olemosaic.com\/pt-pt\/wp-json\/wp\/v2\/product_tag?post=23855"}],"curies":[{"name":"wp","href":"https:\/\/api.w.org\/{rel}","templated":true}]}}