{"id":23830,"date":"2025-02-20T23:31:47","date_gmt":"2025-02-20T22:31:47","guid":{"rendered":"https:\/\/olemosaic.com\/producto\/taca-de-coco-fucsia-flor-motivo-dourado\/"},"modified":"2025-11-21T13:15:21","modified_gmt":"2025-11-21T12:15:21","slug":"taca-de-coco-fucsia-flor-motivo-dourado","status":"publish","type":"product","link":"https:\/\/olemosaic.com\/pt-pt\/produto\/taca-de-coco-fucsia-flor-motivo-dourado\/","title":{"rendered":"Ta\u00e7a de coco f\u00facsia. Flor.  Motivo dourado."},"content":{"rendered":"<p>Esta bonita ta\u00e7a para cocos, num f\u00facsia vibrante, \u00e9 um exemplo claro do artesanato tradicional e do estilo contempor\u00e2neo. Pintada \u00e0 m\u00e3o, apresenta uma superf\u00edcie com delicadas manchas cor-de-rosa que se entrela\u00e7am com um motivo central dourado de uma flor estilizada, criando um contraste visual cativante. A forma redonda e o acabamento brilhante da ta\u00e7a conferem-lhe um toque moderno e fazem dela um elemento decorativo atrativo para qualquer casa.  <\/p>\n<p>Esta ta\u00e7a \u00e9 uma pe\u00e7a vers\u00e1til, ideal como centro de mesa ou para guardar pequenos objectos decorativos. O seu design \u00fanico real\u00e7a a riqueza do artesanato local, relembrando aos turistas a beleza dos produtos da regi\u00e3o. Cada ta\u00e7a \u00e9 uma obra de arte em si mesma, uma lembran\u00e7a que capta a ess\u00eancia cultural, representando a tradi\u00e7\u00e3o e o folclore da regi\u00e3o.  <\/p>\n<p>Na Ol\u00e9 MOSAIC, somos especialistas na distribui\u00e7\u00e3o de lembran\u00e7as por grosso, oferecendo produtos aut\u00eanticos que ligam os turistas ao patrim\u00f3nio cultural espanhol. Esta ta\u00e7a de coco f\u00facsia n\u00e3o \u00e9 apenas um acess\u00f3rio decorativo, mas uma lembran\u00e7a significativa que ir\u00e1 deliciar os visitantes que procuram lembran\u00e7as de qualidade e culturalmente relevantes. Como grossista de produtos artesanais, garantimos o design, a criatividade e a autenticidade de cada pe\u00e7a.  <\/p>\n","protected":false},"excerpt":{"rendered":"<p>Ta\u00e7a para cocos numa cor f\u00facsia vibrante, adornada com um delicado desenho floral. Esta ta\u00e7a elegante apresenta um design de superf\u00edcie artesanal pintado \u00e0 m\u00e3o com manchas cor-de-rosa, que se misturam perfeitamente com o motivo central dourado de uma flor estilizada. O seu acabamento brilhante e a forma arredondada d\u00e3o-lhe um toque moderno e atraente, ideal para real\u00e7ar a beleza de qualquer espa\u00e7o. Perfeito como centro de mesa ou para guardar pequenos objectos decorativos.   <\/p>\n","protected":false},"featured_media":11856,"template":"","meta":{"_acf_changed":false},"product_brand":[],"product_cat":[513],"product_tag":[],"class_list":{"0":"post-23830","1":"product","2":"type-product","3":"status-publish","4":"has-post-thumbnail","6":"product_cat-bols","7":"pa_motivo-flores","9":"first","10":"instock","11":"shipping-taxable","12":"product-type-simple"},"acf":[],"_links":{"self":[{"href":"https:\/\/olemosaic.com\/pt-pt\/wp-json\/wp\/v2\/product\/23830","targetHints":{"allow":["GET"]}}],"collection":[{"href":"https:\/\/olemosaic.com\/pt-pt\/wp-json\/wp\/v2\/product"}],"about":[{"href":"https:\/\/olemosaic.com\/pt-pt\/wp-json\/wp\/v2\/types\/product"}],"wp:featuredmedia":[{"embeddable":true,"href":"https:\/\/olemosaic.com\/pt-pt\/wp-json\/wp\/v2\/media\/11856"}],"wp:attachment":[{"href":"https:\/\/olemosaic.com\/pt-pt\/wp-json\/wp\/v2\/media?parent=23830"}],"wp:term":[{"taxonomy":"product_brand","embeddable":true,"href":"https:\/\/olemosaic.com\/pt-pt\/wp-json\/wp\/v2\/product_brand?post=23830"},{"taxonomy":"product_cat","embeddable":true,"href":"https:\/\/olemosaic.com\/pt-pt\/wp-json\/wp\/v2\/product_cat?post=23830"},{"taxonomy":"product_tag","embeddable":true,"href":"https:\/\/olemosaic.com\/pt-pt\/wp-json\/wp\/v2\/product_tag?post=23830"}],"curies":[{"name":"wp","href":"https:\/\/api.w.org\/{rel}","templated":true}]}}