{"id":23824,"date":"2025-02-20T23:31:47","date_gmt":"2025-02-20T22:31:47","guid":{"rendered":"https:\/\/olemosaic.com\/producto\/taca-de-ceramica-de-9-cm-salamandra-barcelona-bege\/"},"modified":"2025-02-20T23:31:47","modified_gmt":"2025-02-20T22:31:47","slug":"taca-de-ceramica-de-9-cm-salamandra-barcelona-bege","status":"publish","type":"product","link":"https:\/\/olemosaic.com\/pt-pt\/produto\/taca-de-ceramica-de-9-cm-salamandra-barcelona-bege\/","title":{"rendered":"Ta\u00e7a de cer\u00e2mica de 9 cm. Salamandra. Barcelona. Bege"},"content":{"rendered":"<p>Esta encantadora tigela de cer\u00e2mica de 9 cm \u00e9 uma recorda\u00e7\u00e3o vibrante que capta a ess\u00eancia de Barcelona. Com um design apelativo, apresenta salamandras em tons de vermelho, verde e azul entrela\u00e7adas com flores sobre um fundo bege, criando uma composi\u00e7\u00e3o visual alegre e din\u00e2mica. O texto &#8220;Barcelona&#8221; destaca-se numa tipografia colorida, acrescentando um toque pessoal e ind\u00edgena ao design. O interior da ta\u00e7a brilha com um acabamento vermelho vibrante, que n\u00e3o s\u00f3 real\u00e7a o seu car\u00e1cter art\u00edstico, como tamb\u00e9m confere um toque contempor\u00e2neo a qualquer cozinha.   <\/p>\n<p>Esta tigela n\u00e3o \u00e9 apenas um utens\u00edlio, mas um elemento decorativo que acrescenta um toque mediterr\u00e2nico, ideal para quem procura uma lembran\u00e7a aut\u00eantica representativa da cultura catal\u00e3. A salamandra, s\u00edmbolo de boa sorte e de transforma\u00e7\u00e3o em muitas tradi\u00e7\u00f5es mediterr\u00e2nicas, ocupa o lugar central neste design, tornando cada utiliza\u00e7\u00e3o n\u00e3o s\u00f3 um momento pr\u00e1tico, mas tamb\u00e9m uma homenagem \u00e0 rica hist\u00f3ria da regi\u00e3o. <\/p>\n<p>Na Ol\u00e9 MOSAIC somos especialistas na distribui\u00e7\u00e3o de lembran\u00e7as de qualidade por grosso, como esta salamandra de cer\u00e2mica, que \u00e9 uma excelente op\u00e7\u00e3o para as lojas de lembran\u00e7as tur\u00edsticas. Com um equil\u00edbrio perfeito entre funcionalidade e est\u00e9tica, este produto \u00e9 uma magn\u00edfica recorda\u00e7\u00e3o do brilho cultural de Barcelona, transformando cada momento \u00e0 mesa num instante cheio de cor e tradi\u00e7\u00e3o. <\/p>\n","protected":false},"excerpt":{"rendered":"<p>Ta\u00e7a de cer\u00e2mica de 9 cm, decorada com atraentes salamandras e o texto &#8220;Barcelona&#8221;. Esta tigela atraente apresenta um design colorido, com salamandras em tons de vermelho, verde e azul entrela\u00e7adas entre flores sobre um fundo bege. O interior apresenta um acabamento vermelho vibrante, que real\u00e7a o seu car\u00e1cter art\u00edstico e alegre. Ideal como lembran\u00e7a ou para dar um toque original a qualquer cozinha.   <\/p>\n","protected":false},"featured_media":7374,"template":"","meta":{"_acf_changed":false},"product_brand":[],"product_cat":[513],"product_tag":[516,515],"class_list":{"0":"post-23824","1":"product","2":"type-product","3":"status-publish","4":"has-post-thumbnail","6":"product_cat-bols","7":"product_tag-animais","8":"product_tag-ceramica","9":"pa_ciudad-barcelona","10":"pa_motivo-salamandras","11":"pa_pais-espana","13":"first","14":"instock","15":"shipping-taxable","16":"product-type-simple"},"acf":[],"_links":{"self":[{"href":"https:\/\/olemosaic.com\/pt-pt\/wp-json\/wp\/v2\/product\/23824","targetHints":{"allow":["GET"]}}],"collection":[{"href":"https:\/\/olemosaic.com\/pt-pt\/wp-json\/wp\/v2\/product"}],"about":[{"href":"https:\/\/olemosaic.com\/pt-pt\/wp-json\/wp\/v2\/types\/product"}],"wp:featuredmedia":[{"embeddable":true,"href":"https:\/\/olemosaic.com\/pt-pt\/wp-json\/wp\/v2\/media\/7374"}],"wp:attachment":[{"href":"https:\/\/olemosaic.com\/pt-pt\/wp-json\/wp\/v2\/media?parent=23824"}],"wp:term":[{"taxonomy":"product_brand","embeddable":true,"href":"https:\/\/olemosaic.com\/pt-pt\/wp-json\/wp\/v2\/product_brand?post=23824"},{"taxonomy":"product_cat","embeddable":true,"href":"https:\/\/olemosaic.com\/pt-pt\/wp-json\/wp\/v2\/product_cat?post=23824"},{"taxonomy":"product_tag","embeddable":true,"href":"https:\/\/olemosaic.com\/pt-pt\/wp-json\/wp\/v2\/product_tag?post=23824"}],"curies":[{"name":"wp","href":"https:\/\/api.w.org\/{rel}","templated":true}]}}