{"id":23634,"date":"2025-02-10T10:48:46","date_gmt":"2025-02-10T09:48:46","guid":{"rendered":"https:\/\/olemosaic.com\/politica-de-privacidade\/"},"modified":"2026-01-09T21:03:55","modified_gmt":"2026-01-09T20:03:55","slug":"politica-de-privacidade","status":"publish","type":"page","link":"https:\/\/olemosaic.com\/pt-pt\/politica-de-privacidade\/","title":{"rendered":"Pol\u00edtica de privacidade"},"content":{"rendered":"\t\t<div data-elementor-type=\"wp-page\" data-elementor-id=\"23634\" class=\"elementor elementor-23634 elementor-3\" data-elementor-post-type=\"page\">\n\t\t\t\t<div class=\"elementor-element elementor-element-216e28d hero e-flex e-con-boxed e-con e-parent\" data-id=\"216e28d\" data-element_type=\"container\" data-e-type=\"container\" data-settings=\"{&quot;background_background&quot;:&quot;classic&quot;}\">\n\t\t\t\t\t<div class=\"e-con-inner\">\n\t\t\t\t<div class=\"elementor-element elementor-element-477c864 elementor-widget__width-initial elementor-widget elementor-widget-heading\" data-id=\"477c864\" data-element_type=\"widget\" data-e-type=\"widget\" data-widget_type=\"heading.default\">\n\t\t\t\t<div class=\"elementor-widget-container\">\n\t\t\t\t\t<h1 class=\"elementor-heading-title elementor-size-default\">Pol\u00edtica de privacidade e de cookies<\/h1>\t\t\t\t<\/div>\n\t\t\t\t<\/div>\n\t\t\t\t\t<\/div>\n\t\t\t\t<\/div>\n\t\t<main class=\"elementor-element elementor-element-5aac3a8 e-flex e-con-boxed e-con e-parent\" data-id=\"5aac3a8\" data-element_type=\"container\" data-e-type=\"container\" data-settings=\"{&quot;background_background&quot;:&quot;classic&quot;}\">\n\t\t\t\t\t<div class=\"e-con-inner\">\n\t\t\t\t<div class=\"elementor-element elementor-element-8100250 elementor-widget elementor-widget-text-editor\" data-id=\"8100250\" data-element_type=\"widget\" data-e-type=\"widget\" data-widget_type=\"text-editor.default\">\n\t\t\t\t<div class=\"elementor-widget-container\">\n\t\t\t\t\t\t\t\t\t<div class=\"fusion-text fusion-text-11\">\n<p data-start=\"0\" data-end=\"206\">Em cumprimento do disposto na Lei 34\/2002, de 11 de julho, de Servi\u00e7os da Sociedade da Informa\u00e7\u00e3o e Com\u00e9rcio Eletr\u00f3nico (LSSI-CE), informamos-te que este s\u00edtio web \u00e9 propriedade de:<\/p>\n<p data-start=\"208\" data-end=\"489\"><strong data-start=\"208\" data-end=\"225\">Nome da empresa:<\/strong> Ole Mosaic SL (a seguir designada &#8220;Ole Mosaic&#8221;)<br data-start=\"265\" data-end=\"268\"><strong data-start=\"268\" data-end=\"276\">N.\u00ba DE IVA:<\/strong> B67396926<br data-start=\"286\" data-end=\"289\"><strong data-start=\"289\" data-end=\"310\">Sede social:<\/strong> Carrer de la Fusteria, 6-8, 2B. 08002 Barcelona (Espanha) <br data-start=\"367\" data-end=\"370\"><strong data-start=\"370\" data-end=\"383\">Telefone:<\/strong> 933 194 188<br data-start=\"395\" data-end=\"398\"><strong data-start=\"398\" data-end=\"433\">Endere\u00e7o eletr\u00f3nico de contacto:<\/strong> <a class=\"cursor-pointer\" rel=\"noopener\" data-start=\"434\" data-end=\"452\">info@olemosaic.com<\/a><br data-start=\"452\" data-end=\"455\"><strong data-start=\"455\" data-end=\"469\">Visita o site:<\/strong> <a class=\"\" href=\"http:\/\/www.olemosaic.com\" target=\"_new\" rel=\"noopener\" data-start=\"470\" data-end=\"487\">www.olemosaic.com<\/a><\/p>\n<p data-start=\"491\" data-end=\"613\">A Ole Mosaic \u00e9 uma empresa sediada em Barcelona que se dedica ao fabrico de lembran\u00e7as e presentes tur\u00edsticos com desenhos em mosaico.<\/p>\n<p data-start=\"615\" data-end=\"880\">O acesso e a utiliza\u00e7\u00e3o deste site atribui a condi\u00e7\u00e3o de utilizador, implicando a aceita\u00e7\u00e3o plena e sem reservas das condi\u00e7\u00f5es contidas no presente Aviso Legal, que podem ser modificadas pela Ole Mosaic em qualquer momento, sem aviso pr\u00e9vio.<\/p>\n<hr data-start=\"882\" data-end=\"885\">\n<h2 data-start=\"887\" data-end=\"915\">1. pol\u00edtica de privacidade<\/h2>\n<p data-start=\"917\" data-end=\"1159\">A finalidade do tratamento dos dados pessoais recolhidos atrav\u00e9s deste site \u00e9 a gest\u00e3o de clientes, consultas e o envio de comunica\u00e7\u00f5es informativas e comerciais relacionadas com os produtos e servi\u00e7os da Ole Mosaic.<\/p>\n<ul data-start=\"1161\" data-end=\"2003\">\n<li data-start=\"1161\" data-end=\"1275\">\n<p data-start=\"1163\" data-end=\"1275\"><strong data-start=\"1163\" data-end=\"1178\">Base jur\u00eddica:<\/strong> consentimento do utilizador, execu\u00e7\u00e3o de um contrato ou rela\u00e7\u00e3o pr\u00e9-contratual, quando aplic\u00e1vel.<\/p>\n<\/li>\n<li data-start=\"1276\" data-end=\"1464\">\n<p data-start=\"1278\" data-end=\"1464\"><strong data-start=\"1278\" data-end=\"1304\">Conserva\u00e7\u00e3o dos dados:<\/strong> durante o tempo necess\u00e1rio para cumprir a finalidade para a qual foram recolhidos e, posteriormente, bloqueados de acordo com os per\u00edodos de conserva\u00e7\u00e3o legais.<\/p>\n<\/li>\n<li data-start=\"1465\" data-end=\"1768\">\n<p data-start=\"1467\" data-end=\"1768\"><strong data-start=\"1467\" data-end=\"1492\">Direitos do utilizador:<\/strong> acesso, retifica\u00e7\u00e3o, supress\u00e3o, limita\u00e7\u00e3o, oposi\u00e7\u00e3o, portabilidade e direito a n\u00e3o ser objeto de decis\u00f5es individualizadas automatizadas. Para exercer estes direitos, escreve para Ole Mosaic, Carrer de la Fusteria, 6-8, 2B, 08002 Barcelona, ou envia um e-mail para <a class=\"cursor-pointer\" rel=\"noopener\" data-start=\"1747\" data-end=\"1765\">info@olemosaic.com.<\/a> <\/p>\n<\/li>\n<li data-start=\"1769\" data-end=\"2003\">\n<p data-start=\"1771\" data-end=\"2003\"><strong data-start=\"1771\" data-end=\"1796\">Medidas de seguran\u00e7a:<\/strong> Ole Mosaic adopta as medidas t\u00e9cnicas e organizativas necess\u00e1rias para garantir a confidencialidade, integridade e disponibilidade dos dados, em conformidade com o Regulamento Geral de Prote\u00e7\u00e3o de Dados (RGPD).<\/p>\n<\/li>\n<\/ul>\n<hr data-start=\"2005\" data-end=\"2008\">\n<h2 data-start=\"2010\" data-end=\"2035\">2. Pol\u00edtica de cookies<\/h2>\n<p data-start=\"2037\" data-end=\"2227\">Em conformidade com o artigo 22.2 da LSSI-CE e com o Guia sobre o uso de cookies da Ag\u00eancia Espanhola de Prote\u00e7\u00e3o de Dados, este site utiliza cookies pr\u00f3prios e de terceiros para:<\/p>\n<ol data-start=\"2229\" data-end=\"2684\">\n<li data-start=\"2229\" data-end=\"2375\">\n<p data-start=\"2232\" data-end=\"2275\"><strong data-start=\"2232\" data-end=\"2273\">Cookies t\u00e9cnicos e de personaliza\u00e7\u00e3o<\/strong><\/p>\n<ul data-start=\"2279\" data-end=\"2375\">\n<li data-start=\"2279\" data-end=\"2375\">\n<p data-start=\"2281\" data-end=\"2375\">Necess\u00e1rio para a navega\u00e7\u00e3o e o funcionamento correto do s\u00edtio Web (por exemplo, l\u00edngua, sess\u00e3o).<\/p>\n<\/li>\n<\/ul>\n<\/li>\n<li data-start=\"2376\" data-end=\"2536\">\n<p data-start=\"2379\" data-end=\"2403\"><strong data-start=\"2379\" data-end=\"2401\">Cookies anal\u00edticos<\/strong><\/p>\n<ul data-start=\"2407\" data-end=\"2536\">\n<li data-start=\"2407\" data-end=\"2536\">\n<p data-start=\"2409\" data-end=\"2536\">Permitem quantificar o n\u00famero de utilizadores e analisar a sua navega\u00e7\u00e3o, a fim de melhorar a oferta de produtos e servi\u00e7os.<\/p>\n<\/li>\n<\/ul>\n<\/li>\n<li data-start=\"2537\" data-end=\"2684\">\n<p data-start=\"2540\" data-end=\"2567\"><strong data-start=\"2540\" data-end=\"2565\">Cookies de publicidade<\/strong><\/p>\n<ul data-start=\"2571\" data-end=\"2684\">\n<li data-start=\"2571\" data-end=\"2684\">\n<p data-start=\"2573\" data-end=\"2684\">Utilizado para criar um perfil de h\u00e1bitos de navega\u00e7\u00e3o e apresentar publicidade relacionada com os teus interesses.<\/p>\n<\/li>\n<\/ul>\n<\/li>\n<\/ol>\n<h3 data-start=\"2686\" data-end=\"2725\">2.1. Consentimento e desativa\u00e7\u00e3o<\/h3>\n<p data-start=\"2727\" data-end=\"2917\">Quando acedes ao s\u00edtio pela primeira vez, \u00e9 apresentado um banner informativo solicitando o teu consentimento para a utiliza\u00e7\u00e3o de cookies. Podes revogar ou modificar o teu consentimento em qualquer altura: <\/p>\n<ul data-start=\"2919\" data-end=\"3328\">\n<li data-start=\"2919\" data-end=\"2984\">\n<p data-start=\"2921\" data-end=\"2984\"><strong data-start=\"2921\" data-end=\"2948\">No pr\u00f3prio banner:<\/strong> clica em &#8220;Configurar cookies&#8221;.<\/p>\n<\/li>\n<li data-start=\"2985\" data-end=\"3328\">\n<p data-start=\"2987\" data-end=\"3012\"><strong data-start=\"2987\" data-end=\"3010\">A partir do teu browser:<\/strong><\/p>\n<ul data-start=\"3015\" data-end=\"3328\">\n<li data-start=\"3015\" data-end=\"3098\">\n<p data-start=\"3017\" data-end=\"3098\"><strong data-start=\"3017\" data-end=\"3028\">Chrome:<\/strong> Defini\u00e7\u00f5es \u2192 Privacidade e seguran\u00e7a \u2192 Cookies e outros dados do site.<\/p>\n<\/li>\n<li data-start=\"3101\" data-end=\"3184\">\n<p data-start=\"3103\" data-end=\"3184\"><strong data-start=\"3103\" data-end=\"3115\">Firefox:<\/strong> Prefer\u00eancias \u2192 Privacidade e seguran\u00e7a \u2192 Cookies e dados do s\u00edtio.<\/p>\n<\/li>\n<li data-start=\"3187\" data-end=\"3269\">\n<p data-start=\"3189\" data-end=\"3269\"><strong data-start=\"3189\" data-end=\"3208\">Safari (macOS):<\/strong> Prefer\u00eancias \u2192 Privacidade \u2192 Gerir dados do site.<\/p>\n<\/li>\n<li data-start=\"3272\" data-end=\"3328\">\n<p data-start=\"3274\" data-end=\"3328\"><strong data-start=\"3274\" data-end=\"3283\">Edge:<\/strong> Defini\u00e7\u00f5es \u2192 Cookies e permiss\u00f5es do site.<\/p>\n<\/li>\n<\/ul>\n<\/li>\n<\/ul>\n<p data-start=\"3330\" data-end=\"3430\">Para mais informa\u00e7\u00f5es, consulta a nossa <a class=\"cursor-pointer\" rel=\"noopener\" data-start=\"3369\" data-end=\"3429\">Pol\u00edtica de Cookies.<\/a><\/p>\n<hr data-start=\"3432\" data-end=\"3435\">\n<h2 data-start=\"3437\" data-end=\"3477\">3. Propriedade intelectual e industrial<\/h2>\n<p data-start=\"3479\" data-end=\"3768\">A propriedade intelectual e industrial de todos os conte\u00fados do site, incluindo textos, imagens, desenhos e log\u00f3tipos, \u00e9 propriedade da Ole Mosaic, ou disp\u00f5e dos direitos necess\u00e1rios para a sua utiliza\u00e7\u00e3o e reprodu\u00e7\u00e3o. \u00c9 proibida a sua reprodu\u00e7\u00e3o total ou parcial sem autoriza\u00e7\u00e3o expressa. <\/p>\n<hr data-start=\"3770\" data-end=\"3773\">\n<h2 data-start=\"3775\" data-end=\"3799\">4. Liga\u00e7\u00f5es a terceiros<\/h2>\n<p data-start=\"3801\" data-end=\"4037\">Este site pode conter liga\u00e7\u00f5es a sites externos sobre os quais a Ole Mosaic n\u00e3o tem qualquer controlo. Por conseguinte, a OLE MOSAIC n\u00e3o \u00e9 respons\u00e1vel pelo conte\u00fado, pelas pol\u00edticas de privacidade ou pelo tratamento de dados que essas p\u00e1ginas possam efetuar. <\/p>\n<hr data-start=\"4039\" data-end=\"4042\">\n<h2 data-start=\"4044\" data-end=\"4064\">5. Altera\u00e7\u00f5es<\/h2>\n<p data-start=\"4066\" data-end=\"4306\">A Ole Mosaic pode modificar este Aviso Legal a qualquer momento, adaptando-o a novas legisla\u00e7\u00f5es ou altera\u00e7\u00f5es na sua atividade, informando o utilizador de qualquer modifica\u00e7\u00e3o relevante que afecte o tratamento de dados pessoais.<\/p>\n<p data-start=\"4308\" data-end=\"4354\" data-is-last-node=\"\" data-is-only-node=\"\"><strong data-start=\"4308\" data-end=\"4333\">\u00daltima atualiza\u00e7\u00e3o:<\/strong> 6 de agosto de 2025.<\/p>\n<\/div>\n\t\t\t\t\t\t\t\t<\/div>\n\t\t\t\t<\/div>\n\t\t\t\t\t<\/div>\n\t\t\t\t<\/main>\n\t\t\t\t<\/div>\n\t\t","protected":false},"excerpt":{"rendered":"<p>Pol\u00edtica de privacidade e de cookies Em cumprimento do disposto na Lei 34\/2002, de 11 de julho, de Servi\u00e7os da Sociedade da Informa\u00e7\u00e3o e Com\u00e9rcio Eletr\u00f3nico (LSSI-CE), informamos-te que este s\u00edtio web \u00e9 propriedade de: Nome da empresa: Ole Mosaic SL (a seguir designada &#8220;Ole Mosaic&#8221;)N.\u00ba DE IVA: B67396926Sede social: Carrer de la Fusteria, 6-8, [&hellip;]<\/p>\n","protected":false},"author":1,"featured_media":0,"parent":0,"menu_order":0,"comment_status":"closed","ping_status":"closed","template":"","meta":{"_acf_changed":false,"footnotes":""},"class_list":["post-23634","page","type-page","status-publish","hentry"],"acf":[],"_links":{"self":[{"href":"https:\/\/olemosaic.com\/pt-pt\/wp-json\/wp\/v2\/pages\/23634","targetHints":{"allow":["GET"]}}],"collection":[{"href":"https:\/\/olemosaic.com\/pt-pt\/wp-json\/wp\/v2\/pages"}],"about":[{"href":"https:\/\/olemosaic.com\/pt-pt\/wp-json\/wp\/v2\/types\/page"}],"author":[{"embeddable":true,"href":"https:\/\/olemosaic.com\/pt-pt\/wp-json\/wp\/v2\/users\/1"}],"replies":[{"embeddable":true,"href":"https:\/\/olemosaic.com\/pt-pt\/wp-json\/wp\/v2\/comments?post=23634"}],"version-history":[{"count":0,"href":"https:\/\/olemosaic.com\/pt-pt\/wp-json\/wp\/v2\/pages\/23634\/revisions"}],"wp:attachment":[{"href":"https:\/\/olemosaic.com\/pt-pt\/wp-json\/wp\/v2\/media?parent=23634"}],"curies":[{"name":"wp","href":"https:\/\/api.w.org\/{rel}","templated":true}]}}