{"id":37050,"date":"2025-02-20T23:32:24","date_gmt":"2025-02-20T22:32:24","guid":{"rendered":"http:\/\/olemosaic.com\/producto\/iman-de-metal-sagrada-familia-barcelona-8-cm-9\/"},"modified":"2025-07-25T19:25:08","modified_gmt":"2025-07-25T17:25:08","slug":"aimant-metal-sagrada-familia-barcelone-colore-8-cm-9","status":"publish","type":"product","link":"https:\/\/olemosaic.com\/fr\/produit\/aimant-metal-sagrada-familia-barcelone-colore-8-cm-9\/","title":{"rendered":"Aimant en m\u00e9tal. Sagrada Familia. Design color\u00e9. Barcelone. 8 cm."},"content":{"rendered":"<p>Cet aimant m\u00e9tallique de 8 cm est un souvenir incontournable qui capture l&rsquo;essence de la Sagrada Familia, l&#8217;embl\u00e8me architectural de Barcelone. Avec un design vibrant et plein de couleurs, cet aimant pr\u00e9sente une illustration d\u00e9taill\u00e9e du monument, mettant en valeur ses tours embl\u00e9matiques qui s&rsquo;\u00e9l\u00e8vent majestueusement vers le ciel. Les tons rouges, jaunes et bleus refl\u00e8tent l&rsquo;\u00e9clat et le caract\u00e8re innovant de l&rsquo;art d&rsquo;Antoni Gaud\u00ed, \u00e9voquant la complexit\u00e9 des mosa\u00efques qui ornent l&rsquo;\u0153uvre. Cet aimant n&rsquo;est pas seulement un objet d\u00e9coratif, il symbolise \u00e9galement le riche h\u00e9ritage culturel de Barcelone, servant de rappel de la beaut\u00e9 architecturale qu&rsquo;offre la ville.<\/p>\n<p>La Sagrada Familia est plus qu&rsquo;un design architectural : c&rsquo;est une ic\u00f4ne du modernisme catalan et un t\u00e9moignage du talent artistique et de la vision de Gaud\u00ed. Cet aimant, en tant que souvenir repr\u00e9sentatif, permet aux visiteurs d&#8217;emporter un morceau de cette histoire et de cette culture chez eux. Chez Ol\u00e9 Mosaic, nous nous consacrons \u00e0 la distribution de souvenirs en gros, et cet aimant de la Sagrada Familia est un choix exceptionnel pour toute boutique de cadeaux touristiques cherchant \u00e0 proposer des produits authentiques et significatifs. C&rsquo;est un souvenir id\u00e9al pour ceux qui souhaitent ch\u00e9rir un fragment de Barcelone, parfait pour les amateurs d&rsquo;art et d&rsquo;architecture \u00e0 la recherche de souvenirs qui encapsulent l&rsquo;essence de la ville.<\/p>\n","protected":false},"excerpt":{"rendered":"<p>Aimant m\u00e9tallique de 8 cm, d\u00e9cor\u00e9 d&rsquo;une mosa\u00efque vibrante de la Sagrada Familia, symbole embl\u00e9matique de Barcelone. Cet aimant pr\u00e9sente une illustration color\u00e9e et d\u00e9taill\u00e9e capturant les tours embl\u00e9matiques du monument, avec des touches de rouge, jaune et bleu \u00e9voquant l&rsquo;\u00e9clat du design de Gaud\u00ed. Parfait pour se souvenir de votre visite dans la ville, c&rsquo;est un souvenir id\u00e9al pour tout amateur d&rsquo;art et d&rsquo;architecture.<\/p>\n","protected":false},"featured_media":11358,"template":"","meta":{"_acf_changed":false},"product_brand":[],"product_cat":[697],"product_tag":[],"class_list":{"0":"post-37050","1":"product","2":"type-product","3":"status-publish","4":"has-post-thumbnail","6":"product_cat-aimants","7":"pa_ciudad-barcelona","8":"pa_motivo-sagrada-familia","9":"pa_pais-espana","11":"first","12":"instock","13":"shipping-taxable","14":"product-type-simple"},"acf":[],"_links":{"self":[{"href":"https:\/\/olemosaic.com\/fr\/wp-json\/wp\/v2\/product\/37050","targetHints":{"allow":["GET"]}}],"collection":[{"href":"https:\/\/olemosaic.com\/fr\/wp-json\/wp\/v2\/product"}],"about":[{"href":"https:\/\/olemosaic.com\/fr\/wp-json\/wp\/v2\/types\/product"}],"wp:featuredmedia":[{"embeddable":true,"href":"https:\/\/olemosaic.com\/fr\/wp-json\/wp\/v2\/media\/11358"}],"wp:attachment":[{"href":"https:\/\/olemosaic.com\/fr\/wp-json\/wp\/v2\/media?parent=37050"}],"wp:term":[{"taxonomy":"product_brand","embeddable":true,"href":"https:\/\/olemosaic.com\/fr\/wp-json\/wp\/v2\/product_brand?post=37050"},{"taxonomy":"product_cat","embeddable":true,"href":"https:\/\/olemosaic.com\/fr\/wp-json\/wp\/v2\/product_cat?post=37050"},{"taxonomy":"product_tag","embeddable":true,"href":"https:\/\/olemosaic.com\/fr\/wp-json\/wp\/v2\/product_tag?post=37050"}],"curies":[{"name":"wp","href":"https:\/\/api.w.org\/{rel}","templated":true}]}}