{"id":37049,"date":"2025-02-20T23:32:24","date_gmt":"2025-02-20T22:32:24","guid":{"rendered":"http:\/\/olemosaic.com\/producto\/iman-de-metal-sagrada-familia-barcelona-8-cm-8\/"},"modified":"2025-07-25T19:50:04","modified_gmt":"2025-07-25T17:50:04","slug":"aimant-metal-sagrada-familia-barcelone-bleu-8-cm-8","status":"publish","type":"product","link":"https:\/\/olemosaic.com\/fr\/produit\/aimant-metal-sagrada-familia-barcelone-bleu-8-cm-8\/","title":{"rendered":"Aimant en m\u00e9tal. Sagrada Familia. Barcelone. Fond bleu. 8 cm."},"content":{"rendered":"<p>Cet aimant m\u00e9tallique de 8 cm est un souvenir vibrant repr\u00e9sentant l&rsquo;iconique Sagrada Familia de Barcelone, l&rsquo;une des \u0153uvres les plus embl\u00e9matiques de l&rsquo;architecte Antoni Gaud\u00ed. Son design capture l&rsquo;essence de cette majestueuse basilique, avec une mosa\u00efque color\u00e9e qui met en valeur les tours complexes et les fa\u00e7ades qui ornent le monument. L&rsquo;illustration pr\u00e9sente un fond bleu serein, encadr\u00e9 par des touches de couleurs chaudes \u00e9voquant les teintes brillantes de l&rsquo;architecture moderniste qui caract\u00e9rise la ville.<\/p>\n<p>Chaque d\u00e9tail de l&rsquo;aimant souligne la singularit\u00e9 du projet architectural, des formes \u00e9l\u00e9gantes des tours aux \u00e9l\u00e9ments d\u00e9coratifs color\u00e9s qui embellissent sa structure. Cet aimant est plus qu&rsquo;un simple souvenir ; c&rsquo;est une repr\u00e9sentation culturelle de Barcelone qui permet aux visiteurs d&#8217;emporter un morceau de l&rsquo;histoire et de l&rsquo;art de la ville chez eux.<\/p>\n<p>Un souvenir parfait pour les voyageurs en qu\u00eate de souvenirs authentiques, cet aimant de la Sagrada Familia est une excellente option pour ceux qui souhaitent apporter une touche de couleur \u00e0 leur r\u00e9frig\u00e9rateur et se souvenir de leur visite dans cette ville merveilleuse. Chez Ol\u00e9 Mosaic, nous nous sp\u00e9cialisons dans la distribution de souvenirs en gros et cet aimant est un choix id\u00e9al pour les boutiques de cadeaux touristiques souhaitant proposer des produits authentiques et de qualit\u00e9.<\/p>\n","protected":false},"excerpt":{"rendered":"<p>Aimant en m\u00e9tal de 8 cm repr\u00e9sentant l&rsquo;iconique Sagrada Familia de Barcelone. Ce design vibrant capture l&rsquo;essence du chef-d&rsquo;\u0153uvre de Gaud\u00ed, avec sa mosa\u00efque color\u00e9e mettant en valeur les tours et les fa\u00e7ades du monument. L&rsquo;illustration, sur fond bleu avec des touches de couleurs chaudes, \u00e9voque la beaut\u00e9 de l&rsquo;architecture moderniste de la ville. Un souvenir parfait pour se rem\u00e9morer votre visite \u00e0 Barcelone.<\/p>\n","protected":false},"featured_media":11394,"template":"","meta":{"_acf_changed":false},"product_brand":[],"product_cat":[697],"product_tag":[],"class_list":{"0":"post-37049","1":"product","2":"type-product","3":"status-publish","4":"has-post-thumbnail","6":"product_cat-aimants","7":"pa_ciudad-barcelona","8":"pa_motivo-sagrada-familia","9":"pa_pais-espana","11":"first","12":"instock","13":"shipping-taxable","14":"product-type-simple"},"acf":[],"_links":{"self":[{"href":"https:\/\/olemosaic.com\/fr\/wp-json\/wp\/v2\/product\/37049","targetHints":{"allow":["GET"]}}],"collection":[{"href":"https:\/\/olemosaic.com\/fr\/wp-json\/wp\/v2\/product"}],"about":[{"href":"https:\/\/olemosaic.com\/fr\/wp-json\/wp\/v2\/types\/product"}],"wp:featuredmedia":[{"embeddable":true,"href":"https:\/\/olemosaic.com\/fr\/wp-json\/wp\/v2\/media\/11394"}],"wp:attachment":[{"href":"https:\/\/olemosaic.com\/fr\/wp-json\/wp\/v2\/media?parent=37049"}],"wp:term":[{"taxonomy":"product_brand","embeddable":true,"href":"https:\/\/olemosaic.com\/fr\/wp-json\/wp\/v2\/product_brand?post=37049"},{"taxonomy":"product_cat","embeddable":true,"href":"https:\/\/olemosaic.com\/fr\/wp-json\/wp\/v2\/product_cat?post=37049"},{"taxonomy":"product_tag","embeddable":true,"href":"https:\/\/olemosaic.com\/fr\/wp-json\/wp\/v2\/product_tag?post=37049"}],"curies":[{"name":"wp","href":"https:\/\/api.w.org\/{rel}","templated":true}]}}