{"id":37048,"date":"2025-02-20T23:32:24","date_gmt":"2025-02-20T22:32:24","guid":{"rendered":"http:\/\/olemosaic.com\/producto\/iman-de-metal-sagrada-familia-barcelona-negro-8-cm-4\/"},"modified":"2025-07-25T19:07:02","modified_gmt":"2025-07-25T17:07:02","slug":"aimant-metal-sagrada-familia-barcelone-noir-8-cm-4-fr","status":"publish","type":"product","link":"https:\/\/olemosaic.com\/fr\/produit\/aimant-metal-sagrada-familia-barcelone-noir-8-cm-4-fr\/","title":{"rendered":"Aimant en m\u00e9tal. Basilique Sagrada Familia. Barcelone. Fond noir. 8 cm."},"content":{"rendered":"<p>Cet aimant m\u00e9tallique de 8 cm est un souvenir incontournable de l&rsquo;iconique Sagrada Familia de Barcelone, l&rsquo;un des chefs-d&rsquo;\u0153uvre de l&rsquo;architecte Antoni Gaud\u00ed. Son design attrayant, aux couleurs vibrantes jaune, orange et bleu sur fond noir, capture la majest\u00e9 de cette basilique, symbole de la ville. Avec une repr\u00e9sentation m\u00e9ticuleuse de ses tours caract\u00e9ristiques et de ses \u00e9l\u00e9ments architecturaux, cet aimant n&rsquo;est pas seulement un accessoire fonctionnel, mais un v\u00e9ritable hommage \u00e0 la richesse culturelle et artistique de Barcelone. Les d\u00e9tails graphiquement stylis\u00e9s ajoutent une touche contemporaine, tandis que la palette de couleurs vives \u00e9voque la lumi\u00e8re et l&rsquo;\u00e9nergie de la capitale catalane. Ce souvenir est parfait pour se souvenir de votre visite dans la ville et constitue \u00e9galement une excellente option pour ajouter une touche distinctive \u00e0 toute surface m\u00e9tallique \u00e0 la maison ou au bureau. Chez Ol\u00e9 Mosaic, nous nous sp\u00e9cialisons dans la distribution de souvenirs en gros, offrant des articles authentiques et repr\u00e9sentatifs comme cet aimant de la Sagrada Familia, id\u00e9al pour les boutiques de cadeaux touristiques \u00e0 la recherche de produits de qualit\u00e9 et de pertinence culturelle. Les souvenirs de Barcelone comme cet aimant sont le moyen id\u00e9al d&#8217;emporter avec soi un morceau de la riche histoire et de l&rsquo;art catalan.<\/p>\n","protected":false},"excerpt":{"rendered":"<p>Aimant m\u00e9tallique de 8 cm repr\u00e9sentant l&#8217;embl\u00e9matique Sagrada Familia de Barcelone. Cet aimant attrayant pr\u00e9sente un design vibrant dans les tons jaune, orange et bleu sur fond noir, capturant la majest\u00e9 du chef-d&rsquo;\u0153uvre de Gaud\u00ed. Avec des d\u00e9tails mettant en valeur ses tours et ses \u00e9l\u00e9ments architecturaux, ce souvenir est parfait pour \u00e9voquer la beaut\u00e9 de Barcelone et ajouter une touche distinctive \u00e0 toute surface m\u00e9tallique.<\/p>\n","protected":false},"featured_media":11380,"template":"","meta":{"_acf_changed":false},"product_brand":[],"product_cat":[697],"product_tag":[],"class_list":{"0":"post-37048","1":"product","2":"type-product","3":"status-publish","4":"has-post-thumbnail","6":"product_cat-aimants","7":"pa_ciudad-barcelona","8":"pa_motivo-sagrada-familia","9":"pa_pais-espana","11":"first","12":"instock","13":"shipping-taxable","14":"product-type-simple"},"acf":[],"_links":{"self":[{"href":"https:\/\/olemosaic.com\/fr\/wp-json\/wp\/v2\/product\/37048","targetHints":{"allow":["GET"]}}],"collection":[{"href":"https:\/\/olemosaic.com\/fr\/wp-json\/wp\/v2\/product"}],"about":[{"href":"https:\/\/olemosaic.com\/fr\/wp-json\/wp\/v2\/types\/product"}],"wp:featuredmedia":[{"embeddable":true,"href":"https:\/\/olemosaic.com\/fr\/wp-json\/wp\/v2\/media\/11380"}],"wp:attachment":[{"href":"https:\/\/olemosaic.com\/fr\/wp-json\/wp\/v2\/media?parent=37048"}],"wp:term":[{"taxonomy":"product_brand","embeddable":true,"href":"https:\/\/olemosaic.com\/fr\/wp-json\/wp\/v2\/product_brand?post=37048"},{"taxonomy":"product_cat","embeddable":true,"href":"https:\/\/olemosaic.com\/fr\/wp-json\/wp\/v2\/product_cat?post=37048"},{"taxonomy":"product_tag","embeddable":true,"href":"https:\/\/olemosaic.com\/fr\/wp-json\/wp\/v2\/product_tag?post=37048"}],"curies":[{"name":"wp","href":"https:\/\/api.w.org\/{rel}","templated":true}]}}