{"id":37047,"date":"2025-02-20T23:32:24","date_gmt":"2025-02-20T22:32:24","guid":{"rendered":"http:\/\/olemosaic.com\/producto\/iman-de-metal-bailaora-mijas-plata-8-cm\/"},"modified":"2025-07-25T18:47:22","modified_gmt":"2025-07-25T16:47:22","slug":"aimant-metal-danseuse-flamenco-mijas-argent-8-cm-fr","status":"publish","type":"product","link":"https:\/\/olemosaic.com\/fr\/produit\/aimant-metal-danseuse-flamenco-mijas-argent-8-cm-fr\/","title":{"rendered":"Aimant en m\u00e9tal. Danseuse de flamenco. Mijas. Argent. 8 cm."},"content":{"rendered":"<p>Cet aimant m\u00e9tallique de 8 cm est un souvenir vibrant de la riche culture andalouse, capturant l&rsquo;essence du folklore espagnol \u00e0 travers un design peint \u00e0 la main qui \u00e9voque la joie de la danse flamenco. Il repr\u00e9sente une danseuse dans une robe \u00e9blouissante et color\u00e9e, exprimant le dynamisme et la passion du flamenco, mettant en valeur les motifs multicolores qui ornent sa tenue. La danseuse, posant avec gr\u00e2ce, est entour\u00e9e du texte \u00ab\u00a0MIJAS\u00a0\u00bb dans un style frappant et color\u00e9, compl\u00e9tant la sc\u00e8ne par son \u00e9nergie contagieuse.<\/p>\n<p>Le fond de l&rsquo;aimant, simulant un effet de mosa\u00efque, rehausse non seulement la beaut\u00e9 du design, mais fait \u00e9galement allusion \u00e0 l&rsquo;h\u00e9ritage artistique embl\u00e9matique de Mijas et de ses environs. Cet aimant n&rsquo;est pas seulement une pi\u00e8ce d\u00e9corative, mais agit comme un excellent souvenir de Mijas, devenant un rappel authentique et repr\u00e9sentatif de la tradition culturelle andalouse.<\/p>\n<p>Parfait pour les touristes \u00e0 la recherche de souvenirs de qualit\u00e9, cet aimant de danseuse est un choix id\u00e9al pour les boutiques de cadeaux touristiques souhaitant proposer des produits authentiques et attrayants. Chez Ol\u00e9 Mosaic, en tant que distributeurs de souvenirs en gros, nous garantissons l&rsquo;authenticit\u00e9 et l&rsquo;attrait de chaque pi\u00e8ce, parfaite pour se rem\u00e9morer la magie du flamenco et l&rsquo;esprit vibrant de Mijas.<\/p>\n","protected":false},"excerpt":{"rendered":"<p>Aimant en m\u00e9tal de 8 cm capturant l&rsquo;essence du folklore espagnol, avec l&rsquo;image d&rsquo;une danseuse de flamenco v\u00eatue d&rsquo;un costume aux couleurs vives. Inspir\u00e9 de Mijas, cet aimant pr\u00e9sente un design artisanal, peint \u00e0 la main, avec un effet mosa\u00efque, soulignant le dynamisme de la danse flamenco. La danseuse, posant avec gr\u00e2ce et joie, est accompagn\u00e9e du mot \u00ab\u00a0MIJAS\u00a0\u00bb en couleurs vives, faisant de cet aimant un souvenir attrayant de la tradition andalouse.<\/p>\n","protected":false},"featured_media":10538,"template":"","meta":{"_acf_changed":false},"product_brand":[],"product_cat":[697],"product_tag":[],"class_list":{"0":"post-37047","1":"product","2":"type-product","3":"status-publish","4":"has-post-thumbnail","6":"product_cat-aimants","7":"pa_ciudad-mijas","8":"pa_motivo-danseurs","9":"pa_pais-espana","11":"first","12":"instock","13":"shipping-taxable","14":"product-type-simple"},"acf":[],"_links":{"self":[{"href":"https:\/\/olemosaic.com\/fr\/wp-json\/wp\/v2\/product\/37047","targetHints":{"allow":["GET"]}}],"collection":[{"href":"https:\/\/olemosaic.com\/fr\/wp-json\/wp\/v2\/product"}],"about":[{"href":"https:\/\/olemosaic.com\/fr\/wp-json\/wp\/v2\/types\/product"}],"wp:featuredmedia":[{"embeddable":true,"href":"https:\/\/olemosaic.com\/fr\/wp-json\/wp\/v2\/media\/10538"}],"wp:attachment":[{"href":"https:\/\/olemosaic.com\/fr\/wp-json\/wp\/v2\/media?parent=37047"}],"wp:term":[{"taxonomy":"product_brand","embeddable":true,"href":"https:\/\/olemosaic.com\/fr\/wp-json\/wp\/v2\/product_brand?post=37047"},{"taxonomy":"product_cat","embeddable":true,"href":"https:\/\/olemosaic.com\/fr\/wp-json\/wp\/v2\/product_cat?post=37047"},{"taxonomy":"product_tag","embeddable":true,"href":"https:\/\/olemosaic.com\/fr\/wp-json\/wp\/v2\/product_tag?post=37047"}],"curies":[{"name":"wp","href":"https:\/\/api.w.org\/{rel}","templated":true}]}}