{"id":36945,"date":"2025-02-20T23:27:50","date_gmt":"2025-02-20T22:27:50","guid":{"rendered":"http:\/\/olemosaic.com\/producto\/bola-de-navidad-con-caja-mosaico\/"},"modified":"2025-07-25T18:39:05","modified_gmt":"2025-07-25T16:39:05","slug":"boule-de-noel-avec-boite-mosaique-fr","status":"publish","type":"product","link":"https:\/\/olemosaic.com\/fr\/produit\/boule-de-noel-avec-boite-mosaique-fr\/","title":{"rendered":"Boule de No\u00ebl avec bo\u00eete. Mosa\u00efque. Motifs g\u00e9om\u00e9triques andalous."},"content":{"rendered":"<p>Boule de No\u00ebl d\u00e9corative en mosa\u00efque espagnole<\/p>\n<p>Cette boule de No\u00ebl d\u00e9corative est un ornement \u00e9l\u00e9gant pour votre sapin de No\u00ebl, pr\u00e9sent\u00e9e dans une bo\u00eete d\u00e9licate qui souligne son raffinement. Fabriqu\u00e9e avec des mat\u00e9riaux de haute qualit\u00e9, cette boule ronde se caract\u00e9rise par un design vibrant qui \u00e9voque les mosa\u00efques traditionnelles color\u00e9es de la culture andalouse. Des motifs g\u00e9om\u00e9triques dans les tons rouges, bleus et jaunes se combinent pour cr\u00e9er une pi\u00e8ce visuellement frappante qui capture l&rsquo;essence de l&rsquo;art et de la tradition espagnols. Chaque section de la boule refl\u00e8te la richesse culturelle de la mosa\u00efque, \u00e9voquant les c\u00e9l\u00e8bres azulejos qui ornent tant de coins d&rsquo;Espagne, des patios de S\u00e9ville aux monuments de Grenade.<\/p>\n<p>Ce souvenir ne se distingue pas seulement par son attrait esth\u00e9tique, mais offre \u00e9galement une profonde signification culturelle, ce qui en fait un excellent cadeau pour les f\u00eates. La boule symbolise la chaleur et la joie de la saison de No\u00ebl, \u00e9tant un ajout parfait pour ceux qui recherchent une touche authentique et repr\u00e9sentative de la culture espagnole dans leurs d\u00e9corations.<\/p>\n<p>Chez Ol\u00e9 Mosaic, en tant que grossistes de souvenirs, nous sommes fiers de proposer des produits comme cette boule de No\u00ebl d\u00e9corative, qui fusionne tradition et modernit\u00e9. C&rsquo;est un choix id\u00e9al pour les boutiques de cadeaux touristiques qui souhaitent offrir \u00e0 leurs clients des souvenirs uniques de leur voyage en Espagne, garantissant qualit\u00e9 et authenticit\u00e9 dans chaque pi\u00e8ce.<\/p>\n","protected":false},"excerpt":{"rendered":"<p>Boule de No\u00ebl d\u00e9corative pr\u00e9sent\u00e9e dans une bo\u00eete \u00e9l\u00e9gante, inspir\u00e9e des mosa\u00efques espagnoles color\u00e9es. Fabriqu\u00e9e avec des mat\u00e9riaux de haute qualit\u00e9, cette boule ronde pr\u00e9sente un design vibrant de motifs g\u00e9om\u00e9triques dans les tons rouges, bleus et jaunes, \u00e9voquant la riche culture andalouse. Id\u00e9ale pour d\u00e9corer le sapin de No\u00ebl, son d\u00e9tail esth\u00e9tique allie tradition et modernit\u00e9, en faisant un cadeau parfait pour les f\u00eates.<\/p>\n","protected":false},"featured_media":9750,"template":"","meta":{"_acf_changed":false},"product_brand":[],"product_cat":[659],"product_tag":[646],"class_list":{"0":"post-36945","1":"product","2":"type-product","3":"status-publish","4":"has-post-thumbnail","6":"product_cat-boules-de-noel","7":"product_tag-noel","8":"pa_motivo-mosaique","10":"first","11":"instock","12":"shipping-taxable","13":"product-type-simple"},"acf":[],"_links":{"self":[{"href":"https:\/\/olemosaic.com\/fr\/wp-json\/wp\/v2\/product\/36945","targetHints":{"allow":["GET"]}}],"collection":[{"href":"https:\/\/olemosaic.com\/fr\/wp-json\/wp\/v2\/product"}],"about":[{"href":"https:\/\/olemosaic.com\/fr\/wp-json\/wp\/v2\/types\/product"}],"wp:featuredmedia":[{"embeddable":true,"href":"https:\/\/olemosaic.com\/fr\/wp-json\/wp\/v2\/media\/9750"}],"wp:attachment":[{"href":"https:\/\/olemosaic.com\/fr\/wp-json\/wp\/v2\/media?parent=36945"}],"wp:term":[{"taxonomy":"product_brand","embeddable":true,"href":"https:\/\/olemosaic.com\/fr\/wp-json\/wp\/v2\/product_brand?post=36945"},{"taxonomy":"product_cat","embeddable":true,"href":"https:\/\/olemosaic.com\/fr\/wp-json\/wp\/v2\/product_cat?post=36945"},{"taxonomy":"product_tag","embeddable":true,"href":"https:\/\/olemosaic.com\/fr\/wp-json\/wp\/v2\/product_tag?post=36945"}],"curies":[{"name":"wp","href":"https:\/\/api.w.org\/{rel}","templated":true}]}}