{"id":36942,"date":"2025-02-20T23:27:49","date_gmt":"2025-02-20T22:27:49","guid":{"rendered":"http:\/\/olemosaic.com\/producto\/bol-de-coco-azul-tortuga\/"},"modified":"2025-07-25T18:48:10","modified_gmt":"2025-07-25T16:48:10","slug":"bol-en-noix-de-coco-bleu-tortue-fr","status":"publish","type":"product","link":"https:\/\/olemosaic.com\/fr\/produit\/bol-en-noix-de-coco-bleu-tortue-fr\/","title":{"rendered":"Bol en noix de coco bleu. Tortue et motifs marins."},"content":{"rendered":"<p>Bol en noix de coco bleu d\u00e9cor\u00e9 d&rsquo;une tortue<\/p>\n<p>Ce charmant bol en noix de coco bleu, une pi\u00e8ce artisanale qui \u00e9voque la fra\u00eecheur et la beaut\u00e9 de la vie marine, est parfait pour ajouter une touche tropicale \u00e0 n&rsquo;importe quel espace. Fabriqu\u00e9 de mani\u00e8re durable \u00e0 partir de coque de noix de coco, il pr\u00e9sente un fond bleu vibrant qui met en valeur la figure centrale d&rsquo;une tortue dans des tons clairs, symbolisant la connexion avec l&rsquo;oc\u00e9an et sa riche biodiversit\u00e9. La tortue, peinte avec des d\u00e9tails d\u00e9licats, est entour\u00e9e de motifs marins qui \u00e9voquent un environnement aquatique, faisant de cette pi\u00e8ce un hommage authentique \u00e0 la nature.<\/p>\n<p>Le design comprend des bords blancs \u00e9l\u00e9gants qui compl\u00e8tent l&rsquo;illustration centrale, cr\u00e9ant un contraste visuel qui attire le regard. Chaque bol est unique, avec des variations subtiles dans la finition qui soulignent son caract\u00e8re artisanal. En tant que souvenir, ce bol en noix de coco bleu est embl\u00e9matique de la culture c\u00f4ti\u00e8re et de sa tradition de respect de l&rsquo;environnement, repr\u00e9sentant un souvenir significatif d&rsquo;un voyage dans des r\u00e9gions o\u00f9 la vie marine est fondamentale.<\/p>\n<p>Chez Ol\u00e9 Mosaic, nous proposons ce bol comme un excellent choix pour les touristes \u00e0 la recherche de souvenirs authentiques et d\u00e9coratifs qui refl\u00e8tent l&rsquo;essence de leur destination. Id\u00e9al pour un usage pratique comme pour la d\u00e9coration, ce bol est une option remarquable dans notre collection de souvenirs de qualit\u00e9.<\/p>\n","protected":false},"excerpt":{"rendered":"<p>Bol en noix de coco bleu d\u00e9cor\u00e9 d&rsquo;une charmante tortue et de motifs marins, id\u00e9al pour donner une touche tropicale \u00e0 n&rsquo;importe quel espace. Fabriqu\u00e9 \u00e0 partir de coque de noix de coco, cet article pr\u00e9sente un fond bleu vibrant qui met en valeur l&rsquo;illustration de la tortue dans des tons clairs. Les d\u00e9tails blancs entourant la sph\u00e8re \u00e9voquent des \u00e9l\u00e9ments de l&rsquo;oc\u00e9an, en faisant un souvenir original qui c\u00e9l\u00e8bre la beaut\u00e9 de la vie marine. Parfait comme pi\u00e8ce d\u00e9corative ou pour un usage pratique.<\/p>\n","protected":false},"featured_media":10061,"template":"","meta":{"_acf_changed":false},"product_brand":[],"product_cat":[521],"product_tag":[530],"class_list":{"0":"post-36942","1":"product","2":"type-product","3":"status-publish","4":"has-post-thumbnail","6":"product_cat-bols","7":"product_tag-animaux","8":"pa_motivo-tortues","10":"first","11":"instock","12":"shipping-taxable","13":"product-type-simple"},"acf":[],"_links":{"self":[{"href":"https:\/\/olemosaic.com\/fr\/wp-json\/wp\/v2\/product\/36942","targetHints":{"allow":["GET"]}}],"collection":[{"href":"https:\/\/olemosaic.com\/fr\/wp-json\/wp\/v2\/product"}],"about":[{"href":"https:\/\/olemosaic.com\/fr\/wp-json\/wp\/v2\/types\/product"}],"wp:featuredmedia":[{"embeddable":true,"href":"https:\/\/olemosaic.com\/fr\/wp-json\/wp\/v2\/media\/10061"}],"wp:attachment":[{"href":"https:\/\/olemosaic.com\/fr\/wp-json\/wp\/v2\/media?parent=36942"}],"wp:term":[{"taxonomy":"product_brand","embeddable":true,"href":"https:\/\/olemosaic.com\/fr\/wp-json\/wp\/v2\/product_brand?post=36942"},{"taxonomy":"product_cat","embeddable":true,"href":"https:\/\/olemosaic.com\/fr\/wp-json\/wp\/v2\/product_cat?post=36942"},{"taxonomy":"product_tag","embeddable":true,"href":"https:\/\/olemosaic.com\/fr\/wp-json\/wp\/v2\/product_tag?post=36942"}],"curies":[{"name":"wp","href":"https:\/\/api.w.org\/{rel}","templated":true}]}}