{"id":36941,"date":"2025-02-20T22:38:31","date_gmt":"2025-02-20T22:38:31","guid":{"rendered":"http:\/\/olemosaic.com\/producto\/4-bols-de-coco-de-13-x-6-cm-mosaico-barcelona\/"},"modified":"2025-07-25T19:59:38","modified_gmt":"2025-07-25T17:59:38","slug":"4-bols-en-noix-de-coco-de-13-x-6-cm-mosaique-barcelone-fr","status":"publish","type":"product","link":"https:\/\/olemosaic.com\/fr\/produit\/4-bols-en-noix-de-coco-de-13-x-6-cm-mosaique-barcelone-fr\/","title":{"rendered":"4 Bols en noix de coco de 13 x 6 cm. Mosa\u00efque. Barcelone."},"content":{"rendered":"<p>Ensemble de 4 bols en noix de coco de 13 x 6 cm avec un design en mosa\u00efque inspir\u00e9 de Barcelone. Chaque bol pr\u00e9sente un int\u00e9rieur vibrant d\u00e9cor\u00e9 de fragments color\u00e9s dans des tons bleus, roses, jaunes et violets, ainsi qu&rsquo;un logo distinctif avec le mot \u00ab Barcelone \u00bb. Cet ensemble \u00e9l\u00e9gant est id\u00e9al aussi bien pour servir des ap\u00e9ritifs \u00e0 table que pour ajouter une touche artistique \u00e0 la d\u00e9coration de la maison. L&rsquo;esth\u00e9tique de la mosa\u00efque n&rsquo;\u00e9voque pas seulement le riche h\u00e9ritage culturel de Barcelone, mais rappelle \u00e9galement l&rsquo;influence du c\u00e9l\u00e8bre architecte Antoni Gaud\u00ed, connu pour son utilisation innovante de la couleur et des formes.<\/p>\n<p>Chaque bol est fabriqu\u00e9 avec soin et attention aux d\u00e9tails, garantissant non seulement la fonctionnalit\u00e9, mais aussi un impact visuel attrayant qui captivera tout visiteur. Leur design contemporain et color\u00e9 les rend parfaits pour ceux qui recherchent des souvenirs distinctifs repr\u00e9sentant l&rsquo;essence de la cit\u00e9 comtale. En tant que pi\u00e8ce repr\u00e9sentative de la culture catalane, cet ensemble de bols en noix de coco devient un souvenir authentique et significatif pour ceux qui visitent Barcelone. Chez Ol\u00e9 Mosaic, nous sommes leaders dans la distribution de souvenirs en gros, et ces charmants bols sont une option exceptionnelle pour les boutiques de cadeaux touristiques souhaitant offrir des produits uniques et charg\u00e9s d&rsquo;histoire. Cet ensemble de souvenirs de Barcelone est id\u00e9al pour ceux qui cherchent \u00e0 ramener un petit morceau de la vibrante culture espagnole \u00e0 la maison.<\/p>\n","protected":false},"excerpt":{"rendered":"<p>Ensemble de quatre bols en noix de coco de 13 x 6 cm avec un design en mosa\u00efque vibrant inspir\u00e9 de Barcelone. Chaque bol pr\u00e9sente un int\u00e9rieur d\u00e9cor\u00e9 de fragments color\u00e9s dans des tons bleus, roses, jaunes et violets, ainsi qu&rsquo;un logo distinctif avec le mot \u00ab\u00a0Barcelone\u00a0\u00bb. Ce magnifique ensemble, id\u00e9al pour servir des ap\u00e9ritifs ou d\u00e9corer votre maison, capture l&rsquo;essence de l&rsquo;art et de la culture de la cit\u00e9 comtale, combinant fonctionnalit\u00e9 et esth\u00e9tique dans un design attrayant et exclusif.<\/p>\n","protected":false},"featured_media":14210,"template":"","meta":{"_acf_changed":false},"product_brand":[],"product_cat":[521],"product_tag":[],"class_list":{"0":"post-36941","1":"product","2":"type-product","3":"status-publish","4":"has-post-thumbnail","6":"product_cat-bols","7":"pa_ciudad-barcelona","8":"pa_motivo-mosaique","9":"pa_pais-espana","11":"first","12":"instock","13":"shipping-taxable","14":"product-type-simple"},"acf":[],"_links":{"self":[{"href":"https:\/\/olemosaic.com\/fr\/wp-json\/wp\/v2\/product\/36941","targetHints":{"allow":["GET"]}}],"collection":[{"href":"https:\/\/olemosaic.com\/fr\/wp-json\/wp\/v2\/product"}],"about":[{"href":"https:\/\/olemosaic.com\/fr\/wp-json\/wp\/v2\/types\/product"}],"wp:featuredmedia":[{"embeddable":true,"href":"https:\/\/olemosaic.com\/fr\/wp-json\/wp\/v2\/media\/14210"}],"wp:attachment":[{"href":"https:\/\/olemosaic.com\/fr\/wp-json\/wp\/v2\/media?parent=36941"}],"wp:term":[{"taxonomy":"product_brand","embeddable":true,"href":"https:\/\/olemosaic.com\/fr\/wp-json\/wp\/v2\/product_brand?post=36941"},{"taxonomy":"product_cat","embeddable":true,"href":"https:\/\/olemosaic.com\/fr\/wp-json\/wp\/v2\/product_cat?post=36941"},{"taxonomy":"product_tag","embeddable":true,"href":"https:\/\/olemosaic.com\/fr\/wp-json\/wp\/v2\/product_tag?post=36941"}],"curies":[{"name":"wp","href":"https:\/\/api.w.org\/{rel}","templated":true}]}}