{"id":36939,"date":"2025-02-20T22:38:31","date_gmt":"2025-02-20T22:38:31","guid":{"rendered":"http:\/\/olemosaic.com\/producto\/salvamanteles-de-ceramica-gato-valencia\/"},"modified":"2025-07-25T18:57:20","modified_gmt":"2025-07-25T16:57:20","slug":"dessous-de-plat-en-ceramique-chat-valence-fr","status":"publish","type":"product","link":"https:\/\/olemosaic.com\/fr\/produit\/dessous-de-plat-en-ceramique-chat-valence-fr\/","title":{"rendered":"Dessous de plat en c\u00e9ramique. Chat. Valence."},"content":{"rendered":"<p>Ce dessous de plat en c\u00e9ramique, inspir\u00e9 de la culture vibrante de Valence, est une pi\u00e8ce unique qui fusionne art et fonctionnalit\u00e9. Son design color\u00e9 pr\u00e9sente une splendide mosa\u00efque de trois chats dans des tons bleus, verts et oranges, entour\u00e9s de papillons qui lui donnent une touche ludique et charmante. Le mot \u00ab\u00a0VALENCIA\u00a0\u00bb se d\u00e9tache sur un fond blanc, avec un style contemporain qui en fait un excellent compl\u00e9ment pour n&rsquo;importe quelle table. La technique de la mosa\u00efque se refl\u00e8te dans la disposition soign\u00e9e des formes et des couleurs, cr\u00e9ant un effet visuel dynamique et attrayant.<\/p>\n<p>Ce dessous de plat n&rsquo;est pas seulement un accessoire pratique pour prot\u00e9ger les surfaces, mais aussi un authentique souvenir de Valence qui capture l&rsquo;essence festive de cette ville m\u00e9diterran\u00e9enne. La repr\u00e9sentation des chats, symbole de curiosit\u00e9 et d&rsquo;agilit\u00e9, relie l&rsquo;objet \u00e0 la culture locale, o\u00f9 la diversit\u00e9 de la vie urbaine se refl\u00e8te dans ses nombreuses manifestations artistiques. Chez Ol\u00e9 Mosaic, nous nous sp\u00e9cialisons dans la distribution de souvenirs en gros, et ce dessous de plat est une option id\u00e9ale pour les boutiques de cadeaux touristiques qui recherchent des produits authentiques et color\u00e9s. Parfait pour les touristes qui souhaitent emporter un morceau de la joyeuse culture valencienne chez eux, ce dessous de plat en c\u00e9ramique est le souvenir id\u00e9al qui allie art et fonctionnalit\u00e9.<\/p>\n","protected":false},"excerpt":{"rendered":"<p>Dessous de plat en c\u00e9ramique inspir\u00e9 de la culture vibrante de Valence, orn\u00e9 d&rsquo;un design color\u00e9 de chats. La technique de mosa\u00efque qui le caract\u00e9rise pr\u00e9sente un jeu de formes et de couleurs brillantes, avec trois chats dans des tons bleus, verts et oranges entour\u00e9s de papillons qui lui donnent une touche ludique. Le mot \u00ab VALENCIA \u00bb se d\u00e9tache sur un fond blanc dans un style contemporain, id\u00e9al pour donner une touche sp\u00e9ciale \u00e0 la table.<\/p>\n","protected":false},"featured_media":14207,"template":"","meta":{"_acf_changed":false},"product_brand":[],"product_cat":[827],"product_tag":[530,585],"class_list":{"0":"post-36939","1":"product","2":"type-product","3":"status-publish","4":"has-post-thumbnail","6":"product_cat-dessous-de-plat","7":"product_tag-animaux","8":"product_tag-ceramique","9":"pa_ciudad-valencia","10":"pa_motivo-chats","11":"pa_pais-espana","13":"first","14":"instock","15":"shipping-taxable","16":"product-type-simple"},"acf":[],"_links":{"self":[{"href":"https:\/\/olemosaic.com\/fr\/wp-json\/wp\/v2\/product\/36939","targetHints":{"allow":["GET"]}}],"collection":[{"href":"https:\/\/olemosaic.com\/fr\/wp-json\/wp\/v2\/product"}],"about":[{"href":"https:\/\/olemosaic.com\/fr\/wp-json\/wp\/v2\/types\/product"}],"wp:featuredmedia":[{"embeddable":true,"href":"https:\/\/olemosaic.com\/fr\/wp-json\/wp\/v2\/media\/14207"}],"wp:attachment":[{"href":"https:\/\/olemosaic.com\/fr\/wp-json\/wp\/v2\/media?parent=36939"}],"wp:term":[{"taxonomy":"product_brand","embeddable":true,"href":"https:\/\/olemosaic.com\/fr\/wp-json\/wp\/v2\/product_brand?post=36939"},{"taxonomy":"product_cat","embeddable":true,"href":"https:\/\/olemosaic.com\/fr\/wp-json\/wp\/v2\/product_cat?post=36939"},{"taxonomy":"product_tag","embeddable":true,"href":"https:\/\/olemosaic.com\/fr\/wp-json\/wp\/v2\/product_tag?post=36939"}],"curies":[{"name":"wp","href":"https:\/\/api.w.org\/{rel}","templated":true}]}}