{"id":36938,"date":"2025-02-20T22:38:31","date_gmt":"2025-02-20T22:38:31","guid":{"rendered":"http:\/\/olemosaic.com\/producto\/salvamanteles-de-ceramica-toros-valencia\/"},"modified":"2025-07-25T20:26:39","modified_gmt":"2025-07-25T18:26:39","slug":"dessous-de-plat-en-ceramique-taureaux-valence-fr","status":"publish","type":"product","link":"https:\/\/olemosaic.com\/fr\/produit\/dessous-de-plat-en-ceramique-taureaux-valence-fr\/","title":{"rendered":"Dessous de plat en c\u00e9ramique. Taureaux. Valence."},"content":{"rendered":"<p>Ce dessous de plat en c\u00e9ramique, inspir\u00e9 de la riche culture taurine de Valence, est une pi\u00e8ce vibrante et color\u00e9e qui, en plus d&rsquo;orner votre table, raconte une histoire. Avec un design en mosa\u00efque captivant, le dessous de plat pr\u00e9sente deux taureaux : un rouge intense et un autre vert, sur un fond qui m\u00e9lange parfaitement les tons bleus et gris, \u00e9voquant l&rsquo;essence du paysage valencien. Les fleurs rouges qui ornent la sc\u00e8ne ajoutent une touche d\u00e9corative d\u00e9licate, tandis que le mot \u00ab\u00a0VALENCIA\u00a0\u00bb en haut souligne son origine, en faisant un souvenir embl\u00e9matique.<\/p>\n<p>Ce produit n&rsquo;est pas seulement fonctionnel, prot\u00e9geant votre table des hautes temp\u00e9ratures, mais il est aussi une repr\u00e9sentation artistique du folklore local, rendant hommage \u00e0 la tradition taurine, partie int\u00e9grante du patrimoine culturel espagnol. Chaque d\u00e9tail du design refl\u00e8te la passion et l&rsquo;esprit de Valence, faisant de ce dessous de plat un excellent cadeau pour les touristes \u00e0 la recherche d&rsquo;un souvenir authentique et repr\u00e9sentatif de leur visite.<\/p>\n<p>Chez Ol\u00e9 Mosaic, nous sommes experts dans la distribution de souvenirs en gros, et ce dessous de plat en c\u00e9ramique est une excellente option pour les boutiques de cadeaux touristiques qui recherchent des produits authentiques et de qualit\u00e9. Attirez vos clients avec ce dessous de plat, parfait pour ceux qui recherchent des souvenirs uniques de Valence, combinant fonctionnalit\u00e9 et art en une seule pi\u00e8ce.<\/p>\n","protected":false},"excerpt":{"rendered":"<p>Dessous de plat en c\u00e9ramique inspir\u00e9 de la riche culture taurine valencienne. Ce dessous de plat color\u00e9 pr\u00e9sente un design vibrant en mosa\u00efque avec deux taureaux, mettant en valeur des tons rouges, verts et jaunes, ainsi que des fleurs rouges qui ajoutent une touche d\u00e9corative. Orn\u00e9 du mot \u00ab\u00a0VALENCIA\u00a0\u00bb en haut, cet article est non seulement fonctionnel, mais aussi une repr\u00e9sentation artistique du folklore local, parfait pour n&rsquo;importe quelle table.<\/p>\n","protected":false},"featured_media":14206,"template":"","meta":{"_acf_changed":false},"product_brand":[],"product_cat":[827],"product_tag":[530,585],"class_list":{"0":"post-36938","1":"product","2":"type-product","3":"status-publish","4":"has-post-thumbnail","6":"product_cat-dessous-de-plat","7":"product_tag-animaux","8":"product_tag-ceramique","9":"pa_ciudad-valencia","10":"pa_motivo-taureaux","11":"pa_pais-espana","13":"first","14":"instock","15":"shipping-taxable","16":"product-type-simple"},"acf":[],"_links":{"self":[{"href":"https:\/\/olemosaic.com\/fr\/wp-json\/wp\/v2\/product\/36938","targetHints":{"allow":["GET"]}}],"collection":[{"href":"https:\/\/olemosaic.com\/fr\/wp-json\/wp\/v2\/product"}],"about":[{"href":"https:\/\/olemosaic.com\/fr\/wp-json\/wp\/v2\/types\/product"}],"wp:featuredmedia":[{"embeddable":true,"href":"https:\/\/olemosaic.com\/fr\/wp-json\/wp\/v2\/media\/14206"}],"wp:attachment":[{"href":"https:\/\/olemosaic.com\/fr\/wp-json\/wp\/v2\/media?parent=36938"}],"wp:term":[{"taxonomy":"product_brand","embeddable":true,"href":"https:\/\/olemosaic.com\/fr\/wp-json\/wp\/v2\/product_brand?post=36938"},{"taxonomy":"product_cat","embeddable":true,"href":"https:\/\/olemosaic.com\/fr\/wp-json\/wp\/v2\/product_cat?post=36938"},{"taxonomy":"product_tag","embeddable":true,"href":"https:\/\/olemosaic.com\/fr\/wp-json\/wp\/v2\/product_tag?post=36938"}],"curies":[{"name":"wp","href":"https:\/\/api.w.org\/{rel}","templated":true}]}}