{"id":36937,"date":"2025-02-20T23:38:31","date_gmt":"2025-02-20T22:38:31","guid":{"rendered":"http:\/\/olemosaic.com\/producto\/salvamanteles-de-ceramica-salamandra-gran-canaria-2\/"},"modified":"2025-07-25T20:17:36","modified_gmt":"2025-07-25T18:17:36","slug":"dessous-de-plat-en-ceramique-salamandre-gran-canaria-bord-tresse","status":"publish","type":"product","link":"https:\/\/olemosaic.com\/fr\/produit\/dessous-de-plat-en-ceramique-salamandre-gran-canaria-bord-tresse\/","title":{"rendered":"Dessous-de-plat en c\u00e9ramique. Salamandre. Gran Canaria. Bord tress\u00e9."},"content":{"rendered":"<p>Ce dessous-de-plat en c\u00e9ramique, inspir\u00e9 par la faune vibrante de Gran Canaria, est une v\u00e9ritable c\u00e9l\u00e9bration de la couleur et de la culture canarienne. Avec un design \u00e9blouissant, il pr\u00e9sente des salamandres et des fleurs color\u00e9es en mosa\u00efque, soigneusement peintes \u00e0 la main avec un effet de tons vifs de rouge, vert, bleu et jaune, \u00e9voquant la richesse naturelle de l&rsquo;\u00eele. Ce produit ne remplit pas seulement une fonction pratique de protection des surfaces, il agit \u00e9galement comme une pi\u00e8ce d\u00e9corative qui apporte une touche distinctive \u00e0 n&rsquo;importe quelle table, la transformant en un espace plein de vie et de couleur.<\/p>\n<p>Le dessous-de-plat b\u00e9n\u00e9ficie d&rsquo;une finition en c\u00e9ramique lisse et d&rsquo;un bord tress\u00e9 qui le rend attrayant et r\u00e9sistant. Les salamandres, \u00e9l\u00e9ments embl\u00e9matiques des \u00eeles Canaries, repr\u00e9sentent un lien profond avec la biodiversit\u00e9 locale et l&rsquo;h\u00e9ritage culturel de la r\u00e9gion, offrant ainsi un souvenir authentique pour ceux qui souhaitent ramener un morceau de Gran Canaria chez eux. Ce dessous-de-plat devient un excellent souvenir, id\u00e9al pour les touristes \u00e0 la recherche d&rsquo;un souvenir unique et repr\u00e9sentatif de leur visite sur l&rsquo;\u00eele.<\/p>\n<p>Chez Ol\u00e9 Mosaic, en tant que distributeurs de souvenirs en gros, nous proposons ce charmant dessous-de-plat en c\u00e9ramique, parfait pour les boutiques de cadeaux touristiques \u00e0 la recherche de produits authentiques et significatifs. Son design vibrant et son lien culturel en font une option id\u00e9ale pour ceux qui souhaitent se souvenir de leur exp\u00e9rience \u00e0 Gran Canaria.<\/p>\n","protected":false},"excerpt":{"rendered":"<p>Dessous-de-plat en c\u00e9ramique inspir\u00e9 par la faune de Gran Canaria, d\u00e9cor\u00e9 de salamandres et de fleurs color\u00e9es en mosa\u00efque. Ce produit pr\u00e9sente un design vibrant et joyeux, de conception artisanale, peint \u00e0 la main, dans de multiples tons de rouge, vert, bleu et jaune, \u00e9voquant la riche culture canarienne. Avec une finition c\u00e9ramique et un bord tress\u00e9, il est \u00e0 la fois fonctionnel et d\u00e9coratif, apportant une touche distinctive \u00e0 n&rsquo;importe quelle table tout en soulignant l&rsquo;esprit de Gran Canaria.<\/p>\n","protected":false},"featured_media":14205,"template":"","meta":{"_acf_changed":false},"product_brand":[],"product_cat":[827],"product_tag":[530,585],"class_list":{"0":"post-36937","1":"product","2":"type-product","3":"status-publish","4":"has-post-thumbnail","6":"product_cat-dessous-de-plat","7":"product_tag-animaux","8":"product_tag-ceramique","9":"pa_ciudad-gran-canaria","10":"pa_motivo-salamandres","11":"pa_pais-espana","13":"first","14":"instock","15":"shipping-taxable","16":"product-type-simple"},"acf":[],"_links":{"self":[{"href":"https:\/\/olemosaic.com\/fr\/wp-json\/wp\/v2\/product\/36937","targetHints":{"allow":["GET"]}}],"collection":[{"href":"https:\/\/olemosaic.com\/fr\/wp-json\/wp\/v2\/product"}],"about":[{"href":"https:\/\/olemosaic.com\/fr\/wp-json\/wp\/v2\/types\/product"}],"wp:featuredmedia":[{"embeddable":true,"href":"https:\/\/olemosaic.com\/fr\/wp-json\/wp\/v2\/media\/14205"}],"wp:attachment":[{"href":"https:\/\/olemosaic.com\/fr\/wp-json\/wp\/v2\/media?parent=36937"}],"wp:term":[{"taxonomy":"product_brand","embeddable":true,"href":"https:\/\/olemosaic.com\/fr\/wp-json\/wp\/v2\/product_brand?post=36937"},{"taxonomy":"product_cat","embeddable":true,"href":"https:\/\/olemosaic.com\/fr\/wp-json\/wp\/v2\/product_cat?post=36937"},{"taxonomy":"product_tag","embeddable":true,"href":"https:\/\/olemosaic.com\/fr\/wp-json\/wp\/v2\/product_tag?post=36937"}],"curies":[{"name":"wp","href":"https:\/\/api.w.org\/{rel}","templated":true}]}}