{"id":36935,"date":"2025-02-20T23:38:26","date_gmt":"2025-02-20T22:38:26","guid":{"rendered":"http:\/\/olemosaic.com\/producto\/saleros-de-ceramica-sardinas-blanco\/"},"modified":"2025-07-25T18:52:21","modified_gmt":"2025-07-25T16:52:21","slug":"salieres-en-ceramique-sardines-blanc","status":"publish","type":"product","link":"https:\/\/olemosaic.com\/fr\/produit\/salieres-en-ceramique-sardines-blanc\/","title":{"rendered":"Sali\u00e8res en c\u00e9ramique. Sardines. Blanc."},"content":{"rendered":"<p>Ce service de sali\u00e8res en c\u00e9ramique peintes \u00e0 la main est un hommage vibrant \u00e0 la tradition de la p\u00eache sur les c\u00f4tes espagnoles. Chaque sali\u00e8re, d&rsquo;un blanc \u00e9clatant, est d\u00e9cor\u00e9e de sardines color\u00e9es dans des tons rouges, jaunes, bleus et verts, repr\u00e9sentant un spectacle visuel qui \u00e9voque la fra\u00eecheur de la mer M\u00e9diterran\u00e9e. L&rsquo;illustration exquise capture des sardines nageant dans un jeu de couleurs, entour\u00e9es d&rsquo;un fond ornement\u00e9 qui souligne la richesse du style espagnol, ajoutant une touche joyeuse et festive \u00e0 n&rsquo;importe quelle table.<\/p>\n<p>Le design artistique ne ravit pas seulement les yeux, mais se connecte \u00e9galement \u00e0 la culture c\u00f4ti\u00e8re de l&rsquo;Espagne, o\u00f9 la p\u00eache \u00e0 la sardine est une tradition historique profond\u00e9ment enracin\u00e9e. Ce souvenir n&rsquo;est pas seulement une pi\u00e8ce fonctionnelle dans la cuisine, il agit \u00e9galement comme un souvenir significatif, transportant les touristes vers la vivacit\u00e9 des plages et des march\u00e9s locaux o\u00f9 ce poisson frais est vendu.<\/p>\n<p>Id\u00e9ales pour ceux qui souhaitent apporter un petit morceau de culture m\u00e9diterran\u00e9enne dans leur foyer, ces sali\u00e8res sont parfaites pour les touristes \u00e0 la recherche de souvenirs uniques et authentiques. Chez Ol\u00e9 Mosaic, nous nous sp\u00e9cialisons dans l&rsquo;offre de souvenirs en c\u00e9ramique de haute qualit\u00e9 en gros, offrant aux boutiques de cadeaux touristiques l&rsquo;opportunit\u00e9 de pr\u00e9senter ce produit attrayant qui allie art, culture et fonctionnalit\u00e9.<\/p>\n","protected":false},"excerpt":{"rendered":"<p>Sali\u00e8res en c\u00e9ramique peintes \u00e0 la main, d\u00e9cor\u00e9es de sardines color\u00e9es sur fond blanc. Cet ensemble pr\u00e9sente un design vibrant \u00e9voquant la tradition de la p\u00eache sur les c\u00f4tes espagnoles, avec des sardines aux tons rouges, jaunes, bleus et verts. Les d\u00e9tails du design incluent des \u00e9l\u00e9ments d\u00e9coratifs de style espagnol, ajoutant une touche fra\u00eeche et joyeuse \u00e0 votre table. Un souvenir id\u00e9al pour ceux qui souhaitent ramener un petit morceau de culture m\u00e9diterran\u00e9enne chez eux.<\/p>\n","protected":false},"featured_media":8898,"template":"","meta":{"_acf_changed":false},"product_brand":[],"product_cat":[817],"product_tag":[530,585],"class_list":{"0":"post-36935","1":"product","2":"type-product","3":"status-publish","4":"has-post-thumbnail","6":"product_cat-salieres","7":"product_tag-animaux","8":"product_tag-ceramique","9":"pa_motivo-sardines","11":"first","12":"instock","13":"shipping-taxable","14":"product-type-simple"},"acf":[],"_links":{"self":[{"href":"https:\/\/olemosaic.com\/fr\/wp-json\/wp\/v2\/product\/36935","targetHints":{"allow":["GET"]}}],"collection":[{"href":"https:\/\/olemosaic.com\/fr\/wp-json\/wp\/v2\/product"}],"about":[{"href":"https:\/\/olemosaic.com\/fr\/wp-json\/wp\/v2\/types\/product"}],"wp:featuredmedia":[{"embeddable":true,"href":"https:\/\/olemosaic.com\/fr\/wp-json\/wp\/v2\/media\/8898"}],"wp:attachment":[{"href":"https:\/\/olemosaic.com\/fr\/wp-json\/wp\/v2\/media?parent=36935"}],"wp:term":[{"taxonomy":"product_brand","embeddable":true,"href":"https:\/\/olemosaic.com\/fr\/wp-json\/wp\/v2\/product_brand?post=36935"},{"taxonomy":"product_cat","embeddable":true,"href":"https:\/\/olemosaic.com\/fr\/wp-json\/wp\/v2\/product_cat?post=36935"},{"taxonomy":"product_tag","embeddable":true,"href":"https:\/\/olemosaic.com\/fr\/wp-json\/wp\/v2\/product_tag?post=36935"}],"curies":[{"name":"wp","href":"https:\/\/api.w.org\/{rel}","templated":true}]}}