{"id":36933,"date":"2025-02-20T22:38:25","date_gmt":"2025-02-20T22:38:25","guid":{"rendered":"http:\/\/olemosaic.com\/producto\/posavasos-de-ceramica-caballito-de-mar-tenerife\/"},"modified":"2025-07-25T18:54:56","modified_gmt":"2025-07-25T16:54:56","slug":"sous-verre-en-ceramique-hippocampe-tenerife","status":"publish","type":"product","link":"https:\/\/olemosaic.com\/fr\/produit\/sous-verre-en-ceramique-hippocampe-tenerife\/","title":{"rendered":"Sous-verre en c\u00e9ramique. Hippocampe. Tenerife."},"content":{"rendered":"<p>Ce sous-verre en c\u00e9ramique est une repr\u00e9sentation vibrante de l&rsquo;hippocampe, un symbole distinctif de Tenerife. Con\u00e7u avec soin, il pr\u00e9sente une mosa\u00efque color\u00e9e combinant des tons rouges, bleus et verts, \u00e9voquant la richesse de l&rsquo;environnement marin des Canaries. Au centre, l&rsquo;hippocampe arbore une palette de couleurs \u00e9clatantes et joyeuses, entour\u00e9 d&rsquo;\u00e9l\u00e9ments d\u00e9coratifs d\u00e9licats tels qu&rsquo;une \u00e9toile de mer et des algues, ce qui ajoute une touche d&rsquo;authenticit\u00e9 \u00e0 la pi\u00e8ce. Le fond blanc et gris rehausse le design, apportant fra\u00eecheur et luminosit\u00e9, tandis que le texte \u00ab\u00a0TENERIFE\u00a0\u00bb en bas renforce le lien culturel avec l&rsquo;\u00eele.<\/p>\n<p>Ce sous-verre n&rsquo;est pas seulement fonctionnel, il sert \u00e9galement d&rsquo;excellent souvenir capturant l&rsquo;essence de Tenerife et sa riche biodiversit\u00e9 marine. Son design attrayant et color\u00e9 en fait un cadeau parfait pour les touristes \u00e0 la recherche d&rsquo;un souvenir repr\u00e9sentatif de leur visite aux \u00eeles Canaries. Chez Ol\u00e9 Mosaic, nous sommes des distributeurs de souvenirs de haute qualit\u00e9, et ce sous-verre en c\u00e9ramique est id\u00e9al pour les boutiques de cadeaux touristiques souhaitant proposer des articles authentiques et porteurs d&rsquo;une signification culturelle. Attirez vos clients avec ce charmant souvenir qui non seulement d\u00e9core, mais raconte aussi l&rsquo;histoire de l&rsquo;une des plus belles \u00eeles d&rsquo;Espagne.<\/p>\n","protected":false},"excerpt":{"rendered":"<p>Sous-verre en c\u00e9ramique repr\u00e9sentant un hippocampe color\u00e9, symbole de Tenerife. Ce sous-verre attrayant pr\u00e9sente un design vibrant avec une mosa\u00efque de couleurs incluant des rouges, des bleus et des verts, compl\u00e9t\u00e9e par des \u00e9l\u00e9ments d\u00e9coratifs tels qu&rsquo;une \u00e9toile de mer et des algues. Le fond blanc et gris apporte une touche de fra\u00eecheur, tandis que le texte \u00ab\u00a0TENERIFE\u00a0\u00bb souligne le lien avec l&rsquo;\u00eele. Id\u00e9al pour ajouter une touche canarienne \u00e0 n&rsquo;importe quelle table.<\/p>\n","protected":false},"featured_media":14179,"template":"","meta":{"_acf_changed":false},"product_brand":[],"product_cat":[812],"product_tag":[530,585],"class_list":{"0":"post-36933","1":"product","2":"type-product","3":"status-publish","4":"has-post-thumbnail","6":"product_cat-sous-verres","7":"product_tag-animaux","8":"product_tag-ceramique","9":"pa_ciudad-tenerife","10":"pa_motivo-hippocampes","11":"pa_pais-espana","13":"first","14":"instock","15":"shipping-taxable","16":"product-type-simple"},"acf":[],"_links":{"self":[{"href":"https:\/\/olemosaic.com\/fr\/wp-json\/wp\/v2\/product\/36933","targetHints":{"allow":["GET"]}}],"collection":[{"href":"https:\/\/olemosaic.com\/fr\/wp-json\/wp\/v2\/product"}],"about":[{"href":"https:\/\/olemosaic.com\/fr\/wp-json\/wp\/v2\/types\/product"}],"wp:featuredmedia":[{"embeddable":true,"href":"https:\/\/olemosaic.com\/fr\/wp-json\/wp\/v2\/media\/14179"}],"wp:attachment":[{"href":"https:\/\/olemosaic.com\/fr\/wp-json\/wp\/v2\/media?parent=36933"}],"wp:term":[{"taxonomy":"product_brand","embeddable":true,"href":"https:\/\/olemosaic.com\/fr\/wp-json\/wp\/v2\/product_brand?post=36933"},{"taxonomy":"product_cat","embeddable":true,"href":"https:\/\/olemosaic.com\/fr\/wp-json\/wp\/v2\/product_cat?post=36933"},{"taxonomy":"product_tag","embeddable":true,"href":"https:\/\/olemosaic.com\/fr\/wp-json\/wp\/v2\/product_tag?post=36933"}],"curies":[{"name":"wp","href":"https:\/\/api.w.org\/{rel}","templated":true}]}}