{"id":36916,"date":"2025-02-20T23:38:14","date_gmt":"2025-02-20T22:38:14","guid":{"rendered":"http:\/\/olemosaic.com\/producto\/4-bols-de-coco-de-13-x-6-cm-mano-5\/"},"modified":"2025-07-25T20:20:02","modified_gmt":"2025-07-25T18:20:02","slug":"4-bols-noix-de-coco-13-x-6-cm-main-de-fatma","status":"publish","type":"product","link":"https:\/\/olemosaic.com\/fr\/produit\/4-bols-noix-de-coco-13-x-6-cm-main-de-fatma\/","title":{"rendered":"4 Bols en noix de coco de 13 x 6 cm. Main de Fatma."},"content":{"rendered":"<p>Ce lot de 4 bols en noix de coco peints \u00e0 la main est un magnifique exemple de l&rsquo;artisanat m\u00e9diterran\u00e9en, parfait pour ceux qui recherchent des souvenirs authentiques apportant une touche exotique \u00e0 leur foyer. Chaque bol, de 13 x 6 cm, est m\u00e9ticuleusement d\u00e9cor\u00e9 dans des tons vibrants de bleu, rouge, orange et rose, cr\u00e9ant un ensemble plein de vie qui est \u00e0 la fois fonctionnel et une pi\u00e8ce d\u00e9corative impressionnante. Le symbolisme de la main de Fatma, pr\u00e9sent sur chaque bol, \u00e9voque la protection et la fortune, transformant ces objets en bien plus que de simples ustensiles : ce sont des amulettes culturelles li\u00e9es au riche h\u00e9ritage m\u00e9diterran\u00e9en.<\/p>\n<p>Les d\u00e9tails artistiques des bols se combinent avec un fond color\u00e9 qui souligne le design unique et la finition polie, garantissant que chaque pi\u00e8ce soit exclusive. Id\u00e9aux pour servir des ap\u00e9ritifs ou comme \u00e9l\u00e9ments d\u00e9coratifs sur des \u00e9tag\u00e8res ou des tables, ces bols sont parfaits pour les touristes recherchant des souvenirs authentiques de leur exp\u00e9rience dans la r\u00e9gion. Chez Ol\u00e9 Mosaic, nous sommes distributeurs de souvenirs en gros, proposant des produits qui c\u00e9l\u00e8brent l&rsquo;authenticit\u00e9 et l&rsquo;ing\u00e9niosit\u00e9 culturelle. Ces bols en noix de coco ne capturent pas seulement l&rsquo;essence m\u00e9diterran\u00e9enne, ils constituent \u00e9galement une option attrayante pour les boutiques de cadeaux touristiques recherchant des articles distinctifs avec une touche de tradition.<\/p>\n","protected":false},"excerpt":{"rendered":"<p>Lot de quatre bols en noix de coco peints \u00e0 la main, de 13 x 6 cm chacun, parfaits pour donner une touche exotique \u00e0 votre foyer. Ils pr\u00e9sentent un design color\u00e9 dans des tons de bleu, rouge, orange et rose, orn\u00e9s du symbole de la main de Fatma, connu pour sa signification protectrice. Chaque bol est d\u00e9cor\u00e9 en d\u00e9tail avec des motifs \u00e9voquant l&rsquo;h\u00e9ritage culturel m\u00e9diterran\u00e9en, cr\u00e9ant un ensemble vibrant et plein de vie. Id\u00e9aux pour servir des ap\u00e9ritifs ou comme pi\u00e8ces d\u00e9coratives.<\/p>\n","protected":false},"featured_media":14132,"template":"","meta":{"_acf_changed":false},"product_brand":[],"product_cat":[521],"product_tag":[],"class_list":{"0":"post-36916","1":"product","2":"type-product","3":"status-publish","4":"has-post-thumbnail","6":"product_cat-bols","7":"pa_motivo-mains","9":"first","10":"instock","11":"shipping-taxable","12":"product-type-simple"},"acf":[],"_links":{"self":[{"href":"https:\/\/olemosaic.com\/fr\/wp-json\/wp\/v2\/product\/36916","targetHints":{"allow":["GET"]}}],"collection":[{"href":"https:\/\/olemosaic.com\/fr\/wp-json\/wp\/v2\/product"}],"about":[{"href":"https:\/\/olemosaic.com\/fr\/wp-json\/wp\/v2\/types\/product"}],"wp:featuredmedia":[{"embeddable":true,"href":"https:\/\/olemosaic.com\/fr\/wp-json\/wp\/v2\/media\/14132"}],"wp:attachment":[{"href":"https:\/\/olemosaic.com\/fr\/wp-json\/wp\/v2\/media?parent=36916"}],"wp:term":[{"taxonomy":"product_brand","embeddable":true,"href":"https:\/\/olemosaic.com\/fr\/wp-json\/wp\/v2\/product_brand?post=36916"},{"taxonomy":"product_cat","embeddable":true,"href":"https:\/\/olemosaic.com\/fr\/wp-json\/wp\/v2\/product_cat?post=36916"},{"taxonomy":"product_tag","embeddable":true,"href":"https:\/\/olemosaic.com\/fr\/wp-json\/wp\/v2\/product_tag?post=36916"}],"curies":[{"name":"wp","href":"https:\/\/api.w.org\/{rel}","templated":true}]}}