{"id":36915,"date":"2025-02-20T23:38:14","date_gmt":"2025-02-20T22:38:14","guid":{"rendered":"http:\/\/olemosaic.com\/producto\/4-bols-de-coco-de-13-x-6-cm-caballito-de-mar-5\/"},"modified":"2025-07-25T19:28:34","modified_gmt":"2025-07-25T17:28:34","slug":"4-bols-noix-de-coco-13-x-6-cm-hippocampe-tons-metalliques","status":"publish","type":"product","link":"https:\/\/olemosaic.com\/fr\/produit\/4-bols-noix-de-coco-13-x-6-cm-hippocampe-tons-metalliques\/","title":{"rendered":"4 Bols en noix de coco de 13 x 6 cm. Hippocampe. Tons m\u00e9talliques."},"content":{"rendered":"<p>Ce lot de quatre bols en noix de coco d\u00e9cor\u00e9s de motifs d&rsquo;hippocampes est une pi\u00e8ce unique qui capture l&rsquo;essence de l&rsquo;oc\u00e9an et de sa biodiversit\u00e9. Chaque bol, de 13 cm de diam\u00e8tre et 6 cm de hauteur, forme un ensemble harmonieux pour servir des ap\u00e9ritifs ou comme \u00e9l\u00e9ment d\u00e9coratif dans la maison. Les teintes vibrantes, incluant le bleu, le rose, le jaune et un bordeaux d\u00e9licat, sont organis\u00e9es en une mosa\u00efque attrayante qui \u00e9voque la beaut\u00e9 de la mer et de ses cr\u00e9atures.<\/p>\n<p>Sur chaque bol, l&rsquo;image d&rsquo;un hippocampe est rehauss\u00e9e de d\u00e9tails m\u00e9talliques, apportant une touche distinctive et \u00e9l\u00e9gante \u00e0 chaque pi\u00e8ce. Ces bols ne sont pas seulement fonctionnels, ils repr\u00e9sentent \u00e9galement le lien culturel profond avec la d\u00e9coration c\u00f4ti\u00e8re et la tradition artisanale. Ils constituent un magnifique souvenir de l&rsquo;ambiance de plage et de la vie marine, ce qui en fait des souvenirs id\u00e9aux pour ceux qui souhaitent emporter un morceau de la culture m\u00e9diterran\u00e9enne.<\/p>\n<p>Chez Ol\u00e9 Mosaic, nous sommes sp\u00e9cialistes de la distribution en gros de produits authentiques refl\u00e9tant la diversit\u00e9 culturelle de l&rsquo;Espagne et du Portugal. Cet ensemble de bols est une excellente option pour les boutiques de cadeaux touristiques \u00e0 la recherche de souvenirs de qualit\u00e9, uniques et repr\u00e9sentatifs de la tradition artisanale. En tant que grossistes en d\u00e9coration, nous garantissons polyvalence et originalit\u00e9 dans chaque produit.<\/p>\n","protected":false},"excerpt":{"rendered":"<p>Lot de quatre bols en noix de coco de 13 x 6 cm, d\u00e9cor\u00e9s de motifs d&rsquo;hippocampes de diff\u00e9rentes couleurs. Chaque bol pr\u00e9sente un design unique, avec des teintes variant entre le bleu, le rose, le jaune et le transparent, formant une mosa\u00efque attrayante qui \u00e9voque la beaut\u00e9 de la mer. L&rsquo;image d&rsquo;un hippocampe dans des tons m\u00e9talliques ajoute une touche distinctive. Parfaits pour servir des ap\u00e9ritifs ou comme \u00e9l\u00e9ments d\u00e9coratifs dans n&rsquo;importe quel foyer.<\/p>\n","protected":false},"featured_media":14131,"template":"","meta":{"_acf_changed":false},"product_brand":[],"product_cat":[521],"product_tag":[530],"class_list":{"0":"post-36915","1":"product","2":"type-product","3":"status-publish","4":"has-post-thumbnail","6":"product_cat-bols","7":"product_tag-animaux","8":"pa_motivo-hippocampes","10":"first","11":"instock","12":"shipping-taxable","13":"product-type-simple"},"acf":[],"_links":{"self":[{"href":"https:\/\/olemosaic.com\/fr\/wp-json\/wp\/v2\/product\/36915","targetHints":{"allow":["GET"]}}],"collection":[{"href":"https:\/\/olemosaic.com\/fr\/wp-json\/wp\/v2\/product"}],"about":[{"href":"https:\/\/olemosaic.com\/fr\/wp-json\/wp\/v2\/types\/product"}],"wp:featuredmedia":[{"embeddable":true,"href":"https:\/\/olemosaic.com\/fr\/wp-json\/wp\/v2\/media\/14131"}],"wp:attachment":[{"href":"https:\/\/olemosaic.com\/fr\/wp-json\/wp\/v2\/media?parent=36915"}],"wp:term":[{"taxonomy":"product_brand","embeddable":true,"href":"https:\/\/olemosaic.com\/fr\/wp-json\/wp\/v2\/product_brand?post=36915"},{"taxonomy":"product_cat","embeddable":true,"href":"https:\/\/olemosaic.com\/fr\/wp-json\/wp\/v2\/product_cat?post=36915"},{"taxonomy":"product_tag","embeddable":true,"href":"https:\/\/olemosaic.com\/fr\/wp-json\/wp\/v2\/product_tag?post=36915"}],"curies":[{"name":"wp","href":"https:\/\/api.w.org\/{rel}","templated":true}]}}