{"id":36913,"date":"2025-02-20T23:38:13","date_gmt":"2025-02-20T22:38:13","guid":{"rendered":"http:\/\/olemosaic.com\/producto\/iman-de-resina-salamandra-y-flores-barcelona-2\/"},"modified":"2025-07-25T19:17:39","modified_gmt":"2025-07-25T17:17:39","slug":"aimant-resine-salamandre-fleurs-gaudi-barcelone","status":"publish","type":"product","link":"https:\/\/olemosaic.com\/fr\/produit\/aimant-resine-salamandre-fleurs-gaudi-barcelone\/","title":{"rendered":"Aimant en r\u00e9sine. Salamandre et fleurs de Gaud\u00ed. Barcelone."},"content":{"rendered":"<p>Cet aimant en r\u00e9sine vibrant est une repr\u00e9sentation exquise de Barcelone, id\u00e9al pour ceux qui recherchent un souvenir authentique de la ville. Con\u00e7u avec deux salamandres color\u00e9es dans un environnement luxuriant de fleurs, cet aimant capture l&rsquo;essence artistique de l&rsquo;architecture moderniste de la capitale catalane, \u00e9voquant la technique de la mosa\u00efque qui caract\u00e9rise l&rsquo;\u0153uvre d&rsquo;Antoni Gaud\u00ed. Sa finition brillante et ses teintes frappantes, avec des d\u00e9tails rouges, bleus et verts sur les salamandres qui compl\u00e8tent parfaitement les motifs floraux encadrant la pi\u00e8ce, attireront tous les regards et cr\u00e9eront un design vif et joyeux.<\/p>\n<p>Le texte imprim\u00e9 en couleur \u00ab Barcelone \u00bb dans la partie inf\u00e9rieure apporte une touche finale dynamique et souligne la connexion culturelle du produit avec la ville. Cet aimant repr\u00e9sente bien plus qu&rsquo;un simple souvenir : c&rsquo;est un petit fragment du riche h\u00e9ritage artistique et de la vitalit\u00e9 de Barcelone, ce qui en fait un excellent souvenir pour les touristes et les visiteurs.<\/p>\n<p>Chez Ol\u00e9 Mosaic, nous nous sp\u00e9cialisons dans la distribution de souvenirs uniques en gros, et cet aimant en r\u00e9sine est un choix parfait pour les boutiques de cadeaux touristiques souhaitant proposer des produits c\u00e9l\u00e9brant l&rsquo;authenticit\u00e9 et l&rsquo;esprit culturel de Barcelone. En choisissant cet aimant, les touristes ne repartent pas seulement avec un objet d\u00e9coratif, mais aussi avec un morceau de l&rsquo;histoire et de l&rsquo;art catalan, id\u00e9al pour se souvenir de leur visite dans cette ville vibrante.<\/p>\n","protected":false},"excerpt":{"rendered":"<p>Aimant vibrant repr\u00e9sentant deux salamandres entour\u00e9es d&rsquo;un festin de fleurs, inspir\u00e9 de l&rsquo;architecture color\u00e9e de Barcelone. Ce design attrayant, avec un texte imprim\u00e9 dans des tons multicolores disant \u00ab Barcelone \u00bb, se distingue par sa finition brillante et sa technique de mosa\u00efque, \u00e9voquant l&rsquo;essence artistique de Gaud\u00ed. Les couleurs vives des fleurs contrastent avec les salamandres, cr\u00e9ant un souvenir parfait qui capture la joie et l&rsquo;esprit de la ville.<\/p>\n","protected":false},"featured_media":14129,"template":"","meta":{"_acf_changed":false},"product_brand":[],"product_cat":[697],"product_tag":[530],"class_list":{"0":"post-36913","1":"product","2":"type-product","3":"status-publish","4":"has-post-thumbnail","6":"product_cat-aimants","7":"product_tag-animaux","8":"pa_ciudad-barcelona","9":"pa_motivo-salamandres","10":"pa_pais-espana","12":"first","13":"instock","14":"shipping-taxable","15":"product-type-simple"},"acf":[],"_links":{"self":[{"href":"https:\/\/olemosaic.com\/fr\/wp-json\/wp\/v2\/product\/36913","targetHints":{"allow":["GET"]}}],"collection":[{"href":"https:\/\/olemosaic.com\/fr\/wp-json\/wp\/v2\/product"}],"about":[{"href":"https:\/\/olemosaic.com\/fr\/wp-json\/wp\/v2\/types\/product"}],"wp:featuredmedia":[{"embeddable":true,"href":"https:\/\/olemosaic.com\/fr\/wp-json\/wp\/v2\/media\/14129"}],"wp:attachment":[{"href":"https:\/\/olemosaic.com\/fr\/wp-json\/wp\/v2\/media?parent=36913"}],"wp:term":[{"taxonomy":"product_brand","embeddable":true,"href":"https:\/\/olemosaic.com\/fr\/wp-json\/wp\/v2\/product_brand?post=36913"},{"taxonomy":"product_cat","embeddable":true,"href":"https:\/\/olemosaic.com\/fr\/wp-json\/wp\/v2\/product_cat?post=36913"},{"taxonomy":"product_tag","embeddable":true,"href":"https:\/\/olemosaic.com\/fr\/wp-json\/wp\/v2\/product_tag?post=36913"}],"curies":[{"name":"wp","href":"https:\/\/api.w.org\/{rel}","templated":true}]}}