{"id":36906,"date":"2025-02-20T23:38:08","date_gmt":"2025-02-20T22:38:08","guid":{"rendered":"http:\/\/olemosaic.com\/producto\/iman-de-resina-toros-valencia\/"},"modified":"2025-07-25T19:38:06","modified_gmt":"2025-07-25T17:38:06","slug":"aimant-resine-taureaux-valence","status":"publish","type":"product","link":"https:\/\/olemosaic.com\/fr\/produit\/aimant-resine-taureaux-valence\/","title":{"rendered":"Aimant en r\u00e9sine. Taureaux. Valence."},"content":{"rendered":"<p>Cet aimant en r\u00e9sine capture l&rsquo;essence vibrante de Valence, avec un taureau iconique symbolisant la riche tradition espagnole. Con\u00e7u dans un style mosa\u00efque inspirant, sa surface pr\u00e9sente un \u00e9ventail \u00e9blouissant de couleurs : verts, bleus, rouges et jaunes se combinent pour cr\u00e9er une repr\u00e9sentation visuellement percutante. Le fond ensoleill\u00e9, orn\u00e9 d&rsquo;un soleil radieux et de d\u00e9licates fleurs rouges, compl\u00e8te le taureau et \u00e9voque la chaleur du climat m\u00e9diterran\u00e9en et la beaut\u00e9 naturelle de la r\u00e9gion.<\/p>\n<p>Le mot \u00ab\u00a0Valence\u00a0\u00bb se d\u00e9tache dans un style typographique frappant, garantissant que cet aimant soit un symbole authentique de la culture valencienne. Ce n&rsquo;est pas seulement un objet fonctionnel, mais un souvenir qui c\u00e9l\u00e8bre le folklore et la passion d&rsquo;une ville connue pour ses f\u00eates, ses corridas et sa gastronomie. Id\u00e9al pour les touristes \u00e0 la recherche d&rsquo;un souvenir de Valence, cet aimant est une excellente option pour les boutiques de cadeaux. Chez Ol\u00e9 Mosaic, en tant que grossistes de produits uniques, nous garantissons que chaque aimant en r\u00e9sine est une pi\u00e8ce repr\u00e9sentative de la tradition et de l&rsquo;art espagnol, parfaite pour se rem\u00e9morer des moments inoubliables.<\/p>\n","protected":false},"excerpt":{"rendered":"<p>Aimant capturant l&rsquo;essence de Valence, avec une repr\u00e9sentation color\u00e9e d&rsquo;un taureau, symbole de la tradition espagnole. Le design, inspir\u00e9 de la technique de la mosa\u00efque, se distingue par une palette de couleurs vibrantes : verts, bleus, rouges et jaunes. Entour\u00e9 d&rsquo;un fond ensoleill\u00e9 avec un soleil radieux et des fleurs, chaque d\u00e9tail est m\u00e9ticuleusement \u00e9labor\u00e9, offrant un souvenir attrayant et authentique de la culture valencienne. Le mot \u00ab\u00a0Valence\u00a0\u00bb appara\u00eet dans un style frappant, compl\u00e9tant l&rsquo;ensemble.<\/p>\n","protected":false},"featured_media":14102,"template":"","meta":{"_acf_changed":false},"product_brand":[],"product_cat":[697],"product_tag":[530],"class_list":{"0":"post-36906","1":"product","2":"type-product","3":"status-publish","4":"has-post-thumbnail","6":"product_cat-aimants","7":"product_tag-animaux","8":"pa_ciudad-valencia","9":"pa_motivo-taureaux","10":"pa_pais-espana","12":"first","13":"instock","14":"shipping-taxable","15":"product-type-simple"},"acf":[],"_links":{"self":[{"href":"https:\/\/olemosaic.com\/fr\/wp-json\/wp\/v2\/product\/36906","targetHints":{"allow":["GET"]}}],"collection":[{"href":"https:\/\/olemosaic.com\/fr\/wp-json\/wp\/v2\/product"}],"about":[{"href":"https:\/\/olemosaic.com\/fr\/wp-json\/wp\/v2\/types\/product"}],"wp:featuredmedia":[{"embeddable":true,"href":"https:\/\/olemosaic.com\/fr\/wp-json\/wp\/v2\/media\/14102"}],"wp:attachment":[{"href":"https:\/\/olemosaic.com\/fr\/wp-json\/wp\/v2\/media?parent=36906"}],"wp:term":[{"taxonomy":"product_brand","embeddable":true,"href":"https:\/\/olemosaic.com\/fr\/wp-json\/wp\/v2\/product_brand?post=36906"},{"taxonomy":"product_cat","embeddable":true,"href":"https:\/\/olemosaic.com\/fr\/wp-json\/wp\/v2\/product_cat?post=36906"},{"taxonomy":"product_tag","embeddable":true,"href":"https:\/\/olemosaic.com\/fr\/wp-json\/wp\/v2\/product_tag?post=36906"}],"curies":[{"name":"wp","href":"https:\/\/api.w.org\/{rel}","templated":true}]}}