{"id":36905,"date":"2025-02-20T23:38:08","date_gmt":"2025-02-20T22:38:08","guid":{"rendered":"http:\/\/olemosaic.com\/producto\/iman-de-resina-panoramica-marbella\/"},"modified":"2025-07-25T18:42:03","modified_gmt":"2025-07-25T16:42:03","slug":"aimant-resine-panoramique-marbella","status":"publish","type":"product","link":"https:\/\/olemosaic.com\/fr\/produit\/aimant-resine-panoramique-marbella\/","title":{"rendered":"Aimant en r\u00e9sine. Panoramique. Marbella."},"content":{"rendered":"<p>Cet aimant en r\u00e9sine, qui capture l&rsquo;essence de Marbella, est un souvenir vibrant et attrayant qui transforme les souvenirs en art. Avec un design panoramique captivant, il met en avant les \u00e9l\u00e9ments iconiques de cette belle ville andalouse. Au premier plan, le c\u00e9l\u00e8bre phare se dresse avec ses bandes rouges et blanches distinctives, tandis que les b\u00e2timents modernes de la c\u00f4te ajoutent une touche contemporaine \u00e0 la sc\u00e8ne. Les palmiers luxuriants encadrent l&rsquo;image, \u00e9voquant l&rsquo;atmosph\u00e8re tropicale et relaxante qui caract\u00e9rise Marbella.<\/p>\n<p>Le fond bleu intense repr\u00e9sente un ciel ensoleill\u00e9, id\u00e9al pour se rem\u00e9morer les journ\u00e9es dor\u00e9es \u00e0 la plage, tandis que le soleil radieux semble sourire sur ce panorama vibrant. Le mot \u00ab\u00a0Marbella\u00a0\u00bb, \u00e9crit en lettres brillantes et color\u00e9es, ajoute une touche joyeuse et ludique, faisant de cet aimant un excellent rappel des vacances sur la Costa del Sol.<\/p>\n<p>Cet aimant n&rsquo;est pas seulement un ornement d\u00e9coratif, mais un symbole culturel qui repr\u00e9sente le m\u00e9lange de tradition et de modernit\u00e9 d\u00e9finissant Marbella. C&rsquo;est le souvenir parfait pour les touristes cherchant \u00e0 emporter un morceau de leur exp\u00e9rience ou comme cadeau authentique pour les amis et la famille. Chez Ol\u00e9 Mosaic, en tant que distributeurs de souvenirs en gros, nous proposons des produits qui refl\u00e8tent l&rsquo;esprit du lieu, et cet aimant de Marbella est un choix exceptionnel pour les boutiques de cadeaux touristiques recherchant qualit\u00e9 et authenticit\u00e9 dans leurs produits.<\/p>\n","protected":false},"excerpt":{"rendered":"<p>Aimant capturant l&rsquo;essence de Marbella avec un panorama vibrant de sa c\u00f4te. Ce souvenir attrayant montre un design color\u00e9 incluant le c\u00e9l\u00e8bre phare, des b\u00e2timents embl\u00e9matiques et des palmiers, le tout encadr\u00e9 par un ciel bleu ensoleill\u00e9. Le mot \u00ab\u00a0Marbella\u00a0\u00bb se d\u00e9tache en lettres brillantes, \u00e9voquant le caract\u00e8re joyeux et ensoleill\u00e9 de cette ville andalouse. Id\u00e9al pour se souvenir de votre visite ou comme cadeau pour les amis et la famille.<\/p>\n","protected":false},"featured_media":14101,"template":"","meta":{"_acf_changed":false},"product_brand":[],"product_cat":[697],"product_tag":[],"class_list":{"0":"post-36905","1":"product","2":"type-product","3":"status-publish","4":"has-post-thumbnail","6":"product_cat-aimants","7":"pa_ciudad-marbella","8":"pa_motivo-panoramas","9":"pa_pais-espana","11":"first","12":"instock","13":"shipping-taxable","14":"product-type-simple"},"acf":[],"_links":{"self":[{"href":"https:\/\/olemosaic.com\/fr\/wp-json\/wp\/v2\/product\/36905","targetHints":{"allow":["GET"]}}],"collection":[{"href":"https:\/\/olemosaic.com\/fr\/wp-json\/wp\/v2\/product"}],"about":[{"href":"https:\/\/olemosaic.com\/fr\/wp-json\/wp\/v2\/types\/product"}],"wp:featuredmedia":[{"embeddable":true,"href":"https:\/\/olemosaic.com\/fr\/wp-json\/wp\/v2\/media\/14101"}],"wp:attachment":[{"href":"https:\/\/olemosaic.com\/fr\/wp-json\/wp\/v2\/media?parent=36905"}],"wp:term":[{"taxonomy":"product_brand","embeddable":true,"href":"https:\/\/olemosaic.com\/fr\/wp-json\/wp\/v2\/product_brand?post=36905"},{"taxonomy":"product_cat","embeddable":true,"href":"https:\/\/olemosaic.com\/fr\/wp-json\/wp\/v2\/product_cat?post=36905"},{"taxonomy":"product_tag","embeddable":true,"href":"https:\/\/olemosaic.com\/fr\/wp-json\/wp\/v2\/product_tag?post=36905"}],"curies":[{"name":"wp","href":"https:\/\/api.w.org\/{rel}","templated":true}]}}