{"id":36903,"date":"2025-02-20T23:38:08","date_gmt":"2025-02-20T22:38:08","guid":{"rendered":"http:\/\/olemosaic.com\/producto\/iman-de-resina-toro-y-bailaora-madrid\/"},"modified":"2025-07-25T20:23:18","modified_gmt":"2025-07-25T18:23:18","slug":"aimant-resine-taureau-danseuse-madrid","status":"publish","type":"product","link":"https:\/\/olemosaic.com\/fr\/produit\/aimant-resine-taureau-danseuse-madrid\/","title":{"rendered":"Aimant en r\u00e9sine. Taureau et danseuse. Madrid."},"content":{"rendered":"<p>Cet aimant en r\u00e9sine de Madrid capture l&rsquo;essence vibrante de la capitale espagnole \u00e0 travers un design captivant repr\u00e9sentant un taureau et une danseuse. Gr\u00e2ce \u00e0 une technique de mosa\u00efque \u00e9labor\u00e9e, l&rsquo;aimant se distingue par son explosion de couleurs vives et de formes g\u00e9om\u00e9triques, ce qui en fait un souvenir attrayant id\u00e9al pour tout visiteur. La figure du taureau, symbole embl\u00e9matique de la culture espagnole, est pr\u00e9sent\u00e9e dans des tons intenses de bleu et de vert, tandis que la danseuse, v\u00eatue d&rsquo;une spectaculaire robe rouge, irradie gr\u00e2ce et joie, \u00e9voquant la passion du flamenco. Le texte \u00ab\u00a0MADRID\u00a0\u00bb ressort en bas, servant de rappel de cette ville embl\u00e9matique, berceau de traditions ardentes.<\/p>\n<p>Cet aimant n&rsquo;est pas seulement un objet d\u00e9coratif, mais il encapsule le riche h\u00e9ritage culturel de Madrid, devenant un souvenir authentique qui connecte les touristes aux traditions artistiques et folkloriques espagnoles. Chez Ol\u00e9 Mosaic, nous sommes fiers de proposer des souvenirs en r\u00e9sine de haute qualit\u00e9 et d&rsquo;une grande pertinence culturelle, id\u00e9aux pour les boutiques de cadeaux touristiques \u00e0 la recherche de produits uniques et repr\u00e9sentatifs. Cet aimant taureau et danseuse est une excellente option pour ceux qui souhaitent emporter un morceau de Madrid, assurant sa place parmi les souvenirs pr\u00e9f\u00e9r\u00e9s de la ville.<\/p>\n","protected":false},"excerpt":{"rendered":"<p>Aimant capturant l&rsquo;essence de Madrid avec un design vibrant repr\u00e9sentant un taureau et une danseuse. Ce souvenir attrayant, r\u00e9alis\u00e9 avec la technique de la mosa\u00efque, pr\u00e9sente des couleurs vives et des formes g\u00e9om\u00e9triques qui donnent vie \u00e0 la sc\u00e8ne. La danseuse, avec une magnifique robe rouge, est accompagn\u00e9e de l&rsquo;iconique taureau, symbole de la culture espagnole, tandis que le texte \u00ab\u00a0MADRID\u00a0\u00bb se d\u00e9tache en bas, en faisant le souvenir parfait de la ville.<\/p>\n","protected":false},"featured_media":14099,"template":"","meta":{"_acf_changed":false},"product_brand":[],"product_cat":[697],"product_tag":[530],"class_list":{"0":"post-36903","1":"product","2":"type-product","3":"status-publish","4":"has-post-thumbnail","6":"product_cat-aimants","7":"product_tag-animaux","8":"pa_ciudad-madrid","9":"pa_motivo-taureaux","10":"pa_pais-espana","12":"first","13":"instock","14":"shipping-taxable","15":"product-type-simple"},"acf":[],"_links":{"self":[{"href":"https:\/\/olemosaic.com\/fr\/wp-json\/wp\/v2\/product\/36903","targetHints":{"allow":["GET"]}}],"collection":[{"href":"https:\/\/olemosaic.com\/fr\/wp-json\/wp\/v2\/product"}],"about":[{"href":"https:\/\/olemosaic.com\/fr\/wp-json\/wp\/v2\/types\/product"}],"wp:featuredmedia":[{"embeddable":true,"href":"https:\/\/olemosaic.com\/fr\/wp-json\/wp\/v2\/media\/14099"}],"wp:attachment":[{"href":"https:\/\/olemosaic.com\/fr\/wp-json\/wp\/v2\/media?parent=36903"}],"wp:term":[{"taxonomy":"product_brand","embeddable":true,"href":"https:\/\/olemosaic.com\/fr\/wp-json\/wp\/v2\/product_brand?post=36903"},{"taxonomy":"product_cat","embeddable":true,"href":"https:\/\/olemosaic.com\/fr\/wp-json\/wp\/v2\/product_cat?post=36903"},{"taxonomy":"product_tag","embeddable":true,"href":"https:\/\/olemosaic.com\/fr\/wp-json\/wp\/v2\/product_tag?post=36903"}],"curies":[{"name":"wp","href":"https:\/\/api.w.org\/{rel}","templated":true}]}}