{"id":36902,"date":"2025-02-20T23:38:07","date_gmt":"2025-02-20T22:38:07","guid":{"rendered":"http:\/\/olemosaic.com\/producto\/iman-de-resina-toro-y-bailaora\/"},"modified":"2025-07-25T18:50:26","modified_gmt":"2025-07-25T16:50:26","slug":"aimant-en-resine-taureau-et-danseuse-flamenco","status":"publish","type":"product","link":"https:\/\/olemosaic.com\/fr\/produit\/aimant-en-resine-taureau-et-danseuse-flamenco\/","title":{"rendered":"Aimant en r\u00e9sine. Taureau et danseuse de flamenco."},"content":{"rendered":"<p>Cet aimant en r\u00e9sine capture l&rsquo;essence vibrante de l&rsquo;Espagne avec un design captivant repr\u00e9sentant un taureau et une danseuse de flamenco. Avec des couleurs vives et un style mosa\u00efque, cet aimant ne se contente pas de d\u00e9corer, il raconte une histoire riche en culture. Le taureau, symbole embl\u00e9matique de la tradition espagnole, se d\u00e9tache dans des tons bleus et verts, tandis que la danseuse, avec sa robe \u00e0 volants rouges et ses d\u00e9tails \u00e9l\u00e9gants, danse avec gr\u00e2ce, \u00e9voquant la passion du flamenco. Le design inclut le mot \u00ab\u00a0ESPA\u00d1A\u00a0\u00bb dans une typographie qui accentue encore plus le lien culturel avec la r\u00e9gion.<\/p>\n<p>Cet aimant attrayant est id\u00e9al pour personnaliser n&rsquo;importe quelle surface m\u00e9tallique, devenant un souvenir tangible de votre voyage dans cette belle nation. En plus de sa fonctionnalit\u00e9, il agit comme une pi\u00e8ce d\u00e9corative qui c\u00e9l\u00e8bre le folklore espagnol, en faisant un souvenir exclusif qui captivera tant les touristes que les collectionneurs. Chez Ol\u00e9 Mosaic, nous proposons des souvenirs de qualit\u00e9 authentique qui mettent en valeur la diversit\u00e9 culturelle du pays. Cet aimant est une excellente option pour les boutiques de cadeaux touristiques qui recherchent des produits m\u00e9morables et repr\u00e9sentatifs. En tant que grossistes de souvenirs, nous garantissons l&rsquo;authenticit\u00e9 et le caract\u00e8re distinctif que chaque pi\u00e8ce doit poss\u00e9der.<\/p>\n","protected":false},"excerpt":{"rendered":"<p>Aimant capturant l&rsquo;essence de l&rsquo;Espagne, pr\u00e9sent\u00e9 avec un design vibrant montrant un taureau et une danseuse de flamenco. Cet aimant attrayant est d\u00e9cor\u00e9 de couleurs vives et d&rsquo;un style mosa\u00efque qui donne vie aux mouvements \u00e9l\u00e9gants de la danseuse, v\u00eatue d&rsquo;une robe \u00e0 volants rouges. Sous l&rsquo;image, le mot \u00ab\u00a0ESPA\u00d1A\u00a0\u00bb se d\u00e9tache, une touche repr\u00e9sentative de la culture espagnole. Id\u00e9al pour orner n&rsquo;importe quelle surface m\u00e9tallique et ramener un morceau d&rsquo;Espagne chez soi.<\/p>\n","protected":false},"featured_media":14098,"template":"","meta":{"_acf_changed":false},"product_brand":[],"product_cat":[697],"product_tag":[530],"class_list":{"0":"post-36902","1":"product","2":"type-product","3":"status-publish","4":"has-post-thumbnail","6":"product_cat-aimants","7":"product_tag-animaux","8":"pa_motivo-taureaux","10":"first","11":"instock","12":"shipping-taxable","13":"product-type-simple"},"acf":[],"_links":{"self":[{"href":"https:\/\/olemosaic.com\/fr\/wp-json\/wp\/v2\/product\/36902","targetHints":{"allow":["GET"]}}],"collection":[{"href":"https:\/\/olemosaic.com\/fr\/wp-json\/wp\/v2\/product"}],"about":[{"href":"https:\/\/olemosaic.com\/fr\/wp-json\/wp\/v2\/types\/product"}],"wp:featuredmedia":[{"embeddable":true,"href":"https:\/\/olemosaic.com\/fr\/wp-json\/wp\/v2\/media\/14098"}],"wp:attachment":[{"href":"https:\/\/olemosaic.com\/fr\/wp-json\/wp\/v2\/media?parent=36902"}],"wp:term":[{"taxonomy":"product_brand","embeddable":true,"href":"https:\/\/olemosaic.com\/fr\/wp-json\/wp\/v2\/product_brand?post=36902"},{"taxonomy":"product_cat","embeddable":true,"href":"https:\/\/olemosaic.com\/fr\/wp-json\/wp\/v2\/product_cat?post=36902"},{"taxonomy":"product_tag","embeddable":true,"href":"https:\/\/olemosaic.com\/fr\/wp-json\/wp\/v2\/product_tag?post=36902"}],"curies":[{"name":"wp","href":"https:\/\/api.w.org\/{rel}","templated":true}]}}