{"id":36900,"date":"2025-02-20T23:37:58","date_gmt":"2025-02-20T22:37:58","guid":{"rendered":"http:\/\/olemosaic.com\/producto\/iman-de-resina-panoramica\/"},"modified":"2025-07-25T20:05:42","modified_gmt":"2025-07-25T18:05:42","slug":"aimant-en-resine-panoramique-espagne","status":"publish","type":"product","link":"https:\/\/olemosaic.com\/fr\/produit\/aimant-en-resine-panoramique-espagne\/","title":{"rendered":"Aimant en r\u00e9sine. Panoramique. Espagne"},"content":{"rendered":"<p>Aimant en r\u00e9sine avec une vue panoramique de l&rsquo;Espagne. Cet aimant vibrant capture la riche culture et la diversit\u00e9 des paysages du pays, devenant un souvenir id\u00e9al pour ceux qui souhaitent ramener un morceau d&rsquo;Espagne chez eux. La pi\u00e8ce se distingue par son design color\u00e9, qui inclut des figures iconiques telles qu&rsquo;un danseur de flamenco, un agriculteur, un taureau et les c\u00e9l\u00e8bres moulins \u00e0 vent, \u00e9l\u00e9ments essentiels du patrimoine culturel espagnol. Les d\u00e9tails peints \u00e0 la main dans des tons vifs soulignent l&rsquo;authenticit\u00e9 du produit, rendant chaque aimant unique.<\/p>\n<p>La repr\u00e9sentation du danseur, avec son costume \u00e0 volants et la passion du flamenco, refl\u00e8te l&rsquo;\u00e9nergie des traditions espagnoles, tandis que l&rsquo;inclusion de l&rsquo;agriculteur et du taureau c\u00e9l\u00e8bre le lien avec la campagne et l&rsquo;\u00e9levage. Les moulins \u00e0 vent \u00e9voquent la litt\u00e9rature classique, comme \u00ab\u00a0Don Quichotte de la Manche\u00a0\u00bb, ajoutant une autre couche de signification culturelle au design. Cet aimant ne d\u00e9core pas seulement n&rsquo;importe quel r\u00e9frig\u00e9rateur, mais devient aussi un rappel constant des traditions vibrantes et du mode de vie espagnol. Chez Ol\u00e9 Mosaic, nous sommes distributeurs de souvenirs authentiques, et cet aimant d&rsquo;Espagne est un choix parfait pour les boutiques de cadeaux touristiques qui recherchent des produits repr\u00e9sentatifs de la culture espagnole.<\/p>\n","protected":false},"excerpt":{"rendered":"<p>Aimant avec une vue panoramique vibrante de l&rsquo;Espagne, capturant sa richesse culturelle et paysag\u00e8re. Cet aimant color\u00e9 pr\u00e9sente des figures iconiques telles qu&rsquo;un danseur de flamenco, un agriculteur et un taureau, ainsi que des \u00e9l\u00e9ments architecturaux embl\u00e9matiques comme les c\u00e9l\u00e8bres moulins \u00e0 vent. Avec une finition aux tons vifs et des d\u00e9tails peints \u00e0 la main, cet aimant est un souvenir id\u00e9al qui c\u00e9l\u00e9brera l&rsquo;esprit espagnol dans n&rsquo;importe quel foyer.<\/p>\n","protected":false},"featured_media":14046,"template":"","meta":{"_acf_changed":false},"product_brand":[],"product_cat":[697],"product_tag":[],"class_list":{"0":"post-36900","1":"product","2":"type-product","3":"status-publish","4":"has-post-thumbnail","6":"product_cat-aimants","7":"pa_motivo-panoramas","9":"first","10":"instock","11":"shipping-taxable","12":"product-type-simple"},"acf":[],"_links":{"self":[{"href":"https:\/\/olemosaic.com\/fr\/wp-json\/wp\/v2\/product\/36900","targetHints":{"allow":["GET"]}}],"collection":[{"href":"https:\/\/olemosaic.com\/fr\/wp-json\/wp\/v2\/product"}],"about":[{"href":"https:\/\/olemosaic.com\/fr\/wp-json\/wp\/v2\/types\/product"}],"wp:featuredmedia":[{"embeddable":true,"href":"https:\/\/olemosaic.com\/fr\/wp-json\/wp\/v2\/media\/14046"}],"wp:attachment":[{"href":"https:\/\/olemosaic.com\/fr\/wp-json\/wp\/v2\/media?parent=36900"}],"wp:term":[{"taxonomy":"product_brand","embeddable":true,"href":"https:\/\/olemosaic.com\/fr\/wp-json\/wp\/v2\/product_brand?post=36900"},{"taxonomy":"product_cat","embeddable":true,"href":"https:\/\/olemosaic.com\/fr\/wp-json\/wp\/v2\/product_cat?post=36900"},{"taxonomy":"product_tag","embeddable":true,"href":"https:\/\/olemosaic.com\/fr\/wp-json\/wp\/v2\/product_tag?post=36900"}],"curies":[{"name":"wp","href":"https:\/\/api.w.org\/{rel}","templated":true}]}}