{"id":36899,"date":"2025-02-20T23:37:58","date_gmt":"2025-02-20T22:37:58","guid":{"rendered":"http:\/\/olemosaic.com\/producto\/iman-de-resina-panoramica-bilbao\/"},"modified":"2025-07-25T20:01:39","modified_gmt":"2025-07-25T18:01:39","slug":"aimant-en-resine-panoramique-bilbao","status":"publish","type":"product","link":"https:\/\/olemosaic.com\/fr\/produit\/aimant-en-resine-panoramique-bilbao\/","title":{"rendered":"Aimant en r\u00e9sine. Panoramique. Bilbao."},"content":{"rendered":"<p>Aimant en r\u00e9sine panoramique de Bilbao. Cet aimant en r\u00e9sine vibrant capture parfaitement l&rsquo;essence architecturale de Bilbao, une destination connue pour sa riche culture et sa fusion innovante du classique et du contemporain. Avec un design spectaculaire et color\u00e9, il pr\u00e9sente des monuments embl\u00e9matiques tels que l&rsquo;iconique mus\u00e9e Guggenheim, symbole de l&rsquo;avant-garde artistique de la ville, et le majestueux pont de Deusto, qui relie des zones importantes de Bilbao. De plus, le c\u00e9l\u00e8bre chien en mosa\u00efques color\u00e9es, ou \u00ab\u00a0Puppy\u00a0\u00bb, de Jeff Koons, tr\u00f4ne joyeusement dans la composition, ajoutant une touche amusante et moderne.<\/p>\n<p>Compl\u00e9t\u00e9 par un soleil radieux qui brille en arri\u00e8re-plan, cet aimant n&rsquo;est pas un simple souvenir, mais une v\u00e9ritable \u0153uvre d&rsquo;art qui refl\u00e8te la vitalit\u00e9 et le charme du panorama de Bilbao. L&rsquo;attention port\u00e9e aux d\u00e9tails dans la r\u00e9sine souligne les diff\u00e9rents tons et textures, faisant de cet aimant un cadeau attrayant tant pour les touristes que pour les amateurs d&rsquo;architecture et de culture basque.<\/p>\n<p>Chez Ol\u00e9 Mosaic, nous sommes sp\u00e9cialis\u00e9s dans la distribution de souvenirs en gros, et cet aimant de Bilbao est une excellente option pour les boutiques de cadeaux touristiques, garantissant un souvenir authentique et repr\u00e9sentatif de la ville. Son design artistique et accrocheur en fait un souvenir parfait qui permettra aux visiteurs de ramener un morceau de Bilbao dans leurs foyers. En tant que grossistes de souvenirs, nous offrons qualit\u00e9 et authenticit\u00e9 dans chaque pi\u00e8ce, id\u00e9al pour capter l&rsquo;attention des acheteurs.<\/p>\n","protected":false},"excerpt":{"rendered":"<p>Aimant avec une vue panoramique vibrante de Bilbao qui capture l&rsquo;essence architecturale de la ville. Cet aimant color\u00e9 montre l&rsquo;iconique Guggenheim, le pont de Deusto et le c\u00e9l\u00e8bre chien en mosa\u00efques color\u00e9es, le tout sous un soleil radieux. Avec son design artistique et ses d\u00e9tails frappants, ce souvenir est parfait pour ramener un morceau de Bilbao \u00e0 la maison. Id\u00e9al pour les amateurs d&rsquo;architecture et de culture basque.<\/p>\n","protected":false},"featured_media":14045,"template":"","meta":{"_acf_changed":false},"product_brand":[],"product_cat":[697],"product_tag":[],"class_list":{"0":"post-36899","1":"product","2":"type-product","3":"status-publish","4":"has-post-thumbnail","6":"product_cat-aimants","7":"pa_ciudad-bilbao","8":"pa_motivo-panoramas","9":"pa_pais-espana","11":"first","12":"instock","13":"shipping-taxable","14":"product-type-simple"},"acf":[],"_links":{"self":[{"href":"https:\/\/olemosaic.com\/fr\/wp-json\/wp\/v2\/product\/36899","targetHints":{"allow":["GET"]}}],"collection":[{"href":"https:\/\/olemosaic.com\/fr\/wp-json\/wp\/v2\/product"}],"about":[{"href":"https:\/\/olemosaic.com\/fr\/wp-json\/wp\/v2\/types\/product"}],"wp:featuredmedia":[{"embeddable":true,"href":"https:\/\/olemosaic.com\/fr\/wp-json\/wp\/v2\/media\/14045"}],"wp:attachment":[{"href":"https:\/\/olemosaic.com\/fr\/wp-json\/wp\/v2\/media?parent=36899"}],"wp:term":[{"taxonomy":"product_brand","embeddable":true,"href":"https:\/\/olemosaic.com\/fr\/wp-json\/wp\/v2\/product_brand?post=36899"},{"taxonomy":"product_cat","embeddable":true,"href":"https:\/\/olemosaic.com\/fr\/wp-json\/wp\/v2\/product_cat?post=36899"},{"taxonomy":"product_tag","embeddable":true,"href":"https:\/\/olemosaic.com\/fr\/wp-json\/wp\/v2\/product_tag?post=36899"}],"curies":[{"name":"wp","href":"https:\/\/api.w.org\/{rel}","templated":true}]}}