{"id":36898,"date":"2025-02-20T23:37:58","date_gmt":"2025-02-20T22:37:58","guid":{"rendered":"http:\/\/olemosaic.com\/producto\/iman-de-resina-panoramica-barcelona-14\/"},"modified":"2025-07-25T19:21:01","modified_gmt":"2025-07-25T17:21:01","slug":"aimant-en-resine-panoramique-barcelone-14","status":"publish","type":"product","link":"https:\/\/olemosaic.com\/fr\/produit\/aimant-en-resine-panoramique-barcelone-14\/","title":{"rendered":"Aimant en r\u00e9sine. Panoramique. Ensoleill\u00e9. Sagrada Familia. Barcelone."},"content":{"rendered":"<p>D\u00e9couvrez notre aimant en r\u00e9sine avec une vue panoramique vibrante de Barcelone, un souvenir qui capture l&rsquo;essence de la capitale catalane en un seul coup d&rsquo;\u0153il. Cet aimant color\u00e9 se distingue par son design unique, qui r\u00e9unit des monuments embl\u00e9matiques tels que la majestueuse Sagrada Familia et l&rsquo;innovante Casa Batll\u00f3, ic\u00f4nes de l&rsquo;architecture moderniste de Gaud\u00ed. La sc\u00e8ne est encadr\u00e9e par un soleil radieux qui illumine chaque d\u00e9tail, le tout pr\u00e9sent\u00e9 dans un charmant style mosa\u00efque qui \u00e9voque les carreaux color\u00e9s qui ornent de nombreux coins de la ville.<\/p>\n<p>Le mot \u00ab\u00a0Barcelone\u00a0\u00bb appara\u00eet en lettres brillantes, ajoutant une touche festive qui en fait un souvenir parfait pour les visiteurs. Cette pi\u00e8ce n&rsquo;est pas seulement un aimant fonctionnel, mais aussi un v\u00e9ritable embl\u00e8me de la riche culture et du patrimoine artistique que Barcelone offre. Id\u00e9al pour ceux qui cherchent \u00e0 ramener chez eux un morceau du charme catalan, cet aimant r\u00e9sume l&rsquo;esprit vibrant et diversifi\u00e9 de la ville.<\/p>\n<p>Chez Ol\u00e9 Mosaic, nous sommes sp\u00e9cialis\u00e9s dans la distribution de souvenirs en gros, et cet aimant panoramique de Barcelone est une excellente option pour les boutiques de cadeaux touristiques qui souhaitent proposer des produits authentiques et repr\u00e9sentatifs. Avec cet aimant, vos clients pourront se souvenir de leur visite \u00e0 Barcelone chaque fois qu&rsquo;ils le verront, devenant ainsi un v\u00e9ritable tr\u00e9sor de leur exp\u00e9rience.<\/p>\n","protected":false},"excerpt":{"rendered":"<p>Aimant avec une vue panoramique vibrante de Barcelone, mettant en valeur des monuments embl\u00e9matiques tels que la Sagrada Familia et la Casa Batll\u00f3. Cet aimant color\u00e9 pr\u00e9sente un design qui combine des \u00e9l\u00e9ments architecturaux et un soleil radieux en arri\u00e8re-plan, le tout dans un style mosa\u00efque qui capture l&rsquo;essence de la ville. Avec le mot \u00ab\u00a0Barcelone\u00a0\u00bb en lettres brillantes, c&rsquo;est un souvenir parfait qui \u00e9voque la richesse culturelle et artistique de la capitale catalane.<\/p>\n","protected":false},"featured_media":14044,"template":"","meta":{"_acf_changed":false},"product_brand":[],"product_cat":[697],"product_tag":[],"class_list":{"0":"post-36898","1":"product","2":"type-product","3":"status-publish","4":"has-post-thumbnail","6":"product_cat-aimants","7":"pa_ciudad-barcelona","8":"pa_motivo-panoramas","9":"pa_pais-espana","11":"first","12":"instock","13":"shipping-taxable","14":"product-type-simple"},"acf":[],"_links":{"self":[{"href":"https:\/\/olemosaic.com\/fr\/wp-json\/wp\/v2\/product\/36898","targetHints":{"allow":["GET"]}}],"collection":[{"href":"https:\/\/olemosaic.com\/fr\/wp-json\/wp\/v2\/product"}],"about":[{"href":"https:\/\/olemosaic.com\/fr\/wp-json\/wp\/v2\/types\/product"}],"wp:featuredmedia":[{"embeddable":true,"href":"https:\/\/olemosaic.com\/fr\/wp-json\/wp\/v2\/media\/14044"}],"wp:attachment":[{"href":"https:\/\/olemosaic.com\/fr\/wp-json\/wp\/v2\/media?parent=36898"}],"wp:term":[{"taxonomy":"product_brand","embeddable":true,"href":"https:\/\/olemosaic.com\/fr\/wp-json\/wp\/v2\/product_brand?post=36898"},{"taxonomy":"product_cat","embeddable":true,"href":"https:\/\/olemosaic.com\/fr\/wp-json\/wp\/v2\/product_cat?post=36898"},{"taxonomy":"product_tag","embeddable":true,"href":"https:\/\/olemosaic.com\/fr\/wp-json\/wp\/v2\/product_tag?post=36898"}],"curies":[{"name":"wp","href":"https:\/\/api.w.org\/{rel}","templated":true}]}}