{"id":36892,"date":"2025-02-20T23:37:58","date_gmt":"2025-02-20T22:37:58","guid":{"rendered":"http:\/\/olemosaic.com\/producto\/iman-de-resina-panoramica-barcelona-13\/"},"modified":"2025-07-25T18:42:42","modified_gmt":"2025-07-25T16:42:42","slug":"aimant-en-resine-panoramique-barcelone-13","status":"publish","type":"product","link":"https:\/\/olemosaic.com\/fr\/produit\/aimant-en-resine-panoramique-barcelone-13\/","title":{"rendered":"Aimant en r\u00e9sine. Panoramique. Monuments Gaud\u00ed. Barcelone."},"content":{"rendered":"<p>Aimant en r\u00e9sine avec une vue panoramique vibrante de Barcelone qui capture l&rsquo;essence de ses monuments les plus embl\u00e9matiques. Cet aimant charmant pr\u00e9sente une repr\u00e9sentation artistique de la Sagrada Familia et du Parc G\u00fcell, entour\u00e9s de mosa\u00efques color\u00e9es qui \u00e9voquent l&rsquo;esth\u00e9tique unique du c\u00e9l\u00e8bre architecte Antoni Gaud\u00ed. La Sagrada Familia, avec ses hautes tours et ses d\u00e9tails gothiques fascinants, se distingue aux c\u00f4t\u00e9s du c\u00e9l\u00e8bre dragon en mosa\u00efque du Parc G\u00fcell, tous deux symboles repr\u00e9sentatifs de la ville. L&rsquo;inclusion du soleil brillant dans la partie sup\u00e9rieure ajoute une touche de chaleur et de joie, \u00e9voquant le climat ensoleill\u00e9 de la capitale catalane. De plus, le nom \u00ab\u00a0Barcelone\u00a0\u00bb appara\u00eet en lettres color\u00e9es et modernes, offrant un attrait visuel qui souligne la vitalit\u00e9 de la ville.<\/p>\n<p>Cet aimant en r\u00e9sine n&rsquo;est pas seulement une magnifique d\u00e9coration pour la maison, mais aussi un excellent souvenir de la culture et de l&rsquo;architecture catalanes, tr\u00e8s appr\u00e9ci\u00e9 par les touristes qui souhaitent emporter un petit morceau de Barcelone. Chez Ol\u00e9 Mosaic, en tant que grossiste en souvenirs, nous proposons des produits authentiques que refl\u00e8tent la richesse culturelle de l&rsquo;Espagne. Cet aimant est une alternative parfaite pour les boutiques de cadeaux touristiques qui recherchent des souvenirs originaux et de qualit\u00e9 repr\u00e9sentant la beaut\u00e9 et l&rsquo;h\u00e9ritage de Barcelone.<\/p>\n","protected":false},"excerpt":{"rendered":"<p>Aimant avec une vue panoramique vibrante de Barcelone qui capture l&rsquo;essence de ses monuments les plus embl\u00e9matiques. Cet aimant charmant montre la Sagrada Familia et le Parc G\u00fcell, entour\u00e9s de mosa\u00efques color\u00e9es qui \u00e9voquent le style de Gaud\u00ed. L&rsquo;inclusion du soleil radieux dans la partie sup\u00e9rieure rehausse la chaleur de la ville, tandis que le nom \u00ab\u00a0Barcelone\u00a0\u00bb en lettres color\u00e9es ajoute une touche moderne et attrayante. Id\u00e9al pour emporter un souvenir de la capitale catalane.<\/p>\n","protected":false},"featured_media":14043,"template":"","meta":{"_acf_changed":false},"product_brand":[],"product_cat":[697],"product_tag":[],"class_list":{"0":"post-36892","1":"product","2":"type-product","3":"status-publish","4":"has-post-thumbnail","6":"product_cat-aimants","7":"pa_ciudad-barcelona","8":"pa_motivo-panoramas","9":"pa_pais-espana","11":"first","12":"instock","13":"shipping-taxable","14":"product-type-simple"},"acf":[],"_links":{"self":[{"href":"https:\/\/olemosaic.com\/fr\/wp-json\/wp\/v2\/product\/36892","targetHints":{"allow":["GET"]}}],"collection":[{"href":"https:\/\/olemosaic.com\/fr\/wp-json\/wp\/v2\/product"}],"about":[{"href":"https:\/\/olemosaic.com\/fr\/wp-json\/wp\/v2\/types\/product"}],"wp:featuredmedia":[{"embeddable":true,"href":"https:\/\/olemosaic.com\/fr\/wp-json\/wp\/v2\/media\/14043"}],"wp:attachment":[{"href":"https:\/\/olemosaic.com\/fr\/wp-json\/wp\/v2\/media?parent=36892"}],"wp:term":[{"taxonomy":"product_brand","embeddable":true,"href":"https:\/\/olemosaic.com\/fr\/wp-json\/wp\/v2\/product_brand?post=36892"},{"taxonomy":"product_cat","embeddable":true,"href":"https:\/\/olemosaic.com\/fr\/wp-json\/wp\/v2\/product_cat?post=36892"},{"taxonomy":"product_tag","embeddable":true,"href":"https:\/\/olemosaic.com\/fr\/wp-json\/wp\/v2\/product_tag?post=36892"}],"curies":[{"name":"wp","href":"https:\/\/api.w.org\/{rel}","templated":true}]}}