{"id":36891,"date":"2025-02-20T22:37:29","date_gmt":"2025-02-20T22:37:29","guid":{"rendered":"http:\/\/olemosaic.com\/producto\/cortador-de-ceramica-mosaico-sevilla\/"},"modified":"2025-07-25T19:32:32","modified_gmt":"2025-07-25T17:32:32","slug":"planche-a-decouper-en-ceramique-mosaique-seville","status":"publish","type":"product","link":"https:\/\/olemosaic.com\/fr\/produit\/planche-a-decouper-en-ceramique-mosaique-seville\/","title":{"rendered":"Planche \u00e0 d\u00e9couper en c\u00e9ramique. Mosa\u00efque. S\u00e9ville."},"content":{"rendered":"<p>Cette planche \u00e0 d\u00e9couper en c\u00e9ramique avec un design en mosa\u00efque est un v\u00e9ritable hommage \u00e0 la riche tradition artistique de S\u00e9ville, un \u00e9l\u00e9ment indispensable pour ceux qui recherchent un souvenir repr\u00e9sentatif de la culture andalouse. Fabriqu\u00e9e dans un mat\u00e9riau r\u00e9sistant, cette planche pr\u00e9sente un collage vibrant d&rsquo;azulejos dans une explosion de couleurs bleues, rouges, jaunes et oranges, regroup\u00e9s dans des formes g\u00e9om\u00e9triques et florales complexes, qui \u00e9voquent l&rsquo;essence du folklore s\u00e9villan. L&rsquo;esth\u00e9tique de la planche n&rsquo;en fait pas seulement un outil fonctionnel, mais aussi une pi\u00e8ce d\u00e9corative qui enrichira n&rsquo;importe quelle cuisine, apportant une touche unique et culturelle.<\/p>\n<p>Le design n&rsquo;est pas purement d\u00e9coratif ; chacune des formes et des couleurs refl\u00e8te la diversit\u00e9 de la c\u00e9ramique andalouse, une tradition artisanale qui a perdur\u00e9 \u00e0 travers les si\u00e8cles. Cette planche en c\u00e9ramique devient ainsi un cadeau id\u00e9al pour les touristes qui souhaitent emporter un morceau de S\u00e9ville, se souvenant de sa culture vibrante et de ses traditions. Chez Ol\u00e9 Mosaic, nous nous consacrons \u00e0 la distribution de souvenirs en gros, et cette planche se distingue comme une option exceptionnelle pour les boutiques de cadeaux touristiques qui recherchent des produits authentiques et significatifs. Avec son authenticit\u00e9 et sa pertinence culturelle, cette planche en c\u00e9ramique avec mosa\u00efque est, sans aucun doute, un splendide souvenir de S\u00e9ville.<\/p>\n","protected":false},"excerpt":{"rendered":"<p>Planche \u00e0 d\u00e9couper en c\u00e9ramique avec un design de mosa\u00efque vibrant qui \u00e9voque la riche tradition artistique de S\u00e9ville. Fabriqu\u00e9e avec un mat\u00e9riau r\u00e9sistant, elle pr\u00e9sente un collage spectaculaire d&rsquo;azulejos dans des couleurs bleues, rouges, jaunes et oranges, avec des formes g\u00e9om\u00e9triques et florales complexes. Cette planche, qui comprend une poign\u00e9e pratique pour sa manipulation, est id\u00e9ale pour ajouter une touche culturelle et distinctive \u00e0 votre cuisine, et son esth\u00e9tique capture l&rsquo;essence du folklore s\u00e9villan.<\/p>\n","protected":false},"featured_media":13933,"template":"","meta":{"_acf_changed":false},"product_brand":[],"product_cat":[832],"product_tag":[585],"class_list":{"0":"post-36891","1":"product","2":"type-product","3":"status-publish","4":"has-post-thumbnail","6":"product_cat-emporte-pieces","7":"product_tag-ceramique","8":"pa_ciudad-sevilla","9":"pa_motivo-mosaique","10":"pa_pais-espana","12":"first","13":"instock","14":"shipping-taxable","15":"product-type-simple"},"acf":[],"_links":{"self":[{"href":"https:\/\/olemosaic.com\/fr\/wp-json\/wp\/v2\/product\/36891","targetHints":{"allow":["GET"]}}],"collection":[{"href":"https:\/\/olemosaic.com\/fr\/wp-json\/wp\/v2\/product"}],"about":[{"href":"https:\/\/olemosaic.com\/fr\/wp-json\/wp\/v2\/types\/product"}],"wp:featuredmedia":[{"embeddable":true,"href":"https:\/\/olemosaic.com\/fr\/wp-json\/wp\/v2\/media\/13933"}],"wp:attachment":[{"href":"https:\/\/olemosaic.com\/fr\/wp-json\/wp\/v2\/media?parent=36891"}],"wp:term":[{"taxonomy":"product_brand","embeddable":true,"href":"https:\/\/olemosaic.com\/fr\/wp-json\/wp\/v2\/product_brand?post=36891"},{"taxonomy":"product_cat","embeddable":true,"href":"https:\/\/olemosaic.com\/fr\/wp-json\/wp\/v2\/product_cat?post=36891"},{"taxonomy":"product_tag","embeddable":true,"href":"https:\/\/olemosaic.com\/fr\/wp-json\/wp\/v2\/product_tag?post=36891"}],"curies":[{"name":"wp","href":"https:\/\/api.w.org\/{rel}","templated":true}]}}