{"id":36890,"date":"2025-02-20T22:37:28","date_gmt":"2025-02-20T22:37:28","guid":{"rendered":"http:\/\/olemosaic.com\/producto\/cortador-de-ceramica-gato-gran-canaria\/"},"modified":"2025-07-25T18:37:23","modified_gmt":"2025-07-25T16:37:23","slug":"planche-a-decouper-en-ceramique-chat-grande-canarie","status":"publish","type":"product","link":"https:\/\/olemosaic.com\/fr\/produit\/planche-a-decouper-en-ceramique-chat-grande-canarie\/","title":{"rendered":"Planche \u00e0 d\u00e9couper en c\u00e9ramique. Chat. Grande Canarie."},"content":{"rendered":"<p>Cette planche \u00e0 d\u00e9couper en c\u00e9ramique, avec son design vibrant de chats, est un produit charmant qui \u00e9voque l&rsquo;essence de la Grande Canarie. D\u00e9cor\u00e9e d&rsquo;un joyeux fond en mosa\u00efque, elle pr\u00e9sente des illustrations dynamiques de chats dans une explosion de couleurs, telles que des bleus, des verts, des rouges et des jaunes, qui ajoutent une touche de vie \u00e0 n&rsquo;importe quelle cuisine. Accompagn\u00e9s de papillons dansants, ces f\u00e9lins jouent dans un environnement frais et joyeux, refl\u00e9tant la faune et l&rsquo;ambiance de l&rsquo;archipel.<\/p>\n<p>Dans la partie sup\u00e9rieure de la planche, le texte \u00ab\u00a0GRAN CANARIA\u00a0\u00bb se d\u00e9tache dans des couleurs vives, renfor\u00e7ant sa connexion avec la riche culture locale. Ce d\u00e9tail n&rsquo;ajoute pas seulement du charme, mais en fait \u00e9galement un souvenir id\u00e9al pour ceux qui souhaitent emporter un morceau de cette belle \u00eele. La fonctionnalit\u00e9 de cette planche en c\u00e9ramique n&rsquo;est pas compromise par son attrait esth\u00e9tique ; con\u00e7ue pour \u00eatre utilis\u00e9e en cuisine, elle combine art et utilit\u00e9, faisant de chaque utilisation une c\u00e9l\u00e9bration de l&rsquo;artisanat canarien.<\/p>\n<p>Chez Ol\u00e9 Mosaic, nous nous sp\u00e9cialisons dans la distribution de souvenirs en gros, et cette planche en c\u00e9ramique est une excellente option pour les boutiques de cadeaux touristiques qui cherchent \u00e0 offrir des produits authentiques et repr\u00e9sentatifs de la Grande Canarie. Sa combinaison de design artistique et de fonctionnalit\u00e9 en fait le cadeau parfait pour les touristes et les amateurs de c\u00e9ramique qui souhaitent se souvenir de leur visite sur l&rsquo;\u00eele.<\/p>\n","protected":false},"excerpt":{"rendered":"<p>Planche \u00e0 d\u00e9couper en c\u00e9ramique avec un design color\u00e9 inspir\u00e9 des chats de la Grande Canarie. Cet outil de cuisine pr\u00e9sente un fond en mosa\u00efque o\u00f9 sont repr\u00e9sent\u00e9s des chats amusants dans des tons vibrants de bleu, vert, rouge et jaune, entour\u00e9s de papillons. Dans la partie sup\u00e9rieure, le texte \u00ab\u00a0GRAN CANARIA\u00a0\u00bb ajoute une touche locale. Id\u00e9ale pour les amateurs de c\u00e9ramique et de culture canarienne, cette planche combine fonctionnalit\u00e9 et art d\u00e9coratif \u00e0 chaque utilisation.<\/p>\n","protected":false},"featured_media":13932,"template":"","meta":{"_acf_changed":false},"product_brand":[],"product_cat":[832],"product_tag":[530,585],"class_list":{"0":"post-36890","1":"product","2":"type-product","3":"status-publish","4":"has-post-thumbnail","6":"product_cat-emporte-pieces","7":"product_tag-animaux","8":"product_tag-ceramique","9":"pa_ciudad-gran-canaria","10":"pa_motivo-chats","11":"pa_pais-espana","13":"first","14":"instock","15":"shipping-taxable","16":"product-type-simple"},"acf":[],"_links":{"self":[{"href":"https:\/\/olemosaic.com\/fr\/wp-json\/wp\/v2\/product\/36890","targetHints":{"allow":["GET"]}}],"collection":[{"href":"https:\/\/olemosaic.com\/fr\/wp-json\/wp\/v2\/product"}],"about":[{"href":"https:\/\/olemosaic.com\/fr\/wp-json\/wp\/v2\/types\/product"}],"wp:featuredmedia":[{"embeddable":true,"href":"https:\/\/olemosaic.com\/fr\/wp-json\/wp\/v2\/media\/13932"}],"wp:attachment":[{"href":"https:\/\/olemosaic.com\/fr\/wp-json\/wp\/v2\/media?parent=36890"}],"wp:term":[{"taxonomy":"product_brand","embeddable":true,"href":"https:\/\/olemosaic.com\/fr\/wp-json\/wp\/v2\/product_brand?post=36890"},{"taxonomy":"product_cat","embeddable":true,"href":"https:\/\/olemosaic.com\/fr\/wp-json\/wp\/v2\/product_cat?post=36890"},{"taxonomy":"product_tag","embeddable":true,"href":"https:\/\/olemosaic.com\/fr\/wp-json\/wp\/v2\/product_tag?post=36890"}],"curies":[{"name":"wp","href":"https:\/\/api.w.org\/{rel}","templated":true}]}}