{"id":36889,"date":"2025-02-20T22:37:28","date_gmt":"2025-02-20T22:37:28","guid":{"rendered":"http:\/\/olemosaic.com\/producto\/posavasos-de-ceramica-mosaico-valencia\/"},"modified":"2025-07-25T20:25:34","modified_gmt":"2025-07-25T18:25:34","slug":"dessous-de-verre-en-ceramique-mosaique-valence-fr","status":"publish","type":"product","link":"https:\/\/olemosaic.com\/fr\/produit\/dessous-de-verre-en-ceramique-mosaique-valence-fr\/","title":{"rendered":"Dessous de verre en c\u00e9ramique. Mosa\u00efque. Valence."},"content":{"rendered":"<p>Cet ensemble de dessous de verre en c\u00e9ramique au design circulaire, inspir\u00e9 des c\u00e9l\u00e8bres mosa\u00efques de Valence, est une combinaison parfaite de fonctionnalit\u00e9 et d&rsquo;esth\u00e9tique. Chaque dessous de verre est orn\u00e9 d&rsquo;une explosion de couleurs vibrantes, avec une pr\u00e9dominance de bleu, rouge, jaune et blanc, qui \u00e9voquent l&rsquo;art c\u00e9ramique traditionnel valencien, durable \u00e0 travers les si\u00e8cles. Les designs sont une interpr\u00e9tation contemporaine des mosa\u00efques qui embellissent les rues et les places de cette charmante ville m\u00e9diterran\u00e9enne, transformant chaque pi\u00e8ce en une \u0153uvre d&rsquo;art visuelle.<\/p>\n<p>Le mot \u00ab\u00a0Valence\u00a0\u00bb est \u00e9l\u00e9gamment imprim\u00e9 sur chaque dessous de verre, renfor\u00e7ant son identit\u00e9 et sa connexion culturelle. Ces dessous de verre ne sont pas seulement id\u00e9aux pour prot\u00e9ger les surfaces de votre maison, mais ils ajoutent \u00e9galement une touche d\u00e9corative \u00e0 n&rsquo;importe quelle table, rendant chaque r\u00e9union plus sp\u00e9ciale et color\u00e9e. La c\u00e9ramique utilis\u00e9e garantit durabilit\u00e9 et r\u00e9sistance, permettant une utilisation quotidienne sans perdre son charme.<\/p>\n<p>Ce souvenir de Valence est une excellente option pour les touristes \u00e0 la recherche d&rsquo;un souvenir authentique de leur visite dans cette ville historique. Chez Ol\u00e9 Mosaic, nous sommes sp\u00e9cialistes de la distribution de souvenirs en gros, et notre ensemble de dessous de verre est le compl\u00e9ment parfait pour les boutiques de cadeaux touristiques souhaitant proposer des produits repr\u00e9sentatifs et de qualit\u00e9. Avec ces dessous de verre, les clients pourront emporter avec eux un morceau du riche h\u00e9ritage culturel de Valence, ce qui en fait un article attrayant pour tout amateur d&rsquo;art c\u00e9ramique et de culture espagnole.<\/p>\n","protected":false},"excerpt":{"rendered":"<p>Ensemble de dessous de verre en c\u00e9ramique au design circulaire, inspir\u00e9s de la c\u00e9l\u00e8bre mosa\u00efque de la ville de Valence. Chaque dessous de verre pr\u00e9sente une explosion de couleurs vibrantes, avec des motifs traditionnels en bleu, rouge, jaune et blanc, \u00e9voquant l&rsquo;art c\u00e9ramique valencien. Le mot \u00ab\u00a0Valence\u00a0\u00bb est \u00e9l\u00e9gamment imprim\u00e9 sur chaque pi\u00e8ce, soulignant la richesse culturelle et esth\u00e9tique de cette r\u00e9gion. Parfaits pour prot\u00e9ger les surfaces et ajouter une touche d\u00e9corative \u00e0 n&rsquo;importe quelle table.<\/p>\n","protected":false},"featured_media":13931,"template":"","meta":{"_acf_changed":false},"product_brand":[],"product_cat":[812],"product_tag":[585],"class_list":{"0":"post-36889","1":"product","2":"type-product","3":"status-publish","4":"has-post-thumbnail","6":"product_cat-sous-verres","7":"product_tag-ceramique","8":"pa_ciudad-valencia","9":"pa_motivo-mosaique","10":"pa_pais-espana","12":"first","13":"instock","14":"shipping-taxable","15":"product-type-simple"},"acf":[],"_links":{"self":[{"href":"https:\/\/olemosaic.com\/fr\/wp-json\/wp\/v2\/product\/36889","targetHints":{"allow":["GET"]}}],"collection":[{"href":"https:\/\/olemosaic.com\/fr\/wp-json\/wp\/v2\/product"}],"about":[{"href":"https:\/\/olemosaic.com\/fr\/wp-json\/wp\/v2\/types\/product"}],"wp:featuredmedia":[{"embeddable":true,"href":"https:\/\/olemosaic.com\/fr\/wp-json\/wp\/v2\/media\/13931"}],"wp:attachment":[{"href":"https:\/\/olemosaic.com\/fr\/wp-json\/wp\/v2\/media?parent=36889"}],"wp:term":[{"taxonomy":"product_brand","embeddable":true,"href":"https:\/\/olemosaic.com\/fr\/wp-json\/wp\/v2\/product_brand?post=36889"},{"taxonomy":"product_cat","embeddable":true,"href":"https:\/\/olemosaic.com\/fr\/wp-json\/wp\/v2\/product_cat?post=36889"},{"taxonomy":"product_tag","embeddable":true,"href":"https:\/\/olemosaic.com\/fr\/wp-json\/wp\/v2\/product_tag?post=36889"}],"curies":[{"name":"wp","href":"https:\/\/api.w.org\/{rel}","templated":true}]}}