{"id":36888,"date":"2025-02-20T23:37:28","date_gmt":"2025-02-20T22:37:28","guid":{"rendered":"http:\/\/olemosaic.com\/producto\/4-bols-de-coco-de-13-x-6-cm-isla-menorca\/"},"modified":"2025-07-25T19:01:02","modified_gmt":"2025-07-25T17:01:02","slug":"4-bols-en-noix-de-coco-13-x-6-cm-ile-minorque-fr","status":"publish","type":"product","link":"https:\/\/olemosaic.com\/fr\/produit\/4-bols-en-noix-de-coco-13-x-6-cm-ile-minorque-fr\/","title":{"rendered":"4 Bols en noix de coco de 13 x 6 cm. \u00cele. Minorque."},"content":{"rendered":"<p>Ensemble de quatre bols en noix de coco de Minorque, parfaits pour ceux qui cherchent \u00e0 ajouter une touche de couleur et d&rsquo;authenticit\u00e9 \u00e0 leur int\u00e9rieur. Chaque bol, d&rsquo;un diam\u00e8tre de 13 cm et d&rsquo;une hauteur de 6 cm, est d\u00e9licatement con\u00e7u et peint \u00e0 la main, refl\u00e9tant la riche culture et l&rsquo;esprit vibrant de l&rsquo;\u00eele. Les couleurs \u00e9clatantes de chaque pi\u00e8ce \u2014 un bleu frais, un rose joyeux, un jaune radieux et un blanc \u00e9l\u00e9gant \u2014 se distinguent par leur attrait d\u00e9coratif. Au centre de chaque bol, l&#8217;embl\u00e8me de Minorque, subtilement imprim\u00e9, \u00e9voque le souvenir de cette magnifique \u00eele des Bal\u00e9ares.<\/p>\n<p>Ces bols en noix de coco ne sont pas seulement id\u00e9aux pour servir des ap\u00e9ritifs, mais servent \u00e9galement d&rsquo;\u00e9l\u00e9ments d\u00e9coratifs uniques qui rehaussent n&rsquo;importe quelle ambiance. Leur design artisanal capture l&rsquo;essence du patrimoine minorquin, en faisant un souvenir repr\u00e9sentatif et authentique pour les touristes \u00e0 la recherche de souvenirs de qualit\u00e9. Chaque bol est une \u0153uvre d&rsquo;art en soi et un magnifique hommage \u00e0 la beaut\u00e9 de Minorque, ce qui fait de cet ensemble une excellente option pour les boutiques proposant des souvenirs de la r\u00e9gion. Chez Ol\u00e9 Mosaic, nous sommes fiers d&rsquo;\u00eatre un distributeur de souvenirs distinctifs et authentiques, offrant des produits qui c\u00e9l\u00e8brent la culture et la tradition de l&rsquo;Espagne.<\/p>\n","protected":false},"excerpt":{"rendered":"<p>Ensemble de quatre bols en noix de coco, chacun d&rsquo;un diam\u00e8tre de 13 cm et d&rsquo;une hauteur de 6 cm, d\u00e9cor\u00e9s de motifs color\u00e9s attrayants. Ces bols pr\u00e9sentent un design artisanal, peint \u00e0 la main, qui se distingue par sa combinaison de couleurs vibrantes : bleu, rose, jaune et une finition blanche \u00e9l\u00e9gante. Avec l&#8217;embl\u00e8me de Minorque subtilement imprim\u00e9 au centre, chaque pi\u00e8ce refl\u00e8te l&rsquo;essence de l&rsquo;\u00eele, \u00e9tant parfaite pour servir des ap\u00e9ritifs ou comme \u00e9l\u00e9ment d\u00e9coratif dans n&rsquo;importe quelle maison.<\/p>\n","protected":false},"featured_media":13930,"template":"","meta":{"_acf_changed":false},"product_brand":[],"product_cat":[521],"product_tag":[],"class_list":{"0":"post-36888","1":"product","2":"type-product","3":"status-publish","4":"has-post-thumbnail","6":"product_cat-bols","7":"pa_ciudad-menorca","8":"pa_motivo-iles","9":"pa_pais-espana","11":"first","12":"instock","13":"shipping-taxable","14":"product-type-simple"},"acf":[],"_links":{"self":[{"href":"https:\/\/olemosaic.com\/fr\/wp-json\/wp\/v2\/product\/36888","targetHints":{"allow":["GET"]}}],"collection":[{"href":"https:\/\/olemosaic.com\/fr\/wp-json\/wp\/v2\/product"}],"about":[{"href":"https:\/\/olemosaic.com\/fr\/wp-json\/wp\/v2\/types\/product"}],"wp:featuredmedia":[{"embeddable":true,"href":"https:\/\/olemosaic.com\/fr\/wp-json\/wp\/v2\/media\/13930"}],"wp:attachment":[{"href":"https:\/\/olemosaic.com\/fr\/wp-json\/wp\/v2\/media?parent=36888"}],"wp:term":[{"taxonomy":"product_brand","embeddable":true,"href":"https:\/\/olemosaic.com\/fr\/wp-json\/wp\/v2\/product_brand?post=36888"},{"taxonomy":"product_cat","embeddable":true,"href":"https:\/\/olemosaic.com\/fr\/wp-json\/wp\/v2\/product_cat?post=36888"},{"taxonomy":"product_tag","embeddable":true,"href":"https:\/\/olemosaic.com\/fr\/wp-json\/wp\/v2\/product_tag?post=36888"}],"curies":[{"name":"wp","href":"https:\/\/api.w.org\/{rel}","templated":true}]}}