{"id":36866,"date":"2025-02-20T22:35:37","date_gmt":"2025-02-20T22:35:37","guid":{"rendered":"http:\/\/olemosaic.com\/producto\/funda-de-telefono-para-samsung-a13-tpu-gato-barcelona-negro\/"},"modified":"2025-07-25T18:36:44","modified_gmt":"2025-07-25T16:36:44","slug":"coque-de-telephone-pour-samsung-a13-tpu-chat-barcelone-noir-fr","status":"publish","type":"product","link":"https:\/\/olemosaic.com\/fr\/produit\/coque-de-telephone-pour-samsung-a13-tpu-chat-barcelone-noir-fr\/","title":{"rendered":"Coque de t\u00e9l\u00e9phone pour Samsung A13 (TPU). Chat. Barcelone. Noir"},"content":{"rendered":"<p>Coque pour Samsung A13 avec un design vibrant de chat en style mosa\u00efque, parfaite pour ceux qui recherchent un souvenir authentique de Barcelone. Fabriqu\u00e9e en TPU flexible et r\u00e9sistant, cette coque pr\u00e9sente un fond noir qui met en valeur l&rsquo;illustration d&rsquo;un chat color\u00e9, structur\u00e9 dans des tons de bleu, jaune et rouge, \u00e9voquant le riche h\u00e9ritage artistique de la ville. Autour du chat, des papillons multicolores ajoutent une touche dynamique et joyeuse, id\u00e9ale pour les amoureux de la faune et de l&rsquo;esth\u00e9tique ludique. Le mot \u00ab\u00a0Barcelona\u00a0\u00bb, dans une typographie \u00e9l\u00e9gante, compl\u00e8te cette \u0153uvre d&rsquo;art portable, transformant chaque utilisation en un hommage \u00e0 la vibrante culture catalane.<\/p>\n<p>La connexion culturelle de cette coque est palpable, car le style mosa\u00efque est une r\u00e9f\u00e9rence de l&rsquo;art moderniste catalan, vivement repr\u00e9sent\u00e9 par des \u0153uvres embl\u00e9matiques comme le Parc G\u00fcell d&rsquo;Antoni Gaud\u00ed. Ce produit ne prot\u00e8ge pas seulement l&rsquo;appareil, mais agit \u00e9galement comme un souvenir distinctif qui rappelle la beaut\u00e9 et la cr\u00e9ativit\u00e9 de Barcelone.<\/p>\n<p>Chez Ol\u00e9 Mosaic, nous sommes experts dans la distribution de souvenirs en gros, et cette coque de t\u00e9l\u00e9phone est une option parfaite pour les magasins de cadeaux touristiques qui cherchent \u00e0 offrir des produits uniques et repr\u00e9sentatifs. Un investissement id\u00e9al pour ceux qui recherchent qualit\u00e9 et authenticit\u00e9 dans les souvenirs de Barcelone.<\/p>\n","protected":false},"excerpt":{"rendered":"<p>Coque pour t\u00e9l\u00e9phone Samsung A13 fabriqu\u00e9e en TPU, d\u00e9cor\u00e9e d&rsquo;un design vibrant de chat en style mosa\u00efque qui capture l&rsquo;esprit de Barcelone. Le fond noir fait ressortir le chat color\u00e9 dans des tons de bleu, jaune et rouge, accompagn\u00e9 de papillons multicolores qui ajoutent une touche dynamique. Le mot \u00ab\u00a0Barcelona\u00a0\u00bb dans une typographie \u00e9l\u00e9gante compl\u00e8te la pi\u00e8ce, faisant de cette coque non seulement une protection, mais un hommage artistique \u00e0 la ville.<\/p>\n","protected":false},"featured_media":12532,"template":"","meta":{"_acf_changed":false},"product_brand":[],"product_cat":[674],"product_tag":[530],"class_list":{"0":"post-36866","1":"product","2":"type-product","3":"status-publish","4":"has-post-thumbnail","6":"product_cat-etuis-pour-telephones-portables","7":"product_tag-animaux","8":"pa_ciudad-barcelona","9":"pa_motivo-chats","10":"pa_pais-espana","12":"first","13":"instock","14":"shipping-taxable","15":"product-type-simple"},"acf":[],"_links":{"self":[{"href":"https:\/\/olemosaic.com\/fr\/wp-json\/wp\/v2\/product\/36866","targetHints":{"allow":["GET"]}}],"collection":[{"href":"https:\/\/olemosaic.com\/fr\/wp-json\/wp\/v2\/product"}],"about":[{"href":"https:\/\/olemosaic.com\/fr\/wp-json\/wp\/v2\/types\/product"}],"wp:featuredmedia":[{"embeddable":true,"href":"https:\/\/olemosaic.com\/fr\/wp-json\/wp\/v2\/media\/12532"}],"wp:attachment":[{"href":"https:\/\/olemosaic.com\/fr\/wp-json\/wp\/v2\/media?parent=36866"}],"wp:term":[{"taxonomy":"product_brand","embeddable":true,"href":"https:\/\/olemosaic.com\/fr\/wp-json\/wp\/v2\/product_brand?post=36866"},{"taxonomy":"product_cat","embeddable":true,"href":"https:\/\/olemosaic.com\/fr\/wp-json\/wp\/v2\/product_cat?post=36866"},{"taxonomy":"product_tag","embeddable":true,"href":"https:\/\/olemosaic.com\/fr\/wp-json\/wp\/v2\/product_tag?post=36866"}],"curies":[{"name":"wp","href":"https:\/\/api.w.org\/{rel}","templated":true}]}}