{"id":36865,"date":"2025-02-20T23:35:37","date_gmt":"2025-02-20T22:35:37","guid":{"rendered":"http:\/\/olemosaic.com\/producto\/funda-de-telefono-para-samsung-a13-tpu-abstracto-verde-2\/"},"modified":"2025-07-25T20:25:10","modified_gmt":"2025-07-25T18:25:10","slug":"coque-de-telephone-pour-samsung-a13-tpu-abstrait-couleurs-variees","status":"publish","type":"product","link":"https:\/\/olemosaic.com\/fr\/produit\/coque-de-telephone-pour-samsung-a13-tpu-abstrait-couleurs-variees\/","title":{"rendered":"Coque de t\u00e9l\u00e9phone pour Samsung A13 (TPU). Abstrait. Couleurs vari\u00e9es."},"content":{"rendered":"<p>Coque pour t\u00e9l\u00e9phone Samsung A13 avec un design abstrait dans des tons enveloppants de vert, jaune, rouge et bleu, id\u00e9ale pour ceux qui recherchent un accessoire alliant protection et style. Fabriqu\u00e9e en TPU, un mat\u00e9riau connu pour sa r\u00e9sistance, cette coque garantit que votre appareil est prot\u00e9g\u00e9 contre les impacts et les rayures quotidiennes, sans renoncer \u00e0 l&rsquo;esth\u00e9tique. Le motif fluide et vibrant qui orne la surface apporte une touche artistique, transformant la coque en un v\u00e9ritable \u00e9l\u00e9ment de mode qui souligne la cr\u00e9ativit\u00e9 et l&rsquo;originalit\u00e9.<\/p>\n<p>La texture douce au toucher la rend non seulement agr\u00e9able \u00e0 manipuler, mais assure \u00e9galement une prise en main ferme, \u00e9vitant qu&rsquo;elle ne glisse des mains. Ce design contemporain, en plus d&rsquo;\u00eatre fonctionnel, refl\u00e8te un style de vie dynamique et moderne, ce qui en fait un choix parfait pour les jeunes qui souhaitent exprimer leur individualit\u00e9 \u00e0 travers leur appareil.<\/p>\n<p>Chez Ol\u00e9 Mosaic, nous comprenons l&rsquo;importance de proposer des produits qui, en plus d&rsquo;\u00eatre pratiques, pr\u00e9sentent un design attrayant. Cette coque pour Samsung A13 est une excellente option pour les magasins de cadeaux touristiques, car elle offre un souvenir authentique qui souligne la qualit\u00e9 de l&rsquo;art contemporain. De plus, en proposant des accessoires tels que des coques de t\u00e9l\u00e9phone en gros, nous assurons une vari\u00e9t\u00e9 qui invite les touristes \u00e0 emporter chez eux un morceau de cr\u00e9ativit\u00e9 et de fonctionnalit\u00e9.<\/p>\n","protected":false},"excerpt":{"rendered":"<p>Coque pour t\u00e9l\u00e9phone Samsung A13 fabriqu\u00e9e en TPU, avec un design abstrait fusionnant des tons de vert, jaune, rouge et bleu dans un motif fluide attrayant. La surface pr\u00e9sente une texture douce et r\u00e9sistante, prot\u00e9geant votre appareil des impacts et des rayures. Ce mod\u00e8le se distingue par son style contemporain et vibrant, id\u00e9al pour ceux qui cherchent \u00e0 combiner fonctionnalit\u00e9 et touche artistique dans leurs accessoires.<\/p>\n","protected":false},"featured_media":12521,"template":"","meta":{"_acf_changed":false},"product_brand":[],"product_cat":[674],"product_tag":[],"class_list":{"0":"post-36865","1":"product","2":"type-product","3":"status-publish","4":"has-post-thumbnail","6":"product_cat-etuis-pour-telephones-portables","7":"pa_motivo-resume","9":"first","10":"instock","11":"shipping-taxable","12":"product-type-simple"},"acf":[],"_links":{"self":[{"href":"https:\/\/olemosaic.com\/fr\/wp-json\/wp\/v2\/product\/36865","targetHints":{"allow":["GET"]}}],"collection":[{"href":"https:\/\/olemosaic.com\/fr\/wp-json\/wp\/v2\/product"}],"about":[{"href":"https:\/\/olemosaic.com\/fr\/wp-json\/wp\/v2\/types\/product"}],"wp:featuredmedia":[{"embeddable":true,"href":"https:\/\/olemosaic.com\/fr\/wp-json\/wp\/v2\/media\/12521"}],"wp:attachment":[{"href":"https:\/\/olemosaic.com\/fr\/wp-json\/wp\/v2\/media?parent=36865"}],"wp:term":[{"taxonomy":"product_brand","embeddable":true,"href":"https:\/\/olemosaic.com\/fr\/wp-json\/wp\/v2\/product_brand?post=36865"},{"taxonomy":"product_cat","embeddable":true,"href":"https:\/\/olemosaic.com\/fr\/wp-json\/wp\/v2\/product_cat?post=36865"},{"taxonomy":"product_tag","embeddable":true,"href":"https:\/\/olemosaic.com\/fr\/wp-json\/wp\/v2\/product_tag?post=36865"}],"curies":[{"name":"wp","href":"https:\/\/api.w.org\/{rel}","templated":true}]}}