{"id":36863,"date":"2025-02-20T22:35:37","date_gmt":"2025-02-20T22:35:37","guid":{"rendered":"http:\/\/olemosaic.com\/producto\/funda-de-telefono-para-samsung-a13-tpu-mosaico-azul\/"},"modified":"2025-07-25T20:14:34","modified_gmt":"2025-07-25T18:14:34","slug":"coque-de-telephone-pour-samsung-a13-tpu-mosaique-bleu-fr","status":"publish","type":"product","link":"https:\/\/olemosaic.com\/fr\/produit\/coque-de-telephone-pour-samsung-a13-tpu-mosaique-bleu-fr\/","title":{"rendered":"Coque de t\u00e9l\u00e9phone pour Samsung A13 (TPU). Mosa\u00efque. Bleu"},"content":{"rendered":"<p>Coque pour Samsung A13 avec un design en mosa\u00efque dans les tons bleus. Cette coque \u00e9l\u00e9gante, fabriqu\u00e9e en TPU, est parfaite pour ceux qui recherchent non seulement une protection, mais aussi une touche artistique pour leur appareil. Son motif de mosa\u00efque attrayant \u00e9voque les c\u00e9ramiques espagnoles vibrantes, typiques de la riche tradition artisanale de la r\u00e9gion. Les pi\u00e8ces de la mosa\u00efque, dispos\u00e9es sur un fond bleu profond, sont d\u00e9limit\u00e9es par un fin r\u00e9seau de lignes blanches qui apportent un contraste moderne et \u00e9nergique au design.<\/p>\n<p>Cette coque ne prot\u00e8ge pas seulement contre les chocs et les chutes, mais transforme \u00e9galement le t\u00e9l\u00e9phone en un objet de style et de culture. L&rsquo;esth\u00e9tique de la mosa\u00efque se connecte \u00e0 l&rsquo;h\u00e9ritage artistique de l&rsquo;Espagne, o\u00f9 les carreaux peints ont \u00e9t\u00e9 utilis\u00e9s pour embellir les b\u00e2timents, les places et les patios pendant des si\u00e8cles, transformant chaque coin en une \u0153uvre d&rsquo;art. Id\u00e9ale comme souvenir, cette coque de t\u00e9l\u00e9phone est un souvenir repr\u00e9sentatif et fonctionnel qui souligne la beaut\u00e9 de l&rsquo;art espagnol. Chez Ol\u00e9 Mosaic, nous nous sp\u00e9cialisons dans la distribution de produits authentiques qui c\u00e9l\u00e8brent la culture et l&rsquo;histoire de l&rsquo;Espagne. Cette coque est une excellente option pour les magasins de cadeaux touristiques qui cherchent \u00e0 offrir des souvenirs uniques et de qualit\u00e9.<\/p>\n","protected":false},"excerpt":{"rendered":"<p>Coque de t\u00e9l\u00e9phone Samsung A13 fabriqu\u00e9e en TPU avec un design attrayant de mosa\u00efque dans les tons bleus. Cette coque offre non seulement une excellente protection contre les chocs et les chutes, mais son motif de mosa\u00efque \u00e9voque les c\u00e9ramiques color\u00e9es de la tradition espagnole. Le fin r\u00e9seau de lignes blanches sur le fond bleu lui donne une touche moderne et vibrante, en faisant un accessoire id\u00e9al pour ceux qui appr\u00e9cient l&rsquo;esth\u00e9tique de l&rsquo;art et de la culture.<\/p>\n","protected":false},"featured_media":12529,"template":"","meta":{"_acf_changed":false},"product_brand":[],"product_cat":[674],"product_tag":[],"class_list":{"0":"post-36863","1":"product","2":"type-product","3":"status-publish","4":"has-post-thumbnail","6":"product_cat-etuis-pour-telephones-portables","7":"pa_motivo-mosaique","9":"first","10":"instock","11":"shipping-taxable","12":"product-type-simple"},"acf":[],"_links":{"self":[{"href":"https:\/\/olemosaic.com\/fr\/wp-json\/wp\/v2\/product\/36863","targetHints":{"allow":["GET"]}}],"collection":[{"href":"https:\/\/olemosaic.com\/fr\/wp-json\/wp\/v2\/product"}],"about":[{"href":"https:\/\/olemosaic.com\/fr\/wp-json\/wp\/v2\/types\/product"}],"wp:featuredmedia":[{"embeddable":true,"href":"https:\/\/olemosaic.com\/fr\/wp-json\/wp\/v2\/media\/12529"}],"wp:attachment":[{"href":"https:\/\/olemosaic.com\/fr\/wp-json\/wp\/v2\/media?parent=36863"}],"wp:term":[{"taxonomy":"product_brand","embeddable":true,"href":"https:\/\/olemosaic.com\/fr\/wp-json\/wp\/v2\/product_brand?post=36863"},{"taxonomy":"product_cat","embeddable":true,"href":"https:\/\/olemosaic.com\/fr\/wp-json\/wp\/v2\/product_cat?post=36863"},{"taxonomy":"product_tag","embeddable":true,"href":"https:\/\/olemosaic.com\/fr\/wp-json\/wp\/v2\/product_tag?post=36863"}],"curies":[{"name":"wp","href":"https:\/\/api.w.org\/{rel}","templated":true}]}}