{"id":36862,"date":"2025-02-20T22:35:37","date_gmt":"2025-02-20T22:35:37","guid":{"rendered":"http:\/\/olemosaic.com\/producto\/funda-de-telefono-para-samsung-a13-tpu-punt-de-trobada-barcelona-blanco\/"},"modified":"2025-07-25T20:02:03","modified_gmt":"2025-07-25T18:02:03","slug":"coque-samsung-a13-tpu-punt-de-trobada-barcelone-blanc","status":"publish","type":"product","link":"https:\/\/olemosaic.com\/fr\/produit\/coque-samsung-a13-tpu-punt-de-trobada-barcelone-blanc\/","title":{"rendered":"Coque pour Samsung A13 (TPU). Punt de trobada. Barcelone. Blanc"},"content":{"rendered":"<p>Coque pour t\u00e9l\u00e9phone Samsung A13 avec le design \u00ab\u00a0Punt de Trobada\u00a0\u00bb de Barcelone. Fabriqu\u00e9e en TPU de haute qualit\u00e9, cette coque offre une protection efficace contre les chocs et les rayures, id\u00e9ale pour les voyageurs qui appr\u00e9cient autant la fonctionnalit\u00e9 que le style. Le design vibrant s&rsquo;inspire de la c\u00e9l\u00e8bre mosa\u00efque du \u00ab\u00a0Punt de Trobada\u00a0\u00bb, un embl\u00e8me artistique qui refl\u00e8te la cr\u00e9ativit\u00e9 d&rsquo;Antoni Gaud\u00ed. Sur une base blanche, la coque est orn\u00e9e de motifs color\u00e9s dans les tons rouge, jaune, vert et bleu, qui \u00e9voquent l&rsquo;essence de Barcelone et son architecture moderniste.<\/p>\n<p>Le texte \u00ab\u00a0Barcelona\u00a0\u00bb imprim\u00e9 dans la partie inf\u00e9rieure consolide son identit\u00e9 en tant que souvenir d&rsquo;une ville riche en histoire et en art. Cet accessoire ne prot\u00e8ge pas seulement l&rsquo;appareil, il ajoute \u00e9galement une touche artistique et culturelle, le rendant parfait pour ceux qui souhaitent emporter avec eux un morceau de la vie vibrante de la ville.<\/p>\n<p>Chez Ol\u00e9 Mosaic, en tant que grossiste en cadeaux touristiques, nous proposons cette coque comme une option exceptionnelle pour les magasins cherchant \u00e0 int\u00e9grer des souvenirs authentiques et repr\u00e9sentatifs de Barcelone. C&rsquo;est un choix id\u00e9al pour les touristes qui d\u00e9sirent un souvenir tangible de leur visite, alliant art, design et praticit\u00e9 dans un seul produit.<\/p>\n","protected":false},"excerpt":{"rendered":"<p>Coque pour t\u00e9l\u00e9phone Samsung A13 fabriqu\u00e9e en TPU, d\u00e9cor\u00e9e d&rsquo;un design vibrant inspir\u00e9 du \u00ab\u00a0Punt de Trobada\u00a0\u00bb de Barcelone. La coque, sur base blanche, est orn\u00e9e de motifs de mosa\u00efque aux couleurs \u00e9clatantes comme le rouge, le jaune, le vert et le bleu, \u00e9voquant le c\u00e9l\u00e8bre style de Gaud\u00ed. Le texte \u00ab\u00a0Barcelona\u00a0\u00bb est imprim\u00e9 en bas, ce qui en fait un accessoire id\u00e9al pour ceux qui cherchent \u00e0 combiner protection et touche artistique, refl\u00e9tant l&rsquo;essence de la ville.<\/p>\n","protected":false},"featured_media":12506,"template":"","meta":{"_acf_changed":false},"product_brand":[],"product_cat":[674],"product_tag":[],"class_list":{"0":"post-36862","1":"product","2":"type-product","3":"status-publish","4":"has-post-thumbnail","6":"product_cat-etuis-pour-telephones-portables","7":"pa_ciudad-barcelona","8":"pa_motivo-punt-de-trobada","9":"pa_pais-espana","11":"first","12":"instock","13":"shipping-taxable","14":"product-type-simple"},"acf":[],"_links":{"self":[{"href":"https:\/\/olemosaic.com\/fr\/wp-json\/wp\/v2\/product\/36862","targetHints":{"allow":["GET"]}}],"collection":[{"href":"https:\/\/olemosaic.com\/fr\/wp-json\/wp\/v2\/product"}],"about":[{"href":"https:\/\/olemosaic.com\/fr\/wp-json\/wp\/v2\/types\/product"}],"wp:featuredmedia":[{"embeddable":true,"href":"https:\/\/olemosaic.com\/fr\/wp-json\/wp\/v2\/media\/12506"}],"wp:attachment":[{"href":"https:\/\/olemosaic.com\/fr\/wp-json\/wp\/v2\/media?parent=36862"}],"wp:term":[{"taxonomy":"product_brand","embeddable":true,"href":"https:\/\/olemosaic.com\/fr\/wp-json\/wp\/v2\/product_brand?post=36862"},{"taxonomy":"product_cat","embeddable":true,"href":"https:\/\/olemosaic.com\/fr\/wp-json\/wp\/v2\/product_cat?post=36862"},{"taxonomy":"product_tag","embeddable":true,"href":"https:\/\/olemosaic.com\/fr\/wp-json\/wp\/v2\/product_tag?post=36862"}],"curies":[{"name":"wp","href":"https:\/\/api.w.org\/{rel}","templated":true}]}}