{"id":36860,"date":"2025-02-20T22:35:31","date_gmt":"2025-02-20T22:35:31","guid":{"rendered":"http:\/\/olemosaic.com\/producto\/funda-de-telefono-para-iphone-15-pro-tpu-motivos-marinos-azul\/"},"modified":"2025-07-25T19:49:39","modified_gmt":"2025-07-25T17:49:39","slug":"coque-iphone-15-pro-tpu-motifs-marins-bleu","status":"publish","type":"product","link":"https:\/\/olemosaic.com\/fr\/produit\/coque-iphone-15-pro-tpu-motifs-marins-bleu\/","title":{"rendered":"Coque pour iPhone 15 Pro (TPU). Motifs marins. Bleu"},"content":{"rendered":"<p>Coque pour iPhone 15 Pro avec des motifs marins vibrants qui capturent l&rsquo;essence de Majorque. Fabriqu\u00e9e en TPU de haute qualit\u00e9, cette coque pr\u00e9sente un design color\u00e9 et amusant qui se distingue par ses illustrations de poissons, de tortues et d&rsquo;hippocampes nageant sur un fond bleu profond, \u00e9voquant la beaut\u00e9 des eaux cristallines de l&rsquo;\u00eele. Les plantes sous-marines ajoutent une touche de r\u00e9alisme et de charme \u00e0 la sc\u00e8ne, cr\u00e9ant un lien visuel avec le monde marin.<\/p>\n<p>Dans la partie inf\u00e9rieure de la coque, le mot \u00ab Mallorca \u00bb se d\u00e9tache \u00e9l\u00e9gamment sur un fond simulant une mosa\u00efque, apportant un air artistique et distinctif qui refl\u00e8te l&rsquo;identit\u00e9 culturelle de la r\u00e9gion. Ce design ne prot\u00e8ge pas seulement l&rsquo;appareil, il permet \u00e9galement d&rsquo;arborer un symbole repr\u00e9sentatif de cette magnifique \u00eele m\u00e9diterran\u00e9enne.<\/p>\n<p>Id\u00e9ale pour ceux qui recherchent non seulement un accessoire fonctionnel, mais aussi un souvenir authentique et significatif qui encapsule l&rsquo;esprit de Majorque. Chez Ol\u00e9 Mosaic, nous sommes distributeurs de cadeaux touristiques de qualit\u00e9, et cette coque de t\u00e9l\u00e9phone est une excellente option pour les magasins souhaitant proposer des produits alliant esth\u00e9tique et pertinence culturelle. Ce souvenir marin est parfait pour les touristes qui souhaitent ramener un petit morceau de Majorque chez eux.<\/p>\n","protected":false},"excerpt":{"rendered":"<p>Coque pour iPhone 15 Pro fabriqu\u00e9e en TPU, avec de joyeux motifs marins qui \u00e9voquent l&rsquo;essence de Majorque. Le design pr\u00e9sente des poissons color\u00e9s, des tortues et des hippocampes nageant sur un fond bleu, entour\u00e9s de plantes sous-marines. Dans la partie inf\u00e9rieure, le mot \u00ab Mallorca \u00bb se d\u00e9tache sur une base simulant une mosa\u00efque, apportant une touche artistique et distinctive. Parfaite pour ceux qui souhaitent prot\u00e9ger leur t\u00e9l\u00e9phone tout en affichant leur passion pour la mer.<\/p>\n","protected":false},"featured_media":12982,"template":"","meta":{"_acf_changed":false},"product_brand":[],"product_cat":[674],"product_tag":[530],"class_list":{"0":"post-36860","1":"product","2":"type-product","3":"status-publish","4":"has-post-thumbnail","6":"product_cat-etuis-pour-telephones-portables","7":"product_tag-animaux","8":"pa_ciudad-mallorca","9":"pa_motivo-animaux-marins","10":"pa_pais-espana","12":"first","13":"instock","14":"shipping-taxable","15":"product-type-simple"},"acf":[],"_links":{"self":[{"href":"https:\/\/olemosaic.com\/fr\/wp-json\/wp\/v2\/product\/36860","targetHints":{"allow":["GET"]}}],"collection":[{"href":"https:\/\/olemosaic.com\/fr\/wp-json\/wp\/v2\/product"}],"about":[{"href":"https:\/\/olemosaic.com\/fr\/wp-json\/wp\/v2\/types\/product"}],"wp:featuredmedia":[{"embeddable":true,"href":"https:\/\/olemosaic.com\/fr\/wp-json\/wp\/v2\/media\/12982"}],"wp:attachment":[{"href":"https:\/\/olemosaic.com\/fr\/wp-json\/wp\/v2\/media?parent=36860"}],"wp:term":[{"taxonomy":"product_brand","embeddable":true,"href":"https:\/\/olemosaic.com\/fr\/wp-json\/wp\/v2\/product_brand?post=36860"},{"taxonomy":"product_cat","embeddable":true,"href":"https:\/\/olemosaic.com\/fr\/wp-json\/wp\/v2\/product_cat?post=36860"},{"taxonomy":"product_tag","embeddable":true,"href":"https:\/\/olemosaic.com\/fr\/wp-json\/wp\/v2\/product_tag?post=36860"}],"curies":[{"name":"wp","href":"https:\/\/api.w.org\/{rel}","templated":true}]}}