{"id":36859,"date":"2025-02-20T23:35:31","date_gmt":"2025-02-20T22:35:31","guid":{"rendered":"http:\/\/olemosaic.com\/producto\/funda-de-telefono-para-iphone-15-pro-tpu-mosaico-blanco-2\/"},"modified":"2025-07-25T19:57:01","modified_gmt":"2025-07-25T17:57:01","slug":"coque-iphone-15-pro-tpu-mosaique-motifs-floraux-blanc","status":"publish","type":"product","link":"https:\/\/olemosaic.com\/fr\/produit\/coque-iphone-15-pro-tpu-mosaique-motifs-floraux-blanc\/","title":{"rendered":"Coque pour iPhone 15 Pro (TPU). Mosa\u00efque. Motifs floraux. Blanc"},"content":{"rendered":"<p>Coque pour iPhone 15 Pro avec un design de mosa\u00efque vibrant, fabriqu\u00e9e en TPU. Elle combine une riche palette de couleurs bleu, rouge, orange et blanc \u00e0 travers des motifs g\u00e9om\u00e9triques et floraux inspir\u00e9s de la tradition c\u00e9ramique espagnole. Cet accessoire ne prot\u00e8ge pas seulement votre appareil, il \u00e9voque \u00e9galement la magie des azulejos qui ornent de nombreuses villes espagnoles, comme S\u00e9ville et Grenade, o\u00f9 l&rsquo;art de la mosa\u00efque fait partie du patrimoine culturel.<\/p>\n<p>La coque se distingue par son design complexe, qui m\u00e9lange des motifs floraux avec des motifs g\u00e9om\u00e9triques, cr\u00e9ant un effet visuel qui capture l&rsquo;essence vibrante de la culture espagnole. Chaque \u00e9l\u00e9ment de la mosa\u00efque a \u00e9t\u00e9 soigneusement choisi pour transmettre la joie et le dynamisme des festivit\u00e9s locales. Ce souvenir est id\u00e9al pour ceux qui souhaitent emporter un morceau d&rsquo;Espagne avec eux tout en prot\u00e9geant leur t\u00e9l\u00e9phone.<\/p>\n<p>Chez Ol\u00e9 Mosaic, nous sommes fiers de proposer des souvenirs authentiques qui refl\u00e8tent la richesse culturelle de l&rsquo;Espagne. Cette coque de t\u00e9l\u00e9phone n&rsquo;est pas seulement un article fonctionnel, mais aussi une magnifique repr\u00e9sentation de l&rsquo;h\u00e9ritage artistique du pays, ce qui en fait un excellent cadeau pour les touristes et les amateurs de design. Avec ce produit, les clients trouveront un lien \u00e9motionnel qui transforme un simple accessoire en un v\u00e9ritable souvenir de leur exp\u00e9rience en Espagne.<\/p>\n","protected":false},"excerpt":{"rendered":"<p>Coque pour iPhone 15 Pro fabriqu\u00e9e en TPU, d\u00e9cor\u00e9e d&rsquo;un design de mosa\u00efque vibrant. Ce produit pr\u00e9sente une combinaison color\u00e9e de bleus, rouges, oranges et blancs, avec des motifs g\u00e9om\u00e9triques et floraux inspir\u00e9s de la tradition c\u00e9ramique espagnole. La coque ne prot\u00e8ge pas seulement votre appareil, elle lui apporte \u00e9galement une touche artistique et un style unique, en faisant un excellent souvenir d&rsquo;Espagne.<\/p>\n","protected":false},"featured_media":13029,"template":"","meta":{"_acf_changed":false},"product_brand":[],"product_cat":[674],"product_tag":[],"class_list":{"0":"post-36859","1":"product","2":"type-product","3":"status-publish","4":"has-post-thumbnail","6":"product_cat-etuis-pour-telephones-portables","7":"pa_motivo-mosaique","9":"first","10":"instock","11":"shipping-taxable","12":"product-type-simple"},"acf":[],"_links":{"self":[{"href":"https:\/\/olemosaic.com\/fr\/wp-json\/wp\/v2\/product\/36859","targetHints":{"allow":["GET"]}}],"collection":[{"href":"https:\/\/olemosaic.com\/fr\/wp-json\/wp\/v2\/product"}],"about":[{"href":"https:\/\/olemosaic.com\/fr\/wp-json\/wp\/v2\/types\/product"}],"wp:featuredmedia":[{"embeddable":true,"href":"https:\/\/olemosaic.com\/fr\/wp-json\/wp\/v2\/media\/13029"}],"wp:attachment":[{"href":"https:\/\/olemosaic.com\/fr\/wp-json\/wp\/v2\/media?parent=36859"}],"wp:term":[{"taxonomy":"product_brand","embeddable":true,"href":"https:\/\/olemosaic.com\/fr\/wp-json\/wp\/v2\/product_brand?post=36859"},{"taxonomy":"product_cat","embeddable":true,"href":"https:\/\/olemosaic.com\/fr\/wp-json\/wp\/v2\/product_cat?post=36859"},{"taxonomy":"product_tag","embeddable":true,"href":"https:\/\/olemosaic.com\/fr\/wp-json\/wp\/v2\/product_tag?post=36859"}],"curies":[{"name":"wp","href":"https:\/\/api.w.org\/{rel}","templated":true}]}}