{"id":36837,"date":"2025-02-20T22:35:31","date_gmt":"2025-02-20T22:35:31","guid":{"rendered":"http:\/\/olemosaic.com\/producto\/funda-de-telefono-para-iphone-15-pro-tpu-gato-mallorca-blanco\/"},"modified":"2025-07-25T19:22:08","modified_gmt":"2025-07-25T17:22:08","slug":"coque-de-telephone-pour-iphone-15-pro-tpu-chat-majorque-blanc-fr","status":"publish","type":"product","link":"https:\/\/olemosaic.com\/fr\/produit\/coque-de-telephone-pour-iphone-15-pro-tpu-chat-majorque-blanc-fr\/","title":{"rendered":"Coque de t\u00e9l\u00e9phone pour iPhone 15 Pro (TPU). Chat. Majorque. Blanc"},"content":{"rendered":"<p>Coque pour iPhone 15 Pro avec un design charmant d&rsquo;un chat inspir\u00e9 de la faune de Majorque. Fabriqu\u00e9e en TPU, cette coque allie flexibilit\u00e9 et r\u00e9sistance, assurant une protection efficace pour votre appareil. Le design color\u00e9 pr\u00e9sente une illustration d&rsquo;un chat dans un style mosa\u00efque vibrant, o\u00f9 les tons rouges, bleus, verts et jaunes donnent vie \u00e0 l&rsquo;image, cr\u00e9ant un effet frappant qui capture l&rsquo;essence de la faune locale. Ce chat, accompagn\u00e9 de papillons qui dansent autour de lui, ajoute une touche fra\u00eeche et dynamique \u00e0 la coque, tandis que le fond blanc avec un effet de texture craquel\u00e9e fait ressortir les couleurs du design, offrant un contraste attrayant et moderne.<\/p>\n<p>De plus, le texte \u00ab Mallorca \u00bb s&rsquo;affiche dans une typographie claire et stylis\u00e9e, ajoutant une touche authentique \u00e0 cet accessoire qui non seulement prot\u00e8ge votre t\u00e9l\u00e9phone, mais sert \u00e9galement de souvenir repr\u00e9sentatif de cette magnifique \u00eele des Bal\u00e9ares. Cet article est parfait pour les touristes et les amoureux de Majorque qui recherchent un souvenir unique alliant fonctionnalit\u00e9 et style. Chez Ol\u00e9 Mosaic, nous sommes fiers de proposer une vari\u00e9t\u00e9 de produits authentiques et culturels, et cette coque est un choix id\u00e9al pour les boutiques de souvenirs touristiques souhaitant offrir des souvenirs qui refl\u00e8tent la singularit\u00e9 de Majorque. En tant que distributeurs en gros, nous garantissons la qualit\u00e9 et l&rsquo;authenticit\u00e9 de chaque produit disponible.<\/p>\n","protected":false},"excerpt":{"rendered":"<p>Coque pour iPhone 15 Pro fabriqu\u00e9e en TPU, d\u00e9cor\u00e9e d&rsquo;un design color\u00e9 d&rsquo;un chat inspir\u00e9 de la faune majorquine. L&rsquo;illustration pr\u00e9sente un f\u00e9lin avec un style de mosa\u00efque vibrant, accompagn\u00e9 de papillons qui lui donnent vie. Le fond blanc, avec un effet de texture craquel\u00e9e, fait ressortir les couleurs vives du design. Comprend le mot \u00ab Mallorca \u00bb dans une typographie claire, parfaite pour ajouter une touche de style majorquin \u00e0 votre appareil.<\/p>\n","protected":false},"featured_media":12980,"template":"","meta":{"_acf_changed":false},"product_brand":[],"product_cat":[674],"product_tag":[530],"class_list":{"0":"post-36837","1":"product","2":"type-product","3":"status-publish","4":"has-post-thumbnail","6":"product_cat-etuis-pour-telephones-portables","7":"product_tag-animaux","8":"pa_ciudad-mallorca","9":"pa_motivo-chats","10":"pa_pais-espana","12":"first","13":"instock","14":"shipping-taxable","15":"product-type-simple"},"acf":[],"_links":{"self":[{"href":"https:\/\/olemosaic.com\/fr\/wp-json\/wp\/v2\/product\/36837","targetHints":{"allow":["GET"]}}],"collection":[{"href":"https:\/\/olemosaic.com\/fr\/wp-json\/wp\/v2\/product"}],"about":[{"href":"https:\/\/olemosaic.com\/fr\/wp-json\/wp\/v2\/types\/product"}],"wp:featuredmedia":[{"embeddable":true,"href":"https:\/\/olemosaic.com\/fr\/wp-json\/wp\/v2\/media\/12980"}],"wp:attachment":[{"href":"https:\/\/olemosaic.com\/fr\/wp-json\/wp\/v2\/media?parent=36837"}],"wp:term":[{"taxonomy":"product_brand","embeddable":true,"href":"https:\/\/olemosaic.com\/fr\/wp-json\/wp\/v2\/product_brand?post=36837"},{"taxonomy":"product_cat","embeddable":true,"href":"https:\/\/olemosaic.com\/fr\/wp-json\/wp\/v2\/product_cat?post=36837"},{"taxonomy":"product_tag","embeddable":true,"href":"https:\/\/olemosaic.com\/fr\/wp-json\/wp\/v2\/product_tag?post=36837"}],"curies":[{"name":"wp","href":"https:\/\/api.w.org\/{rel}","templated":true}]}}