{"id":36836,"date":"2025-02-20T23:34:36","date_gmt":"2025-02-20T22:34:36","guid":{"rendered":"http:\/\/olemosaic.com\/producto\/vaso-de-ceramica-panoramica-barcelona-beige-2\/"},"modified":"2025-07-25T18:43:08","modified_gmt":"2025-07-25T16:43:08","slug":"gobelet-en-ceramique-panoramique-gaudi-barcelone-beige-fr","status":"publish","type":"product","link":"https:\/\/olemosaic.com\/fr\/produit\/gobelet-en-ceramique-panoramique-gaudi-barcelone-beige-fr\/","title":{"rendered":"Gobelet en c\u00e9ramique. Panoramique. Gaud\u00ed. Barcelone. Beige."},"content":{"rendered":"<p>Ce gobelet en c\u00e9ramique, avec une vue panoramique frappante de Barcelone, est un souvenir parfait qui capture l&rsquo;essence vibrante de l&#8217;embl\u00e9matique ville catalane. Con\u00e7u dans un ton beige joyeux, le gobelet pr\u00e9sente des illustrations color\u00e9es et d\u00e9taill\u00e9es de la c\u00e9l\u00e8bre mosa\u00efque de Gaud\u00ed, qui ajoute une touche artistique et moderne, ainsi que de la majestueuse Sagrada Familia, un symbole incontournable du patrimoine architectural de la ville. Le mot \u00ab Barcelone \u00bb se d\u00e9tache en lettres dynamiques et color\u00e9es, faisant de ce gobelet non seulement un objet fonctionnel, mais un v\u00e9ritable hommage \u00e0 la culture locale. La partie sup\u00e9rieure du gobelet est d\u00e9cor\u00e9e d&rsquo;un couvercle rouge, qui non seulement rehausse son attrait esth\u00e9tique, mais offre \u00e9galement une fonction pratique, id\u00e9ale pour maintenir la temp\u00e9rature de vos boissons pr\u00e9f\u00e9r\u00e9es. Ce gobelet en c\u00e9ramique est plus qu&rsquo;un simple accessoire ; c&rsquo;est un rappel des merveilles de Barcelone, parfait pour ceux qui souhaitent emporter un morceau de cette ville lors de leurs voyages. Chez Ol\u00e9 Mosaic, nous nous sp\u00e9cialisons dans la distribution de souvenirs authentiques ; ce gobelet est une excellente option pour les boutiques de souvenirs touristiques recherchant des produits qui refl\u00e8tent la richesse culturelle et l&rsquo;art de la r\u00e9gion.<\/p>\n","protected":false},"excerpt":{"rendered":"<p>Gobelet en c\u00e9ramique avec une vue panoramique attrayante de Barcelone, con\u00e7u dans un ton beige joyeux. Ce gobelet pr\u00e9sente des illustrations vibrantes de l&rsquo;iconique mosa\u00efque de Gaud\u00ed et de la majestueuse Sagrada Familia, accompagn\u00e9es du mot \u00ab Barcelone \u00bb en lettres color\u00e9es. La partie sup\u00e9rieure est d\u00e9cor\u00e9e d&rsquo;un couvercle rouge qui ajoute une touche attrayante et fonctionnelle. Id\u00e9al pour savourer vos boissons pr\u00e9f\u00e9r\u00e9es tout en vous rappelant la beaut\u00e9 de cette ville catalane.<\/p>\n","protected":false},"featured_media":7366,"template":"","meta":{"_acf_changed":false},"product_brand":[],"product_cat":[819],"product_tag":[585],"class_list":{"0":"post-36836","1":"product","2":"type-product","3":"status-publish","4":"has-post-thumbnail","6":"product_cat-verres","7":"product_tag-ceramique","8":"pa_ciudad-barcelona","9":"pa_motivo-panoramas","10":"pa_pais-espana","12":"first","13":"instock","14":"shipping-taxable","15":"product-type-simple"},"acf":[],"_links":{"self":[{"href":"https:\/\/olemosaic.com\/fr\/wp-json\/wp\/v2\/product\/36836","targetHints":{"allow":["GET"]}}],"collection":[{"href":"https:\/\/olemosaic.com\/fr\/wp-json\/wp\/v2\/product"}],"about":[{"href":"https:\/\/olemosaic.com\/fr\/wp-json\/wp\/v2\/types\/product"}],"wp:featuredmedia":[{"embeddable":true,"href":"https:\/\/olemosaic.com\/fr\/wp-json\/wp\/v2\/media\/7366"}],"wp:attachment":[{"href":"https:\/\/olemosaic.com\/fr\/wp-json\/wp\/v2\/media?parent=36836"}],"wp:term":[{"taxonomy":"product_brand","embeddable":true,"href":"https:\/\/olemosaic.com\/fr\/wp-json\/wp\/v2\/product_brand?post=36836"},{"taxonomy":"product_cat","embeddable":true,"href":"https:\/\/olemosaic.com\/fr\/wp-json\/wp\/v2\/product_cat?post=36836"},{"taxonomy":"product_tag","embeddable":true,"href":"https:\/\/olemosaic.com\/fr\/wp-json\/wp\/v2\/product_tag?post=36836"}],"curies":[{"name":"wp","href":"https:\/\/api.w.org\/{rel}","templated":true}]}}