{"id":36835,"date":"2025-02-20T22:34:36","date_gmt":"2025-02-20T22:34:36","guid":{"rendered":"http:\/\/olemosaic.com\/producto\/vaso-de-ceramica-panoramica-barcelona-beige\/"},"modified":"2025-07-25T18:55:56","modified_gmt":"2025-07-25T16:55:56","slug":"gobelet-en-ceramique-panoramique-barcelone-beige-fr","status":"publish","type":"product","link":"https:\/\/olemosaic.com\/fr\/produit\/gobelet-en-ceramique-panoramique-barcelone-beige-fr\/","title":{"rendered":"Gobelet en c\u00e9ramique. Panoramique. Barcelone. Beige."},"content":{"rendered":"<p>Ce gobelet en c\u00e9ramique au design panoramique, repr\u00e9sentant Barcelone, est une pi\u00e8ce unique et charmante, id\u00e9ale pour ceux qui souhaitent savourer leurs boissons pr\u00e9f\u00e9r\u00e9es tout en \u00e9voquant l&rsquo;essence de la cit\u00e9 comtale. De couleur beige, ce gobelet attrayant pr\u00e9sente des illustrations vibrantes qui mettent en valeur l&#8217;embl\u00e9matique colonne de Colomb, entour\u00e9e de palmiers majestueux et des mosa\u00efques color\u00e9es du c\u00e9l\u00e8bre Park G\u00fcell, un chef-d&rsquo;\u0153uvre de l&rsquo;architecte Antoni Gaud\u00ed. Avec un bord rouge qui apporte une touche d&rsquo;\u00e9nergie et des d\u00e9tails noirs qui rehaussent son design, ce gobelet n&rsquo;est pas seulement fonctionnel, mais agit \u00e9galement comme une \u0153uvre d&rsquo;art d\u00e9corative.<\/p>\n<p>La repr\u00e9sentation des ic\u00f4nes barcelonaises en fait un souvenir parfait pour les touristes qui cherchent \u00e0 emporter chez eux un souvenir authentique et significatif de leur visite. La c\u00e9ramique garantit la durabilit\u00e9 et la qualit\u00e9 du produit, tandis que son design panoramique le fait ressortir dans n&rsquo;importe quelle collection de souvenirs de Barcelone. Chez Ol\u00e9 Mosaic, nous sommes distributeurs de souvenirs en gros et proposons des produits qui refl\u00e8tent la riche culture et tradition de l&rsquo;Espagne. Ce gobelet en c\u00e9ramique est une excellente option pour les boutiques de souvenirs touristiques qui recherchent des articles de qualit\u00e9 avec une valeur culturelle significative, capturant la magie de Barcelone \u00e0 chaque gorg\u00e9e.<\/p>\n","protected":false},"excerpt":{"rendered":"<p>Gobelet en c\u00e9ramique avec un design panoramique repr\u00e9sentatif de Barcelone, id\u00e9al pour savourer vos boissons pr\u00e9f\u00e9r\u00e9es. Ce gobelet attrayant, de couleur beige, pr\u00e9sente des illustrations vibrantes montrant l&#8217;embl\u00e9matique colonne de Colomb, des palmiers et des mosa\u00efques color\u00e9es, \u00e9voquant le c\u00e9l\u00e8bre Parc G\u00fcell. Avec un bord rouge et des d\u00e9tails noirs, c&rsquo;est une pi\u00e8ce fonctionnelle et d\u00e9corative qui capture l&rsquo;essence de la cit\u00e9 comtale, parfaite comme souvenir ou pour un usage quotidien.<\/p>\n","protected":false},"featured_media":7367,"template":"","meta":{"_acf_changed":false},"product_brand":[],"product_cat":[819],"product_tag":[585],"class_list":{"0":"post-36835","1":"product","2":"type-product","3":"status-publish","4":"has-post-thumbnail","6":"product_cat-verres","7":"product_tag-ceramique","8":"pa_ciudad-barcelona","9":"pa_motivo-panoramas","10":"pa_pais-espana","12":"first","13":"instock","14":"shipping-taxable","15":"product-type-simple"},"acf":[],"_links":{"self":[{"href":"https:\/\/olemosaic.com\/fr\/wp-json\/wp\/v2\/product\/36835","targetHints":{"allow":["GET"]}}],"collection":[{"href":"https:\/\/olemosaic.com\/fr\/wp-json\/wp\/v2\/product"}],"about":[{"href":"https:\/\/olemosaic.com\/fr\/wp-json\/wp\/v2\/types\/product"}],"wp:featuredmedia":[{"embeddable":true,"href":"https:\/\/olemosaic.com\/fr\/wp-json\/wp\/v2\/media\/7367"}],"wp:attachment":[{"href":"https:\/\/olemosaic.com\/fr\/wp-json\/wp\/v2\/media?parent=36835"}],"wp:term":[{"taxonomy":"product_brand","embeddable":true,"href":"https:\/\/olemosaic.com\/fr\/wp-json\/wp\/v2\/product_brand?post=36835"},{"taxonomy":"product_cat","embeddable":true,"href":"https:\/\/olemosaic.com\/fr\/wp-json\/wp\/v2\/product_cat?post=36835"},{"taxonomy":"product_tag","embeddable":true,"href":"https:\/\/olemosaic.com\/fr\/wp-json\/wp\/v2\/product_tag?post=36835"}],"curies":[{"name":"wp","href":"https:\/\/api.w.org\/{rel}","templated":true}]}}