{"id":36833,"date":"2025-02-20T22:34:36","date_gmt":"2025-02-20T22:34:36","guid":{"rendered":"http:\/\/olemosaic.com\/producto\/vaso-de-ceramica-punt-de-trobada-barcelona-blanco\/"},"modified":"2025-07-25T18:54:15","modified_gmt":"2025-07-25T16:54:15","slug":"gobelet-en-ceramique-punt-de-trobada-barcelone-blanc-fr","status":"publish","type":"product","link":"https:\/\/olemosaic.com\/fr\/produit\/gobelet-en-ceramique-punt-de-trobada-barcelone-blanc-fr\/","title":{"rendered":"Gobelet en c\u00e9ramique. Punt de trobada. Barcelone. Blanc."},"content":{"rendered":"<p>Ce gobelet en c\u00e9ramique, avec son design color\u00e9, est un v\u00e9ritable hommage \u00e0 la c\u00e9l\u00e8bre mosa\u00efque barcelonaise, reflet de l&rsquo;essence vibrante de la cit\u00e9 comtale. Sa finition blanche souligne son attrait, tandis que le couvercle rouge n&rsquo;est pas seulement fonctionnel, mais ajoute une touche contemporaine et dynamique. D\u00e9cor\u00e9 d&rsquo;une charmante vari\u00e9t\u00e9 d&rsquo;\u00e9l\u00e9ments graphiques et abstraits, le gobelet pr\u00e9sente un joyeux m\u00e9lange de couleurs comme le rouge, le bleu et le jaune, \u00e9voquant la cr\u00e9ativit\u00e9 et l&rsquo;art que Barcelone respire dans chaque recoin.<\/p>\n<p>Inspir\u00e9 par le c\u00e9l\u00e8bre \u00ab Punt de Trobada \u00bb de la mosa\u00efque de Gaud\u00ed, ce gobelet est bien plus qu&rsquo;un simple accessoire : il repr\u00e9sente un fragment du patrimoine culturel catalan, id\u00e9al pour que les touristes le conservent comme souvenir. Parfait pour savourer n&rsquo;importe quelle boisson, son design captivant en fait une excellente option pour ceux qui recherchent des souvenirs authentiques de Barcelone.<\/p>\n<p>Chez Ol\u00e9 Mosaic, en tant que sp\u00e9cialistes de la distribution de souvenirs en gros, nous proposons ce gobelet dans le cadre de notre passionnante collection, qui c\u00e9l\u00e8bre le riche h\u00e9ritage artistique de la ville. C&rsquo;est un cadeau parfait pour les boutiques de souvenirs touristiques qui souhaitent proposer des produits alliant style, fonctionnalit\u00e9 et une profonde signification culturelle.<\/p>\n","protected":false},"excerpt":{"rendered":"<p>Gobelet en c\u00e9ramique au design color\u00e9 inspir\u00e9 de la c\u00e9l\u00e8bre mosa\u00efque de Barcelone. Ce gobelet pratique, avec sa finition blanche et son couvercle rouge, ajoute une touche vibrante. D\u00e9cor\u00e9 d&rsquo;\u00e9l\u00e9ments graphiques abstraits, il pr\u00e9sente un m\u00e9lange de couleurs comme le rouge, le bleu et le jaune, repr\u00e9sentant l&rsquo;essence artistique de la ville. Id\u00e9al pour savourer vos boissons, il allie fonctionnalit\u00e9 et un style culturel catalan distinctif.<\/p>\n","protected":false},"featured_media":9136,"template":"","meta":{"_acf_changed":false},"product_brand":[],"product_cat":[819],"product_tag":[585],"class_list":{"0":"post-36833","1":"product","2":"type-product","3":"status-publish","4":"has-post-thumbnail","6":"product_cat-verres","7":"product_tag-ceramique","8":"pa_ciudad-barcelona","9":"pa_motivo-punt-de-trobada","10":"pa_pais-espana","12":"first","13":"instock","14":"shipping-taxable","15":"product-type-simple"},"acf":[],"_links":{"self":[{"href":"https:\/\/olemosaic.com\/fr\/wp-json\/wp\/v2\/product\/36833","targetHints":{"allow":["GET"]}}],"collection":[{"href":"https:\/\/olemosaic.com\/fr\/wp-json\/wp\/v2\/product"}],"about":[{"href":"https:\/\/olemosaic.com\/fr\/wp-json\/wp\/v2\/types\/product"}],"wp:featuredmedia":[{"embeddable":true,"href":"https:\/\/olemosaic.com\/fr\/wp-json\/wp\/v2\/media\/9136"}],"wp:attachment":[{"href":"https:\/\/olemosaic.com\/fr\/wp-json\/wp\/v2\/media?parent=36833"}],"wp:term":[{"taxonomy":"product_brand","embeddable":true,"href":"https:\/\/olemosaic.com\/fr\/wp-json\/wp\/v2\/product_brand?post=36833"},{"taxonomy":"product_cat","embeddable":true,"href":"https:\/\/olemosaic.com\/fr\/wp-json\/wp\/v2\/product_cat?post=36833"},{"taxonomy":"product_tag","embeddable":true,"href":"https:\/\/olemosaic.com\/fr\/wp-json\/wp\/v2\/product_tag?post=36833"}],"curies":[{"name":"wp","href":"https:\/\/api.w.org\/{rel}","templated":true}]}}