{"id":36827,"date":"2025-02-20T23:32:24","date_gmt":"2025-02-20T22:32:24","guid":{"rendered":"http:\/\/olemosaic.com\/producto\/iman-de-metal-sagrada-familia-barcelona-8-cm-7\/"},"modified":"2025-07-25T20:13:49","modified_gmt":"2025-07-25T18:13:49","slug":"aimant-en-metal-sagrada-familia-barcelone-8-cm-7","status":"publish","type":"product","link":"https:\/\/olemosaic.com\/fr\/produit\/aimant-en-metal-sagrada-familia-barcelone-8-cm-7\/","title":{"rendered":"Aimant en m\u00e9tal. Basilique Sagrada Familia. Mosa\u00efque. Barcelone. 8 cm."},"content":{"rendered":"<p>Cet aimant m\u00e9tallique de 8 cm est un hommage vibrant \u00e0 l&rsquo;iconique Sagrada Familia de Barcelone, l&rsquo;un des monuments les plus embl\u00e9matiques de la ville. Avec une illustration artistique de style mosa\u00efque, l&rsquo;aimant met en valeur les impressionnantes tours de la basilique, repr\u00e9sent\u00e9es dans une explosion de couleurs comprenant des tons rouges, jaunes et verts. Dans la partie sup\u00e9rieure, le mot \u00ab\u00a0Barcelone\u00a0\u00bb ressort en lettres pro\u00e9minentes, capturant l&rsquo;essence de l&rsquo;architecture moderniste catalane.<\/p>\n<p>La Sagrada Familia, con\u00e7ue par le ma\u00eetre Antoni Gaud\u00ed, combine des \u00e9l\u00e9ments gothiques et modernistes, et cet aimant refl\u00e8te sa singularit\u00e9 \u00e0 travers un design visuel unique et captivant. Ce souvenir n&rsquo;est pas seulement un accessoire d\u00e9coratif, mais aussi un souvenir authentique d&rsquo;une visite dans la cit\u00e9 comtale, permettant aux touristes de ramener un petit morceau de leur exp\u00e9rience.<\/p>\n<p>Parfait pour ceux qui recherchent des souvenirs de Barcelone, cet aimant est une excellente option pour les boutiques de cadeaux touristiques souhaitant proposer des produits repr\u00e9sentatifs de la culture et de l&rsquo;histoire locales. Chez Ol\u00e9 Mosaic, en tant que grossistes de souvenirs de haute qualit\u00e9, nous fournissons des articles qui c\u00e9l\u00e8brent la diversit\u00e9 et la richesse culturelle de l&rsquo;Espagne, cet aimant de la Sagrada Familia \u00e9tant un exemple parfait d&rsquo;authenticit\u00e9 et d&rsquo;attrait visuel.<\/p>\n","protected":false},"excerpt":{"rendered":"<p>Aimant m\u00e9tallique de 8 cm qui rend hommage \u00e0 l&#8217;embl\u00e9matique Sagrada Familia de Barcelone. Cet aimant color\u00e9 pr\u00e9sente une illustration vibrante, de style mosa\u00efque, qui met en valeur les tours imposantes du monument, orn\u00e9es de d\u00e9tails dans les tons rouges, jaunes et verts. Dans la partie sup\u00e9rieure, le mot \u00ab\u00a0Barcelone\u00a0\u00bb ressort en grandes lettres, capturant l&rsquo;essence architecturale de la ville. Id\u00e9al pour se souvenir de votre visite ou comme souvenir attrayant.<\/p>\n","protected":false},"featured_media":11370,"template":"","meta":{"_acf_changed":false},"product_brand":[],"product_cat":[697],"product_tag":[],"class_list":{"0":"post-36827","1":"product","2":"type-product","3":"status-publish","4":"has-post-thumbnail","6":"product_cat-aimants","7":"pa_ciudad-barcelona","8":"pa_motivo-sagrada-familia","9":"pa_pais-espana","11":"first","12":"instock","13":"shipping-taxable","14":"product-type-simple"},"acf":[],"_links":{"self":[{"href":"https:\/\/olemosaic.com\/fr\/wp-json\/wp\/v2\/product\/36827","targetHints":{"allow":["GET"]}}],"collection":[{"href":"https:\/\/olemosaic.com\/fr\/wp-json\/wp\/v2\/product"}],"about":[{"href":"https:\/\/olemosaic.com\/fr\/wp-json\/wp\/v2\/types\/product"}],"wp:featuredmedia":[{"embeddable":true,"href":"https:\/\/olemosaic.com\/fr\/wp-json\/wp\/v2\/media\/11370"}],"wp:attachment":[{"href":"https:\/\/olemosaic.com\/fr\/wp-json\/wp\/v2\/media?parent=36827"}],"wp:term":[{"taxonomy":"product_brand","embeddable":true,"href":"https:\/\/olemosaic.com\/fr\/wp-json\/wp\/v2\/product_brand?post=36827"},{"taxonomy":"product_cat","embeddable":true,"href":"https:\/\/olemosaic.com\/fr\/wp-json\/wp\/v2\/product_cat?post=36827"},{"taxonomy":"product_tag","embeddable":true,"href":"https:\/\/olemosaic.com\/fr\/wp-json\/wp\/v2\/product_tag?post=36827"}],"curies":[{"name":"wp","href":"https:\/\/api.w.org\/{rel}","templated":true}]}}