{"id":36824,"date":"2025-02-20T23:31:30","date_gmt":"2025-02-20T22:31:30","guid":{"rendered":"http:\/\/olemosaic.com\/producto\/saleros-de-ceramica-punt-de-trobada\/"},"modified":"2025-07-25T19:48:51","modified_gmt":"2025-07-25T17:48:51","slug":"salieres-en-ceramique-point-de-rencontre","status":"publish","type":"product","link":"https:\/\/olemosaic.com\/fr\/produit\/salieres-en-ceramique-point-de-rencontre\/","title":{"rendered":"Sali\u00e8res en c\u00e9ramique. Point de rencontre."},"content":{"rendered":"<p>Cet ensemble de sali\u00e8res en c\u00e9ramique peintes \u00e0 la main est une v\u00e9ritable \u0153uvre d&rsquo;art inspir\u00e9e par l&rsquo;esth\u00e9tique vibrante du c\u00e9l\u00e8bre artiste espagnol Joan Mir\u00f3. Avec un design abstrait et color\u00e9, chaque sali\u00e8re pr\u00e9sente une explosion de tons rouge, bleu, vert et jaune, qui contrastent de mani\u00e8re spectaculaire avec le fond blanc et font ressortir ses formes dynamiques et all\u00e9goriques. Les bouchons en c\u00e9ramique, avec leur \u00e9l\u00e9gante finition orange, ajoutent non seulement une touche de chaleur, mais invitent \u00e9galement \u00e0 l&rsquo;interaction sur n&rsquo;importe quelle table. Cette pi\u00e8ce n&rsquo;est pas seulement fonctionnelle pour un usage quotidien, elle agit \u00e9galement comme un \u00e9l\u00e9ment d\u00e9coratif amusant qui apportera un style unique \u00e0 vos repas.<\/p>\n<p>La connexion culturelle avec l&rsquo;Espagne se refl\u00e8te dans la vitalit\u00e9 des \u0153uvres de Mir\u00f3, qui a jou\u00e9 un r\u00f4le fondamental dans le d\u00e9veloppement du surr\u00e9alisme et de l&rsquo;art moderne. Ces sali\u00e8res deviennent ainsi un souvenir repr\u00e9sentatif, non seulement de la cr\u00e9ativit\u00e9 espagnole, mais aussi de la tradition de la c\u00e9ramique artisanale. Chez Ol\u00e9 Mosaic, nous savons que ce type de souvenirs en c\u00e9ramique est parfait pour les touristes qui recherchent une mani\u00e8re authentique de ramener un morceau de la culture espagnole chez eux. En tant que grossistes de souvenirs, nous proposons des produits qui combinent art, fonctionnalit\u00e9 et un lien culturel fort, faisant de ces sali\u00e8res une excellente option pour les boutiques de cadeaux touristiques.<\/p>\n","protected":false},"excerpt":{"rendered":"<p>Sali\u00e8res en c\u00e9ramique peintes \u00e0 la main, inspir\u00e9es de l&rsquo;\u0153uvre du c\u00e9l\u00e8bre artiste espagnol Joan Mir\u00f3. Chaque sali\u00e8re pr\u00e9sente un design vibrant et abstrait, avec des motifs en rouge, bleu, vert et jaune sur fond blanc. Les bouchons en c\u00e9ramique ont une finition dans les tons orang\u00e9s. Avec un style amusant et artistique, ces sali\u00e8res apportent une touche distinctive \u00e0 n&rsquo;importe quelle table et sont un pr\u00e9cieux souvenir de la culture espagnole.<\/p>\n","protected":false},"featured_media":10047,"template":"","meta":{"_acf_changed":false},"product_brand":[],"product_cat":[817],"product_tag":[585],"class_list":{"0":"post-36824","1":"product","2":"type-product","3":"status-publish","4":"has-post-thumbnail","6":"product_cat-salieres","7":"product_tag-ceramique","8":"pa_motivo-punt-de-trobada","10":"first","11":"instock","12":"shipping-taxable","13":"product-type-simple"},"acf":[],"_links":{"self":[{"href":"https:\/\/olemosaic.com\/fr\/wp-json\/wp\/v2\/product\/36824","targetHints":{"allow":["GET"]}}],"collection":[{"href":"https:\/\/olemosaic.com\/fr\/wp-json\/wp\/v2\/product"}],"about":[{"href":"https:\/\/olemosaic.com\/fr\/wp-json\/wp\/v2\/types\/product"}],"wp:featuredmedia":[{"embeddable":true,"href":"https:\/\/olemosaic.com\/fr\/wp-json\/wp\/v2\/media\/10047"}],"wp:attachment":[{"href":"https:\/\/olemosaic.com\/fr\/wp-json\/wp\/v2\/media?parent=36824"}],"wp:term":[{"taxonomy":"product_brand","embeddable":true,"href":"https:\/\/olemosaic.com\/fr\/wp-json\/wp\/v2\/product_brand?post=36824"},{"taxonomy":"product_cat","embeddable":true,"href":"https:\/\/olemosaic.com\/fr\/wp-json\/wp\/v2\/product_cat?post=36824"},{"taxonomy":"product_tag","embeddable":true,"href":"https:\/\/olemosaic.com\/fr\/wp-json\/wp\/v2\/product_tag?post=36824"}],"curies":[{"name":"wp","href":"https:\/\/api.w.org\/{rel}","templated":true}]}}