{"id":36822,"date":"2025-02-20T23:31:30","date_gmt":"2025-02-20T22:31:30","guid":{"rendered":"http:\/\/olemosaic.com\/producto\/saleros-de-ceramica-patio-madrid-blanco\/"},"modified":"2025-07-25T18:56:12","modified_gmt":"2025-07-25T16:56:12","slug":"salieres-en-ceramique-patio-madrid-blanc-fr","status":"publish","type":"product","link":"https:\/\/olemosaic.com\/fr\/produit\/salieres-en-ceramique-patio-madrid-blanc-fr\/","title":{"rendered":"Sali\u00e8res en c\u00e9ramique. Patio. Madrid. Blanc."},"content":{"rendered":"<p>Ce jeu de sali\u00e8res en c\u00e9ramique blanche est un souvenir \u00e9l\u00e9gant et vibrant de Madrid, capturant l&rsquo;essence du folklore espagnol dans chaque d\u00e9tail. Chaque sali\u00e8re est un chef-d&rsquo;\u0153uvre \u00e0 effet peint \u00e0 la main, mettant en avant un motif distinctif qui \u00e9voque la joie et les couleurs d&rsquo;un patio typique de Madrid. Sur l&rsquo;une d&rsquo;elles, une danseuse de flamenco captivante, v\u00eatue d&rsquo;un \u00e9blouissant costume rouge \u00e0 pois, tient un \u00e9ventail tout en dansant avec gr\u00e2ce, symbolisant le riche h\u00e9ritage culturel du flamenco, un art profond\u00e9ment enracin\u00e9 dans la tradition espagnole. Sur l&rsquo;autre, se pr\u00e9sente une charmante fen\u00eatre orn\u00e9e de pots de fleurs rouges \u00e9clatantes, entour\u00e9e d&rsquo;un design rappelant les mosa\u00efques, refl\u00e9tant l&rsquo;ambiance chaleureuse de la vie de rue madril\u00e8ne.<\/p>\n<p>Ces sali\u00e8res ne sont pas seulement fonctionnelles, elles servent \u00e9galement de souvenir authentique et color\u00e9 de la capitale espagnole. Leur design, qui combine des \u00e9l\u00e9ments folkloriques et artistiques, en fait un cadeau id\u00e9al pour les touristes souhaitant emporter un petit morceau de Madrid. Chez Ol\u00e9 Mosaic, nous sommes distributeurs de souvenirs de qualit\u00e9, et ces sali\u00e8res en c\u00e9ramique blanche sont une excellente option pour les boutiques de cadeaux touristiques souhaitant proposer des produits significatifs et repr\u00e9sentatifs de la culture madril\u00e8ne. \u00c0 travers chaque sali\u00e8re, l&rsquo;authenticit\u00e9 et la valeur culturelle de Madrid sont c\u00e9l\u00e9br\u00e9es, transformant ces souvenirs en c\u00e9ramique en une touche sp\u00e9ciale pour n&rsquo;importe quel foyer.<\/p>\n","protected":false},"excerpt":{"rendered":"<p>Sali\u00e8res en c\u00e9ramique blanche d\u00e9cor\u00e9es d&rsquo;un motif vibrant d&rsquo;un patio madril\u00e8ne. L&rsquo;une des sali\u00e8res pr\u00e9sente une danseuse de flamenco, v\u00eatue d&rsquo;un costume rouge \u00e0 pois frappant, tenant un \u00e9ventail. L&rsquo;autre montre une fen\u00eatre orn\u00e9e de pots de fleurs rouges et un design de style mosa\u00efque. Les deux sali\u00e8res sont peintes \u00e0 la main, capturant l&rsquo;essence culturelle de Madrid et son folklore color\u00e9.<\/p>\n","protected":false},"featured_media":7973,"template":"","meta":{"_acf_changed":false},"product_brand":[],"product_cat":[817],"product_tag":[585],"class_list":{"0":"post-36822","1":"product","2":"type-product","3":"status-publish","4":"has-post-thumbnail","6":"product_cat-salieres","7":"product_tag-ceramique","8":"pa_ciudad-madrid","9":"pa_motivo-cours-interieures","10":"pa_pais-espana","12":"first","13":"instock","14":"shipping-taxable","15":"product-type-simple"},"acf":[],"_links":{"self":[{"href":"https:\/\/olemosaic.com\/fr\/wp-json\/wp\/v2\/product\/36822","targetHints":{"allow":["GET"]}}],"collection":[{"href":"https:\/\/olemosaic.com\/fr\/wp-json\/wp\/v2\/product"}],"about":[{"href":"https:\/\/olemosaic.com\/fr\/wp-json\/wp\/v2\/types\/product"}],"wp:featuredmedia":[{"embeddable":true,"href":"https:\/\/olemosaic.com\/fr\/wp-json\/wp\/v2\/media\/7973"}],"wp:attachment":[{"href":"https:\/\/olemosaic.com\/fr\/wp-json\/wp\/v2\/media?parent=36822"}],"wp:term":[{"taxonomy":"product_brand","embeddable":true,"href":"https:\/\/olemosaic.com\/fr\/wp-json\/wp\/v2\/product_brand?post=36822"},{"taxonomy":"product_cat","embeddable":true,"href":"https:\/\/olemosaic.com\/fr\/wp-json\/wp\/v2\/product_cat?post=36822"},{"taxonomy":"product_tag","embeddable":true,"href":"https:\/\/olemosaic.com\/fr\/wp-json\/wp\/v2\/product_tag?post=36822"}],"curies":[{"name":"wp","href":"https:\/\/api.w.org\/{rel}","templated":true}]}}