{"id":36818,"date":"2025-02-20T23:31:27","date_gmt":"2025-02-20T22:31:27","guid":{"rendered":"http:\/\/olemosaic.com\/producto\/4-bols-de-coco-de-13-x-6-cm-salamandra-barcelona\/"},"modified":"2025-07-25T20:17:16","modified_gmt":"2025-07-25T18:17:16","slug":"4-bols-en-noix-de-coco-de-13-x-6-cm-salamandre-barcelone","status":"publish","type":"product","link":"https:\/\/olemosaic.com\/fr\/produit\/4-bols-en-noix-de-coco-de-13-x-6-cm-salamandre-barcelone\/","title":{"rendered":"4 Bols en noix de coco de 13 x 6 cm. Salamandre. Barcelone."},"content":{"rendered":"<p>Cet ensemble de 4 bols en noix de coco, aux dimensions de 13 x 6 cm, est une authentique repr\u00e9sentation de l&rsquo;essence vibrante de Barcelone. Chaque bol, peint \u00e0 la main, pr\u00e9sente un design captivant qui \u00e9voque la beaut\u00e9 des salamandres, un symbole de la riche culture et de la nature catalane. La palette de couleurs vibrantes, comprenant des tons verts, rouges, oranges et dor\u00e9s, souligne le talent artistique des artisans locaux, tandis que la texture caract\u00e9ristique de chaque bol imite la peau de la salamandre, ajoutant une touche unique et organique \u00e0 chaque pi\u00e8ce.<\/p>\n<p>Parfaits aussi bien comme centre de table que pour servir des ap\u00e9ritifs, ces bols fusionnent fonctionnalit\u00e9 et esth\u00e9tique, transformant chacun d&rsquo;eux en une exp\u00e9rience visuelle et sensorielle. Le lien culturel de ce souvenir avec Barcelone est ind\u00e9niable ; les salamandres sont des \u00e9l\u00e9ments fr\u00e9quents dans l&rsquo;\u0153uvre du c\u00e9l\u00e8bre architecte Antoni Gaud\u00ed, ce qui souligne leur pertinence en tant que souvenir repr\u00e9sentatif de la ville.<\/p>\n<p>Chez Ol\u00e9 Mosaic, nous sommes fiers de proposer des produits authentiques et de qualit\u00e9 en gros. Cet ensemble de bols en noix de coco est un excellent choix pour les touristes \u00e0 la recherche de souvenirs de Barcelone qui ne soient pas seulement d\u00e9coratifs, mais qui racontent aussi une histoire culturelle. En tant que grossistes de souvenirs, nous garantissons l&rsquo;authenticit\u00e9 et l&rsquo;artisanat de chacun de nos produits, en faisant des souvenirs parfaits de votre visite dans cette ville merveilleuse.<\/p>\n","protected":false},"excerpt":{"rendered":"<p>Ensemble de 4 bols en noix de coco de 13 x 6 cm, d\u00e9cor\u00e9s de motifs attrayants de salamandres, repr\u00e9sentant l&rsquo;essence de Barcelone. Chaque bol pr\u00e9sente un design artisanal, peint \u00e0 la main, combinant des couleurs vibrantes comme le vert, le rouge, l&rsquo;orange et le dor\u00e9, avec une texture caract\u00e9ristique imitant la peau de la salamandre. Parfaits comme centre de table ou pour servir des ap\u00e9ritifs, ces bols fusionnent fonctionnalit\u00e9 et esth\u00e9tique en pi\u00e8ces uniques.<\/p>\n","protected":false},"featured_media":10650,"template":"","meta":{"_acf_changed":false},"product_brand":[],"product_cat":[521],"product_tag":[530],"class_list":{"0":"post-36818","1":"product","2":"type-product","3":"status-publish","4":"has-post-thumbnail","6":"product_cat-bols","7":"product_tag-animaux","8":"pa_ciudad-barcelona","9":"pa_motivo-salamandres","10":"pa_pais-espana","12":"first","13":"instock","14":"shipping-taxable","15":"product-type-simple"},"acf":[],"_links":{"self":[{"href":"https:\/\/olemosaic.com\/fr\/wp-json\/wp\/v2\/product\/36818","targetHints":{"allow":["GET"]}}],"collection":[{"href":"https:\/\/olemosaic.com\/fr\/wp-json\/wp\/v2\/product"}],"about":[{"href":"https:\/\/olemosaic.com\/fr\/wp-json\/wp\/v2\/types\/product"}],"wp:featuredmedia":[{"embeddable":true,"href":"https:\/\/olemosaic.com\/fr\/wp-json\/wp\/v2\/media\/10650"}],"wp:attachment":[{"href":"https:\/\/olemosaic.com\/fr\/wp-json\/wp\/v2\/media?parent=36818"}],"wp:term":[{"taxonomy":"product_brand","embeddable":true,"href":"https:\/\/olemosaic.com\/fr\/wp-json\/wp\/v2\/product_brand?post=36818"},{"taxonomy":"product_cat","embeddable":true,"href":"https:\/\/olemosaic.com\/fr\/wp-json\/wp\/v2\/product_cat?post=36818"},{"taxonomy":"product_tag","embeddable":true,"href":"https:\/\/olemosaic.com\/fr\/wp-json\/wp\/v2\/product_tag?post=36818"}],"curies":[{"name":"wp","href":"https:\/\/api.w.org\/{rel}","templated":true}]}}