{"id":36797,"date":"2025-02-20T23:31:27","date_gmt":"2025-02-20T22:31:27","guid":{"rendered":"http:\/\/olemosaic.com\/producto\/4-bols-de-coco-de-13-x-6-cm-isla-tenerife-3\/"},"modified":"2025-07-25T18:55:04","modified_gmt":"2025-07-25T16:55:04","slug":"4-bols-noix-de-coco-13-x-6-cm-ile-tenerife-3","status":"publish","type":"product","link":"https:\/\/olemosaic.com\/fr\/produit\/4-bols-noix-de-coco-13-x-6-cm-ile-tenerife-3\/","title":{"rendered":"Lot de 4 bols en noix de coco de 13 x 6 cm. \u00cele. Oc\u00e9an. Tenerife. Canaries."},"content":{"rendered":"<p>Ce lot de 4 bols en noix de coco, de 13 x 6 cm, est une repr\u00e9sentation vibrante de la magnifique \u00eele de Tenerife, id\u00e9ale pour ceux qui recherchent des souvenirs authentiques refl\u00e9tant la richesse culturelle des \u00eeles Canaries. Chaque bol a \u00e9t\u00e9 d\u00e9cor\u00e9 de mani\u00e8re artisanale, avec une finition peinte \u00e0 la main qui souligne des textures uniques dans une palette de couleurs \u00e9blouissante, incluant des bleus, des oranges, des rouges et des dor\u00e9s. Les designs \u00e9voquent la beaut\u00e9 du paysage canarien, et \u00e0 l&rsquo;int\u00e9rieur, on peut voir le contour de Tenerife, apportant une touche distinctive qui transformera n&rsquo;importe quelle table.<\/p>\n<p>Ces bols ne sont pas seulement fonctionnels, parfaits pour servir des ap\u00e9ritifs ou de petites bouch\u00e9es, ils servent \u00e9galement de pi\u00e8ces d\u00e9coratives apportant un air tropical et joyeux \u00e0 n&rsquo;importe quel espace. Leur authenticit\u00e9 et leur design artisanal en font un souvenir parfait de l&rsquo;\u00eele, id\u00e9al pour les touristes souhaitant emporter un petit morceau de la culture canarienne. Chez Ol\u00e9 Mosaic, nous distribuons ces souvenirs de Tenerife en gros, garantissant aux commer\u00e7ants une option attrayante et culturellement riche pour leurs clients. Avec ce lot de bols en noix de coco, chaque achat est un pas vers la c\u00e9l\u00e9bration de l&rsquo;h\u00e9ritage canarien.<\/p>\n","protected":false},"excerpt":{"rendered":"<p>Ensemble de 4 bols en noix de coco de 13 x 6 cm, d\u00e9cor\u00e9s de couleurs vibrantes et de motifs repr\u00e9sentant l&rsquo;\u00eele de Tenerife. Chaque bol pr\u00e9sente un design artisanal fini, peint \u00e0 la main, avec des textures uniques dans des tons bleus, oranges, rouges et dor\u00e9s, mettant en valeur la beaut\u00e9 du paysage canarien. \u00c0 l&rsquo;int\u00e9rieur, on aper\u00e7oit le contour de l&rsquo;\u00eele, ce qui en fait un souvenir distinctif et fonctionnel, id\u00e9al pour pr\u00e9senter des ap\u00e9ritifs ou comme \u00e9l\u00e9ment d\u00e9coratif.<\/p>\n","protected":false},"featured_media":10644,"template":"","meta":{"_acf_changed":false},"product_brand":[],"product_cat":[521],"product_tag":[],"class_list":{"0":"post-36797","1":"product","2":"type-product","3":"status-publish","4":"has-post-thumbnail","6":"product_cat-bols","7":"pa_ciudad-tenerife","8":"pa_motivo-iles","9":"pa_pais-espana","11":"first","12":"instock","13":"shipping-taxable","14":"product-type-simple"},"acf":[],"_links":{"self":[{"href":"https:\/\/olemosaic.com\/fr\/wp-json\/wp\/v2\/product\/36797","targetHints":{"allow":["GET"]}}],"collection":[{"href":"https:\/\/olemosaic.com\/fr\/wp-json\/wp\/v2\/product"}],"about":[{"href":"https:\/\/olemosaic.com\/fr\/wp-json\/wp\/v2\/types\/product"}],"wp:featuredmedia":[{"embeddable":true,"href":"https:\/\/olemosaic.com\/fr\/wp-json\/wp\/v2\/media\/10644"}],"wp:attachment":[{"href":"https:\/\/olemosaic.com\/fr\/wp-json\/wp\/v2\/media?parent=36797"}],"wp:term":[{"taxonomy":"product_brand","embeddable":true,"href":"https:\/\/olemosaic.com\/fr\/wp-json\/wp\/v2\/product_brand?post=36797"},{"taxonomy":"product_cat","embeddable":true,"href":"https:\/\/olemosaic.com\/fr\/wp-json\/wp\/v2\/product_cat?post=36797"},{"taxonomy":"product_tag","embeddable":true,"href":"https:\/\/olemosaic.com\/fr\/wp-json\/wp\/v2\/product_tag?post=36797"}],"curies":[{"name":"wp","href":"https:\/\/api.w.org\/{rel}","templated":true}]}}