{"id":36796,"date":"2025-02-20T23:31:09","date_gmt":"2025-02-20T22:31:09","guid":{"rendered":"http:\/\/olemosaic.com\/producto\/bol-de-coco-rojo-delfin-3\/"},"modified":"2025-07-25T19:32:52","modified_gmt":"2025-07-25T17:32:52","slug":"bol-noix-de-coco-rouge-dauphin-3","status":"publish","type":"product","link":"https:\/\/olemosaic.com\/fr\/produit\/bol-noix-de-coco-rouge-dauphin-3\/","title":{"rendered":"Bol en noix de coco rouge. Dauphin. Fond noir."},"content":{"rendered":"<p>Ce bol en noix de coco rouge, d\u00e9cor\u00e9 d&rsquo;une charmante repr\u00e9sentation de deux dauphins, est un excellent souvenir qui capture l&rsquo;essence du folklore c\u00f4tier. Son design se distingue par un fond noir percutant d&rsquo;o\u00f9 \u00e9mergent les dauphins, peints dans un ton rouge vibrant avec un style artistique. Cette pi\u00e8ce unique est \u00e9galement orn\u00e9e de petits c\u0153urs rouges qui ajoutent une touche cr\u00e9ative et vibrante, insufflant au bol une \u00e9nergie festive et joyeuse.<\/p>\n<p>Le bol ne remplit pas seulement une fonction d\u00e9corative, il peut \u00e9galement \u00eatre utilis\u00e9 de mani\u00e8re fonctionnelle, comme un r\u00e9cipient attrayant pour les aliments ou comme \u00e9l\u00e9ment d\u00e9coratif dans n&rsquo;importe quel espace de la maison. La repr\u00e9sentation des dauphins, cr\u00e9atures marines symbolisant la joie et la libert\u00e9 dans la culture c\u00f4ti\u00e8re, relie cet objet \u00e0 la riche tradition maritime des r\u00e9gions espagnoles et portugaises, o\u00f9 la mer est source de vie et de l\u00e9gendes depuis des temps imm\u00e9moriaux.<\/p>\n<p>Chez Ol\u00e9 Mosaic, nous nous sp\u00e9cialisons dans la distribution de souvenirs authentiques en gros, et ce bol en noix de coco rouge est un exemple de l&rsquo;art traditionnel que les touristes cherchent \u00e0 emporter en souvenir. Ce produit est une option id\u00e9ale pour les boutiques de cadeaux touristiques, offrant aux clients un morceau de mer sous la forme d&rsquo;une pi\u00e8ce qui c\u00e9l\u00e8bre le patrimoine culturel de la c\u00f4te. Optez pour ce bol aux dauphins pour enrichir votre offre de souvenirs et capter l&rsquo;attention de ceux qui souhaitent ramener chez eux un souvenir significatif.<\/p>\n","protected":false},"excerpt":{"rendered":"<p>Bol en noix de coco rouge d\u00e9cor\u00e9 de deux dauphins, id\u00e9al comme \u00e9l\u00e9ment d\u00e9coratif ou fonctionnel. Cette pi\u00e8ce unique pr\u00e9sente un fond noir avec des d\u00e9tails en rouge brillant, faisant ressortir les dauphins de style artistique. La surface du bol est orn\u00e9e de petits c\u0153urs rouges, ajoutant une touche vibrante et artistique. Ce bol \u00e9voque la mer et est parfait pour apporter un morceau du folklore c\u00f4tier dans votre maison.<\/p>\n","protected":false},"featured_media":10180,"template":"","meta":{"_acf_changed":false},"product_brand":[],"product_cat":[521],"product_tag":[530],"class_list":{"0":"post-36796","1":"product","2":"type-product","3":"status-publish","4":"has-post-thumbnail","6":"product_cat-bols","7":"product_tag-animaux","8":"pa_motivo-dauphins","10":"first","11":"instock","12":"shipping-taxable","13":"product-type-simple"},"acf":[],"_links":{"self":[{"href":"https:\/\/olemosaic.com\/fr\/wp-json\/wp\/v2\/product\/36796","targetHints":{"allow":["GET"]}}],"collection":[{"href":"https:\/\/olemosaic.com\/fr\/wp-json\/wp\/v2\/product"}],"about":[{"href":"https:\/\/olemosaic.com\/fr\/wp-json\/wp\/v2\/types\/product"}],"wp:featuredmedia":[{"embeddable":true,"href":"https:\/\/olemosaic.com\/fr\/wp-json\/wp\/v2\/media\/10180"}],"wp:attachment":[{"href":"https:\/\/olemosaic.com\/fr\/wp-json\/wp\/v2\/media?parent=36796"}],"wp:term":[{"taxonomy":"product_brand","embeddable":true,"href":"https:\/\/olemosaic.com\/fr\/wp-json\/wp\/v2\/product_brand?post=36796"},{"taxonomy":"product_cat","embeddable":true,"href":"https:\/\/olemosaic.com\/fr\/wp-json\/wp\/v2\/product_cat?post=36796"},{"taxonomy":"product_tag","embeddable":true,"href":"https:\/\/olemosaic.com\/fr\/wp-json\/wp\/v2\/product_tag?post=36796"}],"curies":[{"name":"wp","href":"https:\/\/api.w.org\/{rel}","templated":true}]}}