{"id":36795,"date":"2025-02-20T23:31:09","date_gmt":"2025-02-20T22:31:09","guid":{"rendered":"http:\/\/olemosaic.com\/producto\/bol-de-coco-rojo-concha-camino-de-santiago-2\/"},"modified":"2025-07-25T18:45:04","modified_gmt":"2025-07-25T16:45:04","slug":"bol-noix-de-coco-rouge-coquille-chemin-saint-jacques-2","status":"publish","type":"product","link":"https:\/\/olemosaic.com\/fr\/produit\/bol-noix-de-coco-rouge-coquille-chemin-saint-jacques-2\/","title":{"rendered":"Bol en noix de coco rouge. Coquille. Chemin de Saint-Jacques."},"content":{"rendered":"<p>Ce bol en noix de coco rouge, d\u00e9cor\u00e9 d&rsquo;un motif exclusif de coquilles, est un v\u00e9ritable bijou inspir\u00e9 du c\u00e9l\u00e8bre Chemin de Saint-Jacques. Avec une finition brillante qui rehausse son attrait, cet objet se caract\u00e9rise par ses d\u00e9licates coquilles dans des tons rouges dispers\u00e9es sur un fond blanc, apportant une fra\u00eecheur unique au design. Au centre du bol se trouve le symbole embl\u00e9matique du Chemin de Saint-Jacques, mis en valeur dans une \u00e9l\u00e9gante couleur cuivre, qui ajoute une touche de distinction et d&rsquo;authenticit\u00e9 \u00e0 la pi\u00e8ce.<\/p>\n<p>Ce bol allie fonctionnalit\u00e9 et esth\u00e9tique, \u00e9tant id\u00e9al non seulement comme objet d\u00e9coratif, maar aussi pour un usage pratique \u00e0 la maison. Sa polyvalence en fait une excellente option pour exposer des \u00e9l\u00e9ments dans la cuisine ou simplement comme pi\u00e8ce d&rsquo;exposition dans n&rsquo;importe quel coin. Le Chemin de Saint-Jacques, connu pour \u00eatre une route de p\u00e8lerinage embl\u00e9matique, offre ainsi un contexte culturel enrichissant, faisant de ce bol un souvenir repr\u00e9sentatif de la spiritualit\u00e9 et de l&rsquo;art qui impr\u00e8gnent cette route mill\u00e9naire.<\/p>\n<p>Chez Ol\u00e9 Mosaic, en tant que grossistes de souvenirs, nous proposons ce bol en noix de coco comme une option parfaite pour les boutiques recherchant des produits authentiques et significatifs. Que ce soit comme cadeau pour les touristes ou comme \u00e9l\u00e9ment d\u00e9coratif dans la maison, ce bol en noix de coco rouge est un souvenir unique qui c\u00e9l\u00e8bre la richesse culturelle de la Galice et du Chemin de Saint-Jacques.<\/p>\n","protected":false},"excerpt":{"rendered":"<p>Bol en noix de coco rouge d\u00e9cor\u00e9 de coquilles, inspir\u00e9 du Chemin de Saint-Jacques. Cet article singulier pr\u00e9sente un design tr\u00e8s sp\u00e9cial, avec une finition brillante et un motif de coquilles rouges sur fond blanc. Au centre, l&#8217;embl\u00e8me du Chemin de Saint-Jacques se distingue, mis en valeur en couleur cuivre, ajoutant une touche \u00e9l\u00e9gante. Parfait comme objet d\u00e9coratif ou pour un usage pratique, ce bol allie art et tradition dans une pi\u00e8ce unique.<\/p>\n","protected":false},"featured_media":11942,"template":"","meta":{"_acf_changed":false},"product_brand":[],"product_cat":[521],"product_tag":[],"class_list":{"0":"post-36795","1":"product","2":"type-product","3":"status-publish","4":"has-post-thumbnail","6":"product_cat-bols","7":"pa_ciudad-santiago-de-compostela","8":"pa_motivo-coquillages","9":"pa_pais-espana","11":"first","12":"instock","13":"shipping-taxable","14":"product-type-simple"},"acf":[],"_links":{"self":[{"href":"https:\/\/olemosaic.com\/fr\/wp-json\/wp\/v2\/product\/36795","targetHints":{"allow":["GET"]}}],"collection":[{"href":"https:\/\/olemosaic.com\/fr\/wp-json\/wp\/v2\/product"}],"about":[{"href":"https:\/\/olemosaic.com\/fr\/wp-json\/wp\/v2\/types\/product"}],"wp:featuredmedia":[{"embeddable":true,"href":"https:\/\/olemosaic.com\/fr\/wp-json\/wp\/v2\/media\/11942"}],"wp:attachment":[{"href":"https:\/\/olemosaic.com\/fr\/wp-json\/wp\/v2\/media?parent=36795"}],"wp:term":[{"taxonomy":"product_brand","embeddable":true,"href":"https:\/\/olemosaic.com\/fr\/wp-json\/wp\/v2\/product_brand?post=36795"},{"taxonomy":"product_cat","embeddable":true,"href":"https:\/\/olemosaic.com\/fr\/wp-json\/wp\/v2\/product_cat?post=36795"},{"taxonomy":"product_tag","embeddable":true,"href":"https:\/\/olemosaic.com\/fr\/wp-json\/wp\/v2\/product_tag?post=36795"}],"curies":[{"name":"wp","href":"https:\/\/api.w.org\/{rel}","templated":true}]}}