{"id":36794,"date":"2025-02-20T23:31:09","date_gmt":"2025-02-20T22:31:09","guid":{"rendered":"http:\/\/olemosaic.com\/producto\/bol-de-coco-rojo-caballito-de-mar-gran-canaria-2\/"},"modified":"2025-07-25T19:19:06","modified_gmt":"2025-07-25T17:19:06","slug":"bol-noix-de-coco-rouge-hippocampe-grande-canarie-2","status":"publish","type":"product","link":"https:\/\/olemosaic.com\/fr\/produit\/bol-noix-de-coco-rouge-hippocampe-grande-canarie-2\/","title":{"rendered":"Bol en noix de coco rouge. Hippocampe. \u00cele. Grande Canarie."},"content":{"rendered":"<p>Ce bol en noix de coco rouge, orn\u00e9 d&rsquo;un \u00e9l\u00e9gant hippocampe, est un charmant souvenir qui capture l&rsquo;essence des magnifiques plages de Grande Canarie. Fabriqu\u00e9 de mani\u00e8re artisanale, le bol pr\u00e9sente un design vibrant peint \u00e0 la main qui combine des tons rouges et dor\u00e9s riches sur une texture unique, \u00e9voquant l&rsquo;\u00e9clat du soleil canarien. L&rsquo;hippocampe, symbole de la vie marine de l&rsquo;archipel, se d\u00e9tache au centre avec des d\u00e9tails \u00e9tincelants qui en font le point focal de la pi\u00e8ce, tandis que la base inclut le texte \u00ab\u00a0Gran Canaria\u00a0\u00bb, ajoutant une touche repr\u00e9sentative de cette merveilleuse r\u00e9gion.<\/p>\n<p>Ce bol n&rsquo;est pas seulement une pi\u00e8ce d\u00e9corative, mais aussi un accessoire fonctionnel qui peut s&rsquo;harmoniser avec n&rsquo;importe quelle ambiance, que ce soit comme centre de table ou comme r\u00e9cipient pour ranger de petits objets. Son design polyvalent et attrayant le rend id\u00e9al pour ceux qui recherchent des souvenirs authentiques lors de leurs voyages. Chez Ol\u00e9 Mosaic, nous distribuons ce bol en noix de coco rouge en gros, l&rsquo;offrant comme une excellente option pour les boutiques de cadeaux touristiques souhaitant proposer des produits c\u00e9l\u00e9brant la riche culture et la biodiversit\u00e9 de Grande Canarie. Ce souvenir est, sans aucun doute, un objet repr\u00e9sentatif qui connecte les touristes \u00e0 la beaut\u00e9 de la destination.<\/p>\n","protected":false},"excerpt":{"rendered":"<p>Bol en noix de coco rouge, d\u00e9cor\u00e9 d&rsquo;un \u00e9l\u00e9gant hippocampe, inspir\u00e9 par la beaut\u00e9 de Grande Canarie. Ce souvenir attrayant est fabriqu\u00e9 artisanalement, avec un design peint \u00e0 la main combinant des tons rouges et dor\u00e9s sur une texture unique. L&rsquo;hippocampe, symbole de la vie marine, se distingue par ses d\u00e9tails brillants, tandis que la base du bol inclut l&rsquo;inscription \u00ab\u00a0Gran Canaria\u00a0\u00bb, ajoutant une touche repr\u00e9sentative de la r\u00e9gion. Id\u00e9al comme pi\u00e8ce d\u00e9corative ou accessoire fonctionnel.<\/p>\n","protected":false},"featured_media":10136,"template":"","meta":{"_acf_changed":false},"product_brand":[],"product_cat":[521],"product_tag":[530],"class_list":{"0":"post-36794","1":"product","2":"type-product","3":"status-publish","4":"has-post-thumbnail","6":"product_cat-bols","7":"product_tag-animaux","8":"pa_ciudad-gran-canaria","9":"pa_motivo-hippocampes","10":"pa_pais-espana","12":"first","13":"instock","14":"shipping-taxable","15":"product-type-simple"},"acf":[],"_links":{"self":[{"href":"https:\/\/olemosaic.com\/fr\/wp-json\/wp\/v2\/product\/36794","targetHints":{"allow":["GET"]}}],"collection":[{"href":"https:\/\/olemosaic.com\/fr\/wp-json\/wp\/v2\/product"}],"about":[{"href":"https:\/\/olemosaic.com\/fr\/wp-json\/wp\/v2\/types\/product"}],"wp:featuredmedia":[{"embeddable":true,"href":"https:\/\/olemosaic.com\/fr\/wp-json\/wp\/v2\/media\/10136"}],"wp:attachment":[{"href":"https:\/\/olemosaic.com\/fr\/wp-json\/wp\/v2\/media?parent=36794"}],"wp:term":[{"taxonomy":"product_brand","embeddable":true,"href":"https:\/\/olemosaic.com\/fr\/wp-json\/wp\/v2\/product_brand?post=36794"},{"taxonomy":"product_cat","embeddable":true,"href":"https:\/\/olemosaic.com\/fr\/wp-json\/wp\/v2\/product_cat?post=36794"},{"taxonomy":"product_tag","embeddable":true,"href":"https:\/\/olemosaic.com\/fr\/wp-json\/wp\/v2\/product_tag?post=36794"}],"curies":[{"name":"wp","href":"https:\/\/api.w.org\/{rel}","templated":true}]}}