{"id":36793,"date":"2025-02-20T23:31:09","date_gmt":"2025-02-20T22:31:09","guid":{"rendered":"http:\/\/olemosaic.com\/producto\/bol-de-coco-rojo-delfin-mallorca-4\/"},"modified":"2025-07-25T20:34:29","modified_gmt":"2025-07-25T18:34:29","slug":"bol-noix-de-coco-rouge-dauphin-majorque-4","status":"publish","type":"product","link":"https:\/\/olemosaic.com\/fr\/produit\/bol-noix-de-coco-rouge-dauphin-majorque-4\/","title":{"rendered":"Bol en noix de coco rouge. Dauphin. Majorque. Fond rouge."},"content":{"rendered":"<p>Ce bol en noix de coco rouge, orn\u00e9 d&rsquo;un dauphin, est une v\u00e9ritable pi\u00e8ce artisanale qui capture l&rsquo;essence de l&rsquo;\u00eele ensoleill\u00e9e de Majorque. Avec un fond rouge vibrant symbolisant l&rsquo;\u00e9nergie de la M\u00e9diterran\u00e9e, le design se distingue par la pr\u00e9sence centrale d&rsquo;un dauphin, symbole de la richesse marine et des eaux cristallines qui entourent cette \u00eele magnifique. L&rsquo;environnement du dauphin est orn\u00e9 de petits c\u0153urs dans des tons plus sombres, qui apportent une touche de joie et de chaleur \u00e0 la pi\u00e8ce, faisant de ce bol un objet \u00e0 la fois fonctionnel et visuellement attrayant.<\/p>\n<p>L&rsquo;inscription \u00ab\u00a0MALLORCA\u00a0\u00bb dans la partie inf\u00e9rieure renforce le lien culturel avec l&rsquo;\u00eele, en faisant un souvenir repr\u00e9sentatif du s\u00e9jour dans cette destination touristique embl\u00e9matique. Ce bol est id\u00e9al pour ceux qui recherchent des souvenirs authentiques et uniques refl\u00e9tant la beaut\u00e9 et le charme de Majorque. De plus, son design polyvalent permet de l&rsquo;utiliser comme \u00e9l\u00e9ment d\u00e9coratif dans n&rsquo;importe quel espace, apportant une touche m\u00e9diterran\u00e9enne \u00e0 la d\u00e9coration int\u00e9rieure.<\/p>\n<p>Chez Ol\u00e9 Mosaic, nous sommes fiers de proposer des souvenirs artisanaux en gros, et ce bol en noix de coco rouge est une excellente option pour les boutiques de cadeaux touristiques souhaitant offrir \u00e0 leurs clients un \u00e9chantillon de la culture majorquine. Consid\u00e9rez ce bol comme une option id\u00e9ale pour ceux qui recherchent des souvenirs de Majorque, garantissant authenticit\u00e9 et design attrayant dans chaque pi\u00e8ce.<\/p>\n","protected":false},"excerpt":{"rendered":"<p>Bol en noix de coco rouge d\u00e9cor\u00e9 d&rsquo;un dauphin, symbole de l&rsquo;\u00eele ensoleill\u00e9e de Majorque. Ce bol attrayant, de fabrication artisanale, pr\u00e9sente un design vibrant avec un fond rouge et un dauphin au centre. Autour, de petits c\u0153urs dans des tons plus sombres ajoutent une touche joyeuse. L&rsquo;inscription \u00ab\u00a0MALLORCA\u00a0\u00bb \u00e9voque le charme m\u00e9diterran\u00e9en, id\u00e9al comme souvenir ou pour d\u00e9corer n&rsquo;importe quel espace.<\/p>\n","protected":false},"featured_media":10256,"template":"","meta":{"_acf_changed":false},"product_brand":[],"product_cat":[521],"product_tag":[530],"class_list":{"0":"post-36793","1":"product","2":"type-product","3":"status-publish","4":"has-post-thumbnail","6":"product_cat-bols","7":"product_tag-animaux","8":"pa_ciudad-mallorca","9":"pa_motivo-dauphins","10":"pa_pais-espana","12":"first","13":"instock","14":"shipping-taxable","15":"product-type-simple"},"acf":[],"_links":{"self":[{"href":"https:\/\/olemosaic.com\/fr\/wp-json\/wp\/v2\/product\/36793","targetHints":{"allow":["GET"]}}],"collection":[{"href":"https:\/\/olemosaic.com\/fr\/wp-json\/wp\/v2\/product"}],"about":[{"href":"https:\/\/olemosaic.com\/fr\/wp-json\/wp\/v2\/types\/product"}],"wp:featuredmedia":[{"embeddable":true,"href":"https:\/\/olemosaic.com\/fr\/wp-json\/wp\/v2\/media\/10256"}],"wp:attachment":[{"href":"https:\/\/olemosaic.com\/fr\/wp-json\/wp\/v2\/media?parent=36793"}],"wp:term":[{"taxonomy":"product_brand","embeddable":true,"href":"https:\/\/olemosaic.com\/fr\/wp-json\/wp\/v2\/product_brand?post=36793"},{"taxonomy":"product_cat","embeddable":true,"href":"https:\/\/olemosaic.com\/fr\/wp-json\/wp\/v2\/product_cat?post=36793"},{"taxonomy":"product_tag","embeddable":true,"href":"https:\/\/olemosaic.com\/fr\/wp-json\/wp\/v2\/product_tag?post=36793"}],"curies":[{"name":"wp","href":"https:\/\/api.w.org\/{rel}","templated":true}]}}